{"id":22682,"date":"2025-10-06T21:09:15","date_gmt":"2025-10-06T20:09:15","guid":{"rendered":"https:\/\/tremunpiercing.com\/?post_type=product&#038;p=22682"},"modified":"2026-04-15T20:44:04","modified_gmt":"2026-04-15T19:44:04","slug":"kitty-white-cz","status":"publish","type":"product","link":"https:\/\/tremunpiercing.com\/pl\/product\/kitty-white-cz\/","title":{"rendered":"Kitty - Bia\u0142a CZ"},"content":{"rendered":"<p data-start=\"5206\" data-end=\"5775\">Klasyczny i ponadczasowy <em data-start=\"5251\" data-end=\"5269\">Kitty White CZ<\/em> to pozycja obowi\u0105zkowa dla profesjonalist\u00f3w zajmuj\u0105cych si\u0119 piercingiem. Wykonany z <strong data-start=\"5323\" data-end=\"5355\">Tytan do implant\u00f3w F-136<\/strong>, Ta wewn\u0119trznie gwintowana bi\u017cuteria zapewnia bezpiecze\u0144stwo, trwa\u0142o\u015b\u0107 i po\u0142ysk. Wspania\u0142e bia\u0142e cyrkonie sze\u015bcienne dodaj\u0105 elegancji odpowiedniej do ka\u017cdego piercingu - czy to ucha, nosa, czy chrz\u0105stki. Minimalistyczny design i lustrzany po\u0142ysk sprawiaj\u0105, \u017ce jest to wszechstronny faworyt dla klient\u00f3w, kt\u00f3rzy kochaj\u0105 proste wyrafinowanie. Idealny dla studi\u00f3w, kt\u00f3re priorytetowo traktuj\u0105 jako\u015b\u0107 i komfort, ten element uosabia czysto\u015b\u0107 i precyzj\u0119.<\/p>\n<p data-start=\"5777\" data-end=\"5961\">","protected":false},"excerpt":{"rendered":"<ul>\n<li>Gwint wewn\u0119trzny<\/li>\n<li>Materia\u0142: Tytan F-136 do implant\u00f3w<\/li>\n<li>Grubo\u015b\u0107: 16G<\/li>\n<li>Klejnot: Cyrkonia sze\u015bcienna<\/li>\n<li>Rozmiar: 3,3 mm x 5,7 mm<\/li>\n<\/ul>","protected":false},"featured_media":23017,"comment_status":"closed","ping_status":"closed","template":"","meta":{"_acf_changed":false},"product_brand":[],"product_cat":[340,343],"product_tag":[187,179,180,188,209,189,210,211,212,199,190,183,213,184,214,185,207],"class_list":{"0":"post-22682","1":"product","2":"type-product","3":"status-publish","4":"has-post-thumbnail","6":"product_cat-titanium-jewelry","7":"product_cat-tops-titanium-jewelry","8":"product_tag-conch","9":"product_tag-cristal","10":"product_tag-cz","11":"product_tag-ear","12":"product_tag-faux-rook","13":"product_tag-helix","14":"product_tag-labret","15":"product_tag-lip","16":"product_tag-medusa","17":"product_tag-nostril","18":"product_tag-oreja","19":"product_tag-perforacion","20":"product_tag-philtrum","21":"product_tag-piercing","22":"product_tag-rook","23":"product_tag-shiny","24":"product_tag-tragus","26":"first","27":"instock","28":"taxable","29":"shipping-taxable","30":"purchasable","31":"product-type-simple"},"acf":[],"gallery_images":[27269,27270],"_links":{"self":[{"href":"https:\/\/tremunpiercing.com\/pl\/wp-json\/wp\/v2\/product\/22682","targetHints":{"allow":["GET"]}}],"collection":[{"href":"https:\/\/tremunpiercing.com\/pl\/wp-json\/wp\/v2\/product"}],"about":[{"href":"https:\/\/tremunpiercing.com\/pl\/wp-json\/wp\/v2\/types\/product"}],"replies":[{"embeddable":true,"href":"https:\/\/tremunpiercing.com\/pl\/wp-json\/wp\/v2\/comments?post=22682"}],"version-history":[{"count":1,"href":"https:\/\/tremunpiercing.com\/pl\/wp-json\/wp\/v2\/product\/22682\/revisions"}],"predecessor-version":[{"id":27271,"href":"https:\/\/tremunpiercing.com\/pl\/wp-json\/wp\/v2\/product\/22682\/revisions\/27271"}],"wp:featuredmedia":[{"embeddable":true,"href":"https:\/\/tremunpiercing.com\/pl\/wp-json\/wp\/v2\/media\/23017"}],"wp:attachment":[{"href":"https:\/\/tremunpiercing.com\/pl\/wp-json\/wp\/v2\/media?parent=22682"}],"wp:term":[{"taxonomy":"product_brand","embeddable":true,"href":"https:\/\/tremunpiercing.com\/pl\/wp-json\/wp\/v2\/product_brand?post=22682"},{"taxonomy":"product_cat","embeddable":true,"href":"https:\/\/tremunpiercing.com\/pl\/wp-json\/wp\/v2\/product_cat?post=22682"},{"taxonomy":"product_tag","embeddable":true,"href":"https:\/\/tremunpiercing.com\/pl\/wp-json\/wp\/v2\/product_tag?post=22682"}],"curies":[{"name":"wp","href":"https:\/\/api.w.org\/{rel}","templated":true}]}}