{"id":22690,"date":"2025-10-06T21:14:59","date_gmt":"2025-10-06T20:14:59","guid":{"rendered":"https:\/\/tremunpiercing.com\/?post_type=product&#038;p=22690"},"modified":"2026-03-31T20:02:52","modified_gmt":"2026-03-31T19:02:52","slug":"kitty-emerald-cz","status":"publish","type":"product","link":"https:\/\/tremunpiercing.com\/pl\/product\/kitty-emerald-cz\/","title":{"rendered":"Kitty - Szmaragdowa CZ"},"content":{"rendered":"<p>Kitty Emerald CZ oferuje wyj\u0105tkowy blask i najwy\u017csz\u0105 jako\u015b\u0107 wykonania. Wykonany z tytanu klasy implantologicznej F-136, jest wewn\u0119trznie gwintowany dla \u0142atwego i bezpiecznego monta\u017cu. Osza\u0142amiaj\u0105ca szmaragdowozielona cyrkonia sze\u015bcienna zapewnia \u017cywy, wibruj\u0105cy po\u0142ysk, dzi\u0119ki czemu jest idealn\u0105 opcj\u0105 do przek\u0142uwania uszu, spirali lub nozdrzy.<\/p>\n<p>Kitty zosta\u0142 zaprojektowany do u\u017cytku studyjnego, aby uchwyci\u0107 blask i po\u0142ysk, a poniewa\u017c mo\u017cna go sterylizowa\u0107 wielokrotnie, Ty i Twoi klienci b\u0119dziecie pewni jego niezawodno\u015bci. Kitty jest idealna dla studi\u00f3w, kt\u00f3re chc\u0105 zaoferowa\u0107 swoim klientom wysokiej jako\u015bci opcje, kt\u00f3re s\u0105 r\u00f3wnie\u017c niezawodne, charakteryzuj\u0105ce si\u0119 pi\u0119knem kamieni szlachetnych i niezawodno\u015bci\u0105 tytanu.<\/p>","protected":false},"excerpt":{"rendered":"<ul>\n<li>Gwint wewn\u0119trzny<\/li>\n<li>Materia\u0142: Tytan F-136 do implant\u00f3w<\/li>\n<li>Grubo\u015b\u0107: 16G<\/li>\n<li>Klejnot: Cyrkonia sze\u015bcienna<\/li>\n<li>Rozmiar: 3,3 mm x 5,7 mm<\/li>\n<\/ul>","protected":false},"featured_media":23019,"comment_status":"closed","ping_status":"closed","template":"","meta":{"_acf_changed":false},"product_brand":[],"product_cat":[340,343],"product_tag":[187,179,180,188,209,189,210,211,212,199,190,183,213,184,214,185,207],"class_list":{"0":"post-22690","1":"product","2":"type-product","3":"status-publish","4":"has-post-thumbnail","6":"product_cat-titanium-jewelry","7":"product_cat-tops-titanium-jewelry","8":"product_tag-conch","9":"product_tag-cristal","10":"product_tag-cz","11":"product_tag-ear","12":"product_tag-faux-rook","13":"product_tag-helix","14":"product_tag-labret","15":"product_tag-lip","16":"product_tag-medusa","17":"product_tag-nostril","18":"product_tag-oreja","19":"product_tag-perforacion","20":"product_tag-philtrum","21":"product_tag-piercing","22":"product_tag-rook","23":"product_tag-shiny","24":"product_tag-tragus","26":"first","27":"instock","28":"taxable","29":"shipping-taxable","30":"purchasable","31":"product-type-simple"},"acf":[],"gallery_images":[27261,27260],"_links":{"self":[{"href":"https:\/\/tremunpiercing.com\/pl\/wp-json\/wp\/v2\/product\/22690","targetHints":{"allow":["GET"]}}],"collection":[{"href":"https:\/\/tremunpiercing.com\/pl\/wp-json\/wp\/v2\/product"}],"about":[{"href":"https:\/\/tremunpiercing.com\/pl\/wp-json\/wp\/v2\/types\/product"}],"replies":[{"embeddable":true,"href":"https:\/\/tremunpiercing.com\/pl\/wp-json\/wp\/v2\/comments?post=22690"}],"version-history":[{"count":1,"href":"https:\/\/tremunpiercing.com\/pl\/wp-json\/wp\/v2\/product\/22690\/revisions"}],"predecessor-version":[{"id":27262,"href":"https:\/\/tremunpiercing.com\/pl\/wp-json\/wp\/v2\/product\/22690\/revisions\/27262"}],"wp:featuredmedia":[{"embeddable":true,"href":"https:\/\/tremunpiercing.com\/pl\/wp-json\/wp\/v2\/media\/23019"}],"wp:attachment":[{"href":"https:\/\/tremunpiercing.com\/pl\/wp-json\/wp\/v2\/media?parent=22690"}],"wp:term":[{"taxonomy":"product_brand","embeddable":true,"href":"https:\/\/tremunpiercing.com\/pl\/wp-json\/wp\/v2\/product_brand?post=22690"},{"taxonomy":"product_cat","embeddable":true,"href":"https:\/\/tremunpiercing.com\/pl\/wp-json\/wp\/v2\/product_cat?post=22690"},{"taxonomy":"product_tag","embeddable":true,"href":"https:\/\/tremunpiercing.com\/pl\/wp-json\/wp\/v2\/product_tag?post=22690"}],"curies":[{"name":"wp","href":"https:\/\/api.w.org\/{rel}","templated":true}]}}