{"id":22698,"date":"2025-10-06T21:22:13","date_gmt":"2025-10-06T20:22:13","guid":{"rendered":"https:\/\/tremunpiercing.com\/?post_type=product&#038;p=22698"},"modified":"2026-04-15T15:30:27","modified_gmt":"2026-04-15T14:30:27","slug":"stacy-green-onyx","status":"publish","type":"product","link":"https:\/\/tremunpiercing.com\/pl\/product\/stacy-green-onyx\/","title":{"rendered":"Stacy - Green Onyx"},"content":{"rendered":"<p>Stacy Green Onyx to efektowny ciemnozielony kamie\u0144 oprawiony w wysokiej jako\u015bci tytan F-136 klasy Implant, estetyczny i bezpieczny dla profesjonalnych kolczyk\u00f3w. Wewn\u0119trznie gwintowana bi\u017cuteria spe\u0142nia potrzeb\u0119 bezpiecznego i g\u0142adkiego dopasowania, idealnego dla zagojonych kolczyk\u00f3w i os\u00f3b o wra\u017cliwej sk\u00f3rze.<\/p>\n<p>Bogaty zielony onyks zapewni eleganck\u0105, uziemiaj\u0105c\u0105 energi\u0119 - szczeg\u00f3lnie atrakcyjn\u0105 dla klient\u00f3w, kt\u00f3rych przyci\u0105gaj\u0105 naturalne odcienie i bardziej ziemiste style. Stworzony do d\u0142ugotrwa\u0142ego noszenia, jest idealny do przek\u0142uwania nosa, uszu lub chrz\u0105stek. Stworzony dla wszystkich studi\u00f3w piercingu i profesjonalist\u00f3w, luksus \u0142\u0105czy si\u0119 z trwa\u0142o\u015bci\u0105.<\/p>","protected":false},"excerpt":{"rendered":"<ul>\n<li>Gwint wewn\u0119trzny<\/li>\n<li>Materia\u0142: Tytan F-136 do implant\u00f3w<\/li>\n<li>Grubo\u015b\u0107: 16G<\/li>\n<li>Gem: <span data-sheets-root=\"1\">Zielony Onyks<\/span><\/li>\n<li>Rozmiar: 3,1 mm x 5,4 mm<\/li>\n<\/ul>","protected":false},"featured_media":23027,"comment_status":"closed","ping_status":"closed","template":"","meta":{"_acf_changed":false},"product_brand":[],"product_cat":[340,343],"product_tag":[187,179,180,188,209,189,210,211,212,199,190,183,213,184,214,185,207],"class_list":{"0":"post-22698","1":"product","2":"type-product","3":"status-publish","4":"has-post-thumbnail","6":"product_cat-titanium-jewelry","7":"product_cat-tops-titanium-jewelry","8":"product_tag-conch","9":"product_tag-cristal","10":"product_tag-cz","11":"product_tag-ear","12":"product_tag-faux-rook","13":"product_tag-helix","14":"product_tag-labret","15":"product_tag-lip","16":"product_tag-medusa","17":"product_tag-nostril","18":"product_tag-oreja","19":"product_tag-perforacion","20":"product_tag-philtrum","21":"product_tag-piercing","22":"product_tag-rook","23":"product_tag-shiny","24":"product_tag-tragus","26":"first","27":"instock","28":"taxable","29":"shipping-taxable","30":"purchasable","31":"product-type-simple"},"acf":[],"gallery_images":[27252,27251],"_links":{"self":[{"href":"https:\/\/tremunpiercing.com\/pl\/wp-json\/wp\/v2\/product\/22698","targetHints":{"allow":["GET"]}}],"collection":[{"href":"https:\/\/tremunpiercing.com\/pl\/wp-json\/wp\/v2\/product"}],"about":[{"href":"https:\/\/tremunpiercing.com\/pl\/wp-json\/wp\/v2\/types\/product"}],"replies":[{"embeddable":true,"href":"https:\/\/tremunpiercing.com\/pl\/wp-json\/wp\/v2\/comments?post=22698"}],"version-history":[{"count":1,"href":"https:\/\/tremunpiercing.com\/pl\/wp-json\/wp\/v2\/product\/22698\/revisions"}],"predecessor-version":[{"id":27253,"href":"https:\/\/tremunpiercing.com\/pl\/wp-json\/wp\/v2\/product\/22698\/revisions\/27253"}],"wp:featuredmedia":[{"embeddable":true,"href":"https:\/\/tremunpiercing.com\/pl\/wp-json\/wp\/v2\/media\/23027"}],"wp:attachment":[{"href":"https:\/\/tremunpiercing.com\/pl\/wp-json\/wp\/v2\/media?parent=22698"}],"wp:term":[{"taxonomy":"product_brand","embeddable":true,"href":"https:\/\/tremunpiercing.com\/pl\/wp-json\/wp\/v2\/product_brand?post=22698"},{"taxonomy":"product_cat","embeddable":true,"href":"https:\/\/tremunpiercing.com\/pl\/wp-json\/wp\/v2\/product_cat?post=22698"},{"taxonomy":"product_tag","embeddable":true,"href":"https:\/\/tremunpiercing.com\/pl\/wp-json\/wp\/v2\/product_tag?post=22698"}],"curies":[{"name":"wp","href":"https:\/\/api.w.org\/{rel}","templated":true}]}}