{"id":22704,"date":"2025-10-06T21:26:43","date_gmt":"2025-10-06T20:26:43","guid":{"rendered":"https:\/\/tremunpiercing.com\/?post_type=product&#038;p=22704"},"modified":"2026-04-02T21:18:51","modified_gmt":"2026-04-02T20:18:51","slug":"stacy-white-moonstone","status":"publish","type":"product","link":"https:\/\/tremunpiercing.com\/pl\/product\/stacy-white-moonstone\/","title":{"rendered":"Stacy - Bia\u0142y kamie\u0144 ksi\u0119\u017cycowy"},"content":{"rendered":"<p>Dodaj odrobin\u0119 niebia\u0144skiego pi\u0119kna dzi\u0119ki zawieszce Stacy - White Moonstone. Wyposa\u017cona w prawdziwy kaboszon z bia\u0142ego kamienia ksi\u0119\u017cycowego, ko\u0144c\u00f3wka Stacy jest osza\u0142amiaj\u0105ca z mi\u0119kk\u0105 mleczn\u0105 podstaw\u0105 i pi\u0119kn\u0105 niebiesk\u0105 po\u015bwiat\u0105, kt\u00f3ra wydaje si\u0119 \u015bwieci\u0107 z jej wn\u0119trza. Wykonana z tytanu klasy implantologicznej F136, posiada bezpieczny gwint wewn\u0119trzny 16G.<\/p>\n<p>Eteryczna i delikatna jako\u015b\u0107 sprawia, \u017ce jest to \u015bwietny wyb\u00f3r do zabieg\u00f3w anatomicznych, takich jak przek\u0142uwanie nozdrzy, gdzie mo\u017ce zaoferowa\u0107 subtelny po\u0142ysk, lub przek\u0142uwanie daith, gdzie jego mistyczna energia jest powszechnie doceniana. Dzi\u0119ki spokojnym i ksi\u0119\u017cycowym w\u0142a\u015bciwo\u015bciom kamienia, zawsze b\u0119dzie on ponadczasowy. Je\u015bli chcesz nada\u0107 swojemu studiu odrobin\u0119 dyskretnego, magicznego blasku, nie szukaj dalej ni\u017c Stacy - White Moonstone.<\/p>","protected":false},"excerpt":{"rendered":"<ul>\n<li>Gwint wewn\u0119trzny<\/li>\n<li>Materia\u0142: Tytan F-136 do implant\u00f3w<\/li>\n<li>Grubo\u015b\u0107: 16G<\/li>\n<li>Gem: <span data-sheets-root=\"1\">Bia\u0142y kamie\u0144 ksi\u0119\u017cycowy<\/span><\/li>\n<li>Rozmiar: 3,1 mm x 5,4 mm<\/li>\n<\/ul>","protected":false},"featured_media":23024,"comment_status":"closed","ping_status":"closed","template":"","meta":{"_acf_changed":false},"product_brand":[],"product_cat":[340,343],"product_tag":[187,179,180,188,209,189,210,211,212,199,190,183,213,184,214,185,207],"class_list":{"0":"post-22704","1":"product","2":"type-product","3":"status-publish","4":"has-post-thumbnail","6":"product_cat-titanium-jewelry","7":"product_cat-tops-titanium-jewelry","8":"product_tag-conch","9":"product_tag-cristal","10":"product_tag-cz","11":"product_tag-ear","12":"product_tag-faux-rook","13":"product_tag-helix","14":"product_tag-labret","15":"product_tag-lip","16":"product_tag-medusa","17":"product_tag-nostril","18":"product_tag-oreja","19":"product_tag-perforacion","20":"product_tag-philtrum","21":"product_tag-piercing","22":"product_tag-rook","23":"product_tag-shiny","24":"product_tag-tragus","26":"first","27":"instock","28":"taxable","29":"shipping-taxable","30":"purchasable","31":"product-type-simple"},"acf":[],"gallery_images":[27246,27245],"_links":{"self":[{"href":"https:\/\/tremunpiercing.com\/pl\/wp-json\/wp\/v2\/product\/22704","targetHints":{"allow":["GET"]}}],"collection":[{"href":"https:\/\/tremunpiercing.com\/pl\/wp-json\/wp\/v2\/product"}],"about":[{"href":"https:\/\/tremunpiercing.com\/pl\/wp-json\/wp\/v2\/types\/product"}],"replies":[{"embeddable":true,"href":"https:\/\/tremunpiercing.com\/pl\/wp-json\/wp\/v2\/comments?post=22704"}],"version-history":[{"count":1,"href":"https:\/\/tremunpiercing.com\/pl\/wp-json\/wp\/v2\/product\/22704\/revisions"}],"predecessor-version":[{"id":27247,"href":"https:\/\/tremunpiercing.com\/pl\/wp-json\/wp\/v2\/product\/22704\/revisions\/27247"}],"wp:featuredmedia":[{"embeddable":true,"href":"https:\/\/tremunpiercing.com\/pl\/wp-json\/wp\/v2\/media\/23024"}],"wp:attachment":[{"href":"https:\/\/tremunpiercing.com\/pl\/wp-json\/wp\/v2\/media?parent=22704"}],"wp:term":[{"taxonomy":"product_brand","embeddable":true,"href":"https:\/\/tremunpiercing.com\/pl\/wp-json\/wp\/v2\/product_brand?post=22704"},{"taxonomy":"product_cat","embeddable":true,"href":"https:\/\/tremunpiercing.com\/pl\/wp-json\/wp\/v2\/product_cat?post=22704"},{"taxonomy":"product_tag","embeddable":true,"href":"https:\/\/tremunpiercing.com\/pl\/wp-json\/wp\/v2\/product_tag?post=22704"}],"curies":[{"name":"wp","href":"https:\/\/api.w.org\/{rel}","templated":true}]}}