{"id":22730,"date":"2025-10-06T21:53:06","date_gmt":"2025-10-06T20:53:06","guid":{"rendered":"https:\/\/tremunpiercing.com\/?post_type=product&#038;p=22730"},"modified":"2026-04-18T22:16:27","modified_gmt":"2026-04-18T21:16:27","slug":"moon-scepter-ruby","status":"publish","type":"product","link":"https:\/\/tremunpiercing.com\/pl\/product\/moon-scepter-ruby\/","title":{"rendered":"Ksi\u0119\u017cycowe Ber\u0142o - Rubin"},"content":{"rendered":"<p>Wyr\u00f3\u017cnij si\u0119 dzi\u0119ki Moon Scepter-Ruby, przyci\u0105gaj\u0105cemu wzrok projektowi do unikalnych kolczyk\u00f3w do cia\u0142a. Zawiera wewn\u0119trznie gwintowan\u0105 sztang\u0119. Konstrukcja Moon Scepter wykonana jest z tytanu F136 klasy Implant-Grade z p\u00f3\u0142ksi\u0119\u017cycem, kt\u00f3ry chwyta skupisko czerwonych cyrkonii sze\u015bciennych - zar\u00f3wno bogatych w kolor, jak i efektownych.<\/p>\n<p>Ta przyci\u0105gaj\u0105ca wzrok sylwetka o wymiarach 6 mm x 15 mm zosta\u0142a stworzona z my\u015bl\u0105 o maksymalnej widoczno\u015bci. Ten element jest idealny do piercingu przemys\u0142owego, aby w pe\u0142ni wykorzysta\u0107 jego d\u0142ugo\u015b\u0107, lub b\u0119dzie wyr\u00f3\u017cnia\u0142 si\u0119 jako element brwi. Bogaty rubin CZ o\u017cywa, przechwytuj\u0105c \u015bwiat\u0142o pod ka\u017cdym k\u0105tem. Zaopatrz si\u0119 w Moon Scepter i pozw\u00f3l swoim klientom zaprezentowa\u0107 odwa\u017cny i rozleg\u0142y wygl\u0105d, \u0142\u0105cz\u0105c fantazj\u0119 i profesjonaln\u0105 jako\u015b\u0107.<\/p>","protected":false},"excerpt":{"rendered":"<ul>\n<li>Gwint wewn\u0119trzny<\/li>\n<li>Materia\u0142: Tytan F-136 do implant\u00f3w<\/li>\n<li>Klejnot: Cyrkonia sze\u015bcienna<\/li>\n<li>Grubo\u015b\u0107: 16G<\/li>\n<li>Rozmiar: 6 mm x 15 mm<\/li>\n<\/ul>","protected":false},"featured_media":22731,"comment_status":"closed","ping_status":"closed","template":"","meta":{"_acf_changed":false},"product_brand":[],"product_cat":[340,343],"product_tag":[187,188,189,205,206,212,190,183,213,184,207],"class_list":{"0":"post-22730","1":"product","2":"type-product","3":"status-publish","4":"has-post-thumbnail","6":"product_cat-titanium-jewelry","7":"product_cat-tops-titanium-jewelry","8":"product_tag-conch","9":"product_tag-ear","10":"product_tag-helix","11":"product_tag-lobe","12":"product_tag-lobulo","13":"product_tag-medusa","14":"product_tag-oreja","15":"product_tag-perforacion","16":"product_tag-philtrum","17":"product_tag-piercing","18":"product_tag-tragus","20":"first","21":"instock","22":"taxable","23":"shipping-taxable","24":"purchasable","25":"product-type-simple"},"acf":[],"gallery_images":[27225,27224],"_links":{"self":[{"href":"https:\/\/tremunpiercing.com\/pl\/wp-json\/wp\/v2\/product\/22730","targetHints":{"allow":["GET"]}}],"collection":[{"href":"https:\/\/tremunpiercing.com\/pl\/wp-json\/wp\/v2\/product"}],"about":[{"href":"https:\/\/tremunpiercing.com\/pl\/wp-json\/wp\/v2\/types\/product"}],"replies":[{"embeddable":true,"href":"https:\/\/tremunpiercing.com\/pl\/wp-json\/wp\/v2\/comments?post=22730"}],"version-history":[{"count":1,"href":"https:\/\/tremunpiercing.com\/pl\/wp-json\/wp\/v2\/product\/22730\/revisions"}],"predecessor-version":[{"id":27226,"href":"https:\/\/tremunpiercing.com\/pl\/wp-json\/wp\/v2\/product\/22730\/revisions\/27226"}],"wp:featuredmedia":[{"embeddable":true,"href":"https:\/\/tremunpiercing.com\/pl\/wp-json\/wp\/v2\/media\/22731"}],"wp:attachment":[{"href":"https:\/\/tremunpiercing.com\/pl\/wp-json\/wp\/v2\/media?parent=22730"}],"wp:term":[{"taxonomy":"product_brand","embeddable":true,"href":"https:\/\/tremunpiercing.com\/pl\/wp-json\/wp\/v2\/product_brand?post=22730"},{"taxonomy":"product_cat","embeddable":true,"href":"https:\/\/tremunpiercing.com\/pl\/wp-json\/wp\/v2\/product_cat?post=22730"},{"taxonomy":"product_tag","embeddable":true,"href":"https:\/\/tremunpiercing.com\/pl\/wp-json\/wp\/v2\/product_tag?post=22730"}],"curies":[{"name":"wp","href":"https:\/\/api.w.org\/{rel}","templated":true}]}}