{"id":22744,"date":"2025-10-06T22:19:54","date_gmt":"2025-10-06T21:19:54","guid":{"rendered":"https:\/\/tremunpiercing.com\/?post_type=product&#038;p=22744"},"modified":"2026-04-20T17:28:09","modified_gmt":"2026-04-20T16:28:09","slug":"solitaire-moon","status":"publish","type":"product","link":"https:\/\/tremunpiercing.com\/pl\/product\/solitaire-moon\/","title":{"rendered":"Pasjans Ksi\u0119\u017cyc"},"content":{"rendered":"<p>Sztyft Solitaire Moon jest dyskretny i elegancki, odzwierciedlaj\u0105c subtelne pi\u0119kno \u015bwiat\u0142a ksi\u0119\u017cyca. Jest to 11,4 mm tytanowy sztyft F-136 klasy implantologicznej z pojedyncz\u0105 wysokiej jako\u015bci cyrkoni\u0105 sze\u015bcienn\u0105, kt\u00f3ra l\u015bni niebia\u0144skim blaskiem. Trzpie\u0144 jest wewn\u0119trznie gwintowany i g\u0142adki, dzi\u0119ki czemu wk\u0142adanie jest \u0142atwe i wygodne. Ten osza\u0142amiaj\u0105cy sztyft jest idealny do przek\u0142uwania spirali, konchy lub p\u0142atka ucha. Solitaire Moon zapewnia wyrafinowany blask ka\u017cdemu kolczykowi lub jest wystarczaj\u0105co elegancki, by nosi\u0107 go samodzielnie. Sztyft jest elegancki, wszechstronny, hipoalergiczny i zaprojektowany z my\u015bl\u0105 o bi\u017cuterii, kt\u00f3ra dobrze wygl\u0105da i jest przyjemna w dotyku. To pi\u0119kna, \u015bwietlista i prosta elegancja uchwycona w tym projekcie bi\u017cuterii.<\/p>","protected":false},"excerpt":{"rendered":"<ul>\n<li>Gwint wewn\u0119trzny<\/li>\n<li>Materia\u0142: Tytan F-136 do implant\u00f3w<\/li>\n<li>Klejnot: Cyrkonia sze\u015bcienna<\/li>\n<li>Grubo\u015b\u0107: 16G<\/li>\n<li>Rozmiar: 11,4 mm<\/li>\n<\/ul>","protected":false},"featured_media":22745,"comment_status":"closed","ping_status":"closed","template":"","meta":{"_acf_changed":false},"product_brand":[],"product_cat":[340,343],"product_tag":[187,188,189,205,206,212,190,183,213,184,207],"class_list":{"0":"post-22744","1":"product","2":"type-product","3":"status-publish","4":"has-post-thumbnail","6":"product_cat-titanium-jewelry","7":"product_cat-tops-titanium-jewelry","8":"product_tag-conch","9":"product_tag-ear","10":"product_tag-helix","11":"product_tag-lobe","12":"product_tag-lobulo","13":"product_tag-medusa","14":"product_tag-oreja","15":"product_tag-perforacion","16":"product_tag-philtrum","17":"product_tag-piercing","18":"product_tag-tragus","20":"first","21":"instock","22":"taxable","23":"shipping-taxable","24":"purchasable","25":"product-type-simple"},"acf":[],"gallery_images":[27207,27208],"_links":{"self":[{"href":"https:\/\/tremunpiercing.com\/pl\/wp-json\/wp\/v2\/product\/22744","targetHints":{"allow":["GET"]}}],"collection":[{"href":"https:\/\/tremunpiercing.com\/pl\/wp-json\/wp\/v2\/product"}],"about":[{"href":"https:\/\/tremunpiercing.com\/pl\/wp-json\/wp\/v2\/types\/product"}],"replies":[{"embeddable":true,"href":"https:\/\/tremunpiercing.com\/pl\/wp-json\/wp\/v2\/comments?post=22744"}],"version-history":[{"count":1,"href":"https:\/\/tremunpiercing.com\/pl\/wp-json\/wp\/v2\/product\/22744\/revisions"}],"predecessor-version":[{"id":27209,"href":"https:\/\/tremunpiercing.com\/pl\/wp-json\/wp\/v2\/product\/22744\/revisions\/27209"}],"wp:featuredmedia":[{"embeddable":true,"href":"https:\/\/tremunpiercing.com\/pl\/wp-json\/wp\/v2\/media\/22745"}],"wp:attachment":[{"href":"https:\/\/tremunpiercing.com\/pl\/wp-json\/wp\/v2\/media?parent=22744"}],"wp:term":[{"taxonomy":"product_brand","embeddable":true,"href":"https:\/\/tremunpiercing.com\/pl\/wp-json\/wp\/v2\/product_brand?post=22744"},{"taxonomy":"product_cat","embeddable":true,"href":"https:\/\/tremunpiercing.com\/pl\/wp-json\/wp\/v2\/product_cat?post=22744"},{"taxonomy":"product_tag","embeddable":true,"href":"https:\/\/tremunpiercing.com\/pl\/wp-json\/wp\/v2\/product_tag?post=22744"}],"curies":[{"name":"wp","href":"https:\/\/api.w.org\/{rel}","templated":true}]}}