{"id":22747,"date":"2025-10-06T22:22:46","date_gmt":"2025-10-06T21:22:46","guid":{"rendered":"https:\/\/tremunpiercing.com\/?post_type=product&#038;p=22747"},"modified":"2026-04-20T17:28:08","modified_gmt":"2026-04-20T16:28:08","slug":"trinity-moon","status":"publish","type":"product","link":"https:\/\/tremunpiercing.com\/pl\/product\/trinity-moon\/","title":{"rendered":"Trinity Moon"},"content":{"rendered":"<p data-start=\"7812\" data-end=\"8463\">Zainspirowany niebia\u0144sk\u0105 harmoni\u0105, model <em data-start=\"7878\" data-end=\"7892\">Trinity Moon<\/em> wnosi marzycielskie wyrafinowanie do kolekcji piercing\u00f3w. Wykonany z tytanu F-136 klasy implantologicznej, posiada trio cyrkonii sze\u015bciennych tworz\u0105cych delikatn\u0105 sylwetk\u0119 p\u00f3\u0142ksi\u0119\u017cyca. Wewn\u0119trznie gwintowana konstrukcja zapewnia p\u0142ynn\u0105 aplikacj\u0119 i ca\u0142odzienny komfort, dzi\u0119ki czemu jest to ulubiony produkt profesjonalist\u00f3w. Idealny do umieszczenia na spirali, tragusie lub p\u0142atku, ten element dodaje odrobin\u0119 kosmicznego blasku bez przyt\u0142aczania wygl\u0105du. Trinity Moon to idealna r\u00f3wnowaga nowoczesnego minimalizmu i niebia\u0144skiego uroku - to pozycja obowi\u0105zkowa dla ka\u017cdego, kto uwielbia wdzi\u0119czn\u0105, ponadczasow\u0105 bi\u017cuteri\u0119.<\/p>\n<p data-start=\"8465\" data-end=\"8660\">","protected":false},"excerpt":{"rendered":"<ul>\n<li>Gwint wewn\u0119trzny<\/li>\n<li>Materia\u0142: Tytan F-136 do implant\u00f3w<\/li>\n<li>Klejnot: Cyrkonia sze\u015bcienna<\/li>\n<li>Grubo\u015b\u0107: 16G<\/li>\n<li>Rozmiar: 7 mm<\/li>\n<\/ul>","protected":false},"featured_media":22748,"comment_status":"closed","ping_status":"closed","template":"","meta":{"_acf_changed":false},"product_brand":[],"product_cat":[340,343],"product_tag":[187,188,189,205,206,212,190,183,213,184,207],"class_list":{"0":"post-22747","1":"product","2":"type-product","3":"status-publish","4":"has-post-thumbnail","6":"product_cat-titanium-jewelry","7":"product_cat-tops-titanium-jewelry","8":"product_tag-conch","9":"product_tag-ear","10":"product_tag-helix","11":"product_tag-lobe","12":"product_tag-lobulo","13":"product_tag-medusa","14":"product_tag-oreja","15":"product_tag-perforacion","16":"product_tag-philtrum","17":"product_tag-piercing","18":"product_tag-tragus","20":"first","21":"instock","22":"taxable","23":"shipping-taxable","24":"purchasable","25":"product-type-simple"},"acf":[],"gallery_images":[27204,27205],"_links":{"self":[{"href":"https:\/\/tremunpiercing.com\/pl\/wp-json\/wp\/v2\/product\/22747","targetHints":{"allow":["GET"]}}],"collection":[{"href":"https:\/\/tremunpiercing.com\/pl\/wp-json\/wp\/v2\/product"}],"about":[{"href":"https:\/\/tremunpiercing.com\/pl\/wp-json\/wp\/v2\/types\/product"}],"replies":[{"embeddable":true,"href":"https:\/\/tremunpiercing.com\/pl\/wp-json\/wp\/v2\/comments?post=22747"}],"version-history":[{"count":1,"href":"https:\/\/tremunpiercing.com\/pl\/wp-json\/wp\/v2\/product\/22747\/revisions"}],"predecessor-version":[{"id":27206,"href":"https:\/\/tremunpiercing.com\/pl\/wp-json\/wp\/v2\/product\/22747\/revisions\/27206"}],"wp:featuredmedia":[{"embeddable":true,"href":"https:\/\/tremunpiercing.com\/pl\/wp-json\/wp\/v2\/media\/22748"}],"wp:attachment":[{"href":"https:\/\/tremunpiercing.com\/pl\/wp-json\/wp\/v2\/media?parent=22747"}],"wp:term":[{"taxonomy":"product_brand","embeddable":true,"href":"https:\/\/tremunpiercing.com\/pl\/wp-json\/wp\/v2\/product_brand?post=22747"},{"taxonomy":"product_cat","embeddable":true,"href":"https:\/\/tremunpiercing.com\/pl\/wp-json\/wp\/v2\/product_cat?post=22747"},{"taxonomy":"product_tag","embeddable":true,"href":"https:\/\/tremunpiercing.com\/pl\/wp-json\/wp\/v2\/product_tag?post=22747"}],"curies":[{"name":"wp","href":"https:\/\/api.w.org\/{rel}","templated":true}]}}