{"id":22753,"date":"2025-10-06T22:30:25","date_gmt":"2025-10-06T21:30:25","guid":{"rendered":"https:\/\/tremunpiercing.com\/?post_type=product&#038;p=22753"},"modified":"2026-04-19T23:03:55","modified_gmt":"2026-04-19T22:03:55","slug":"keri","status":"publish","type":"product","link":"https:\/\/tremunpiercing.com\/pl\/product\/keri\/","title":{"rendered":"Keri"},"content":{"rendered":"<p>Wewn\u0119trznie gwintowany tytanowy sztyft Keri wprowadza prosty element upi\u0119kszaj\u0105cy do profesjonalnej bi\u017cuterii do przek\u0142uwania cia\u0142a. Wykonany z tytanu klasy chirurgicznej (F-136), sztyft Keri jest hipoalergiczny, niezawodny i b\u0142yszcz\u0105cy. Sze\u015bcienny kamie\u0144 cyrkoniowy mo\u017ce zapewni\u0107 niesamowity blask klientom poszukuj\u0105cym klasycznego podej\u015bcia z dodatkowym akcentem. Bi\u017cuteria Keri jest dost\u0119pna z gwintem wewn\u0119trznym 16G, co zapewnia bezproblemow\u0105 instalacj\u0119 i szybki monta\u017c przy minimalnym tarciu podczas instalacji.<\/p>\n<p>Keri mo\u017ce by\u0107 stosowany w dowolnym miejscu, takim jak ucho, warga lub chrz\u0105stka spiralna, pomagaj\u0105c profesjonalistom poszukuj\u0105cym jako\u015bci i praktyczno\u015bci. Keri Top jest polecany przez studia w ca\u0142ej Europie i USA. Topy Keri charakteryzuj\u0105 si\u0119 wyj\u0105tkow\u0105 warto\u015bci\u0105, doskona\u0142\u0105 przyst\u0119pno\u015bci\u0105 cenow\u0105, wysok\u0105 precyzj\u0105, trwa\u0142ym zu\u017cyciem i wytrzyma\u0142o\u015bci\u0105. Idealne uzupe\u0142nienie profesjonalnej bi\u017cuterii i akcesori\u00f3w do przek\u0142uwania cia\u0142a!<\/p>\n<p>&nbsp;<\/p>","protected":false},"excerpt":{"rendered":"<ul>\n<li>Gwint wewn\u0119trzny<\/li>\n<li>Materia\u0142: Tytan F-136 do implant\u00f3w<\/li>\n<li>Klejnot: Cyrkonia sze\u015bcienna<\/li>\n<li>Grubo\u015b\u0107: 16G<\/li>\n<li>Rozmiar: 5 mm<\/li>\n<\/ul>","protected":false},"featured_media":22754,"comment_status":"closed","ping_status":"closed","template":"","meta":{"_acf_changed":false},"product_brand":[],"product_cat":[340,343],"product_tag":[187,188,189,205,206,212,190,183,213,184,207],"class_list":{"0":"post-22753","1":"product","2":"type-product","3":"status-publish","4":"has-post-thumbnail","6":"product_cat-titanium-jewelry","7":"product_cat-tops-titanium-jewelry","8":"product_tag-conch","9":"product_tag-ear","10":"product_tag-helix","11":"product_tag-lobe","12":"product_tag-lobulo","13":"product_tag-medusa","14":"product_tag-oreja","15":"product_tag-perforacion","16":"product_tag-philtrum","17":"product_tag-piercing","18":"product_tag-tragus","20":"first","21":"instock","22":"taxable","23":"shipping-taxable","24":"purchasable","25":"product-type-simple"},"acf":[],"gallery_images":[27188,27187],"_links":{"self":[{"href":"https:\/\/tremunpiercing.com\/pl\/wp-json\/wp\/v2\/product\/22753","targetHints":{"allow":["GET"]}}],"collection":[{"href":"https:\/\/tremunpiercing.com\/pl\/wp-json\/wp\/v2\/product"}],"about":[{"href":"https:\/\/tremunpiercing.com\/pl\/wp-json\/wp\/v2\/types\/product"}],"replies":[{"embeddable":true,"href":"https:\/\/tremunpiercing.com\/pl\/wp-json\/wp\/v2\/comments?post=22753"}],"version-history":[{"count":1,"href":"https:\/\/tremunpiercing.com\/pl\/wp-json\/wp\/v2\/product\/22753\/revisions"}],"predecessor-version":[{"id":27189,"href":"https:\/\/tremunpiercing.com\/pl\/wp-json\/wp\/v2\/product\/22753\/revisions\/27189"}],"wp:featuredmedia":[{"embeddable":true,"href":"https:\/\/tremunpiercing.com\/pl\/wp-json\/wp\/v2\/media\/22754"}],"wp:attachment":[{"href":"https:\/\/tremunpiercing.com\/pl\/wp-json\/wp\/v2\/media?parent=22753"}],"wp:term":[{"taxonomy":"product_brand","embeddable":true,"href":"https:\/\/tremunpiercing.com\/pl\/wp-json\/wp\/v2\/product_brand?post=22753"},{"taxonomy":"product_cat","embeddable":true,"href":"https:\/\/tremunpiercing.com\/pl\/wp-json\/wp\/v2\/product_cat?post=22753"},{"taxonomy":"product_tag","embeddable":true,"href":"https:\/\/tremunpiercing.com\/pl\/wp-json\/wp\/v2\/product_tag?post=22753"}],"curies":[{"name":"wp","href":"https:\/\/api.w.org\/{rel}","templated":true}]}}