{"id":22788,"date":"2025-10-07T22:57:35","date_gmt":"2025-10-07T21:57:35","guid":{"rendered":"https:\/\/tremunpiercing.com\/?post_type=product&#038;p=22788"},"modified":"2026-04-20T17:28:21","modified_gmt":"2026-04-20T16:28:21","slug":"crown-spike-moss-agate","status":"publish","type":"product","link":"https:\/\/tremunpiercing.com\/pl\/product\/crown-spike-moss-agate\/","title":{"rendered":"Kolec koronny - agat mszysty"},"content":{"rendered":"<p>Kolczyk Crown Spike Moss Agate odzwierciedla pewn\u0105 siebie elegancj\u0119 i przyziemne pi\u0119kno. Wykonany r\u0119cznie z tytanu F-136 klasy implantologicznej, zawiera naturalny kamie\u0144 Moss Agate, kt\u00f3ry wykazuje organiczne zielone wzory i jest ceniony za swoj\u0105 uziemiaj\u0105c\u0105 energi\u0119. Oprawa w stylu korony nadaje mu odrobin\u0119 kr\u00f3lewskiego charakteru, a detal w kszta\u0142cie kolca nadaje mu nowoczesny, artystyczny charakter.<\/p>\n<p>Dost\u0119pny w rozmiarach 16G-14G, aby pomie\u015bci\u0107 ka\u017cdego z preferowanym stylem kolczyk\u00f3w i charakterem kochaj\u0105cym o\u015bwiadczenia, jest przyk\u0142adem artystycznego podej\u015bcia do eleganckiego kolczyka sztyftu. Podobnie jak w przypadku ca\u0142ej bi\u017cuterii Pierce, jest on wewn\u0119trznie gwintowany dla \u0142atwo\u015bci u\u017cytkowania i funkcjonalnie powa\u017cny dla wygody i bezpiecze\u0144stwa. Ten element \u0142\u0105czy w sobie surow\u0105 natur\u0119 z wyko\u0144czonym pi\u0119knem i doskonale nadaje si\u0119 do tworzenia niezr\u00f3wnanego, wyrazistego wygl\u0105du bi\u017cuterii.<\/p>","protected":false},"excerpt":{"rendered":"<ul>\n<li>Gwint wewn\u0119trzny<\/li>\n<li>Materia\u0142: Tytan F-136 do implant\u00f3w<\/li>\n<li>Gem: <span data-sheets-root=\"1\">Agat z mchu<\/span><\/li>\n<li>Grubo\u015b\u0107: 16G - 14G<\/li>\n<li>Rozmiar: 4 mm x 4 mm<\/li>\n<\/ul>","protected":false},"featured_media":23004,"comment_status":"closed","ping_status":"closed","template":"","meta":{"_acf_changed":false},"product_brand":[],"product_cat":[340,343],"product_tag":[187,188,189,205,206,212,190,183,213,184,207],"class_list":{"0":"post-22788","1":"product","2":"type-product","3":"status-publish","4":"has-post-thumbnail","6":"product_cat-titanium-jewelry","7":"product_cat-tops-titanium-jewelry","8":"product_tag-conch","9":"product_tag-ear","10":"product_tag-helix","11":"product_tag-lobe","12":"product_tag-lobulo","13":"product_tag-medusa","14":"product_tag-oreja","15":"product_tag-perforacion","16":"product_tag-philtrum","17":"product_tag-piercing","18":"product_tag-tragus","20":"first","21":"instock","22":"taxable","23":"shipping-taxable","24":"purchasable","25":"product-type-variable"},"acf":[],"gallery_images":[27217,27218],"_links":{"self":[{"href":"https:\/\/tremunpiercing.com\/pl\/wp-json\/wp\/v2\/product\/22788","targetHints":{"allow":["GET"]}}],"collection":[{"href":"https:\/\/tremunpiercing.com\/pl\/wp-json\/wp\/v2\/product"}],"about":[{"href":"https:\/\/tremunpiercing.com\/pl\/wp-json\/wp\/v2\/types\/product"}],"replies":[{"embeddable":true,"href":"https:\/\/tremunpiercing.com\/pl\/wp-json\/wp\/v2\/comments?post=22788"}],"version-history":[{"count":1,"href":"https:\/\/tremunpiercing.com\/pl\/wp-json\/wp\/v2\/product\/22788\/revisions"}],"predecessor-version":[{"id":27219,"href":"https:\/\/tremunpiercing.com\/pl\/wp-json\/wp\/v2\/product\/22788\/revisions\/27219"}],"wp:featuredmedia":[{"embeddable":true,"href":"https:\/\/tremunpiercing.com\/pl\/wp-json\/wp\/v2\/media\/23004"}],"wp:attachment":[{"href":"https:\/\/tremunpiercing.com\/pl\/wp-json\/wp\/v2\/media?parent=22788"}],"wp:term":[{"taxonomy":"product_brand","embeddable":true,"href":"https:\/\/tremunpiercing.com\/pl\/wp-json\/wp\/v2\/product_brand?post=22788"},{"taxonomy":"product_cat","embeddable":true,"href":"https:\/\/tremunpiercing.com\/pl\/wp-json\/wp\/v2\/product_cat?post=22788"},{"taxonomy":"product_tag","embeddable":true,"href":"https:\/\/tremunpiercing.com\/pl\/wp-json\/wp\/v2\/product_tag?post=22788"}],"curies":[{"name":"wp","href":"https:\/\/api.w.org\/{rel}","templated":true}]}}