{"id":23034,"date":"2025-10-10T23:11:41","date_gmt":"2025-10-10T22:11:41","guid":{"rendered":"https:\/\/tremunpiercing.com\/?post_type=product&#038;p=23034"},"modified":"2026-04-02T14:43:22","modified_gmt":"2026-04-02T13:43:22","slug":"natalie-peridot-cz","status":"publish","type":"product","link":"https:\/\/tremunpiercing.com\/pl\/product\/natalie-peridot-cz\/","title":{"rendered":"Natalie - Peridot CZ"},"content":{"rendered":"<p>\u015awie\u017cy, radosny i pe\u0142en \u017cycia Natalie Peridot CZ to najlepszy spos\u00f3b na dodanie odrobiny zieleni do swojego wygl\u0105du. Wspania\u0142y perydot b\u0142yszczy naturaln\u0105 jasno\u015bci\u0105 i odzwierciedla odnow\u0119 i optymizm. Wykonany z tytanu F-136 klasy implantologicznej, oferuje trwa\u0142y po\u0142ysk, komfort bezpieczny dla sk\u00f3ry i odporno\u015b\u0107 na korozj\u0119 - dla wra\u017cliwych u\u017cytkownik\u00f3w jest to konieczno\u015b\u0107.<\/p>\n<p>Jego wewn\u0119trznie gwintowana konstrukcja zapewnia p\u0142ynno\u015b\u0107 i bezpiecze\u0144stwo, ciesz\u0105c si\u0119 zaufaniem zar\u00f3wno profesjonalist\u00f3w, jak i fan\u00f3w bi\u017cuterii. Natalie Peridot wygl\u0105da \u015bwietnie w spirali, p\u0142atku lub kolczyku tragusa i \u015bwietnie nadaje si\u0119 zar\u00f3wno jako minimalistyczny element, jak i jako cz\u0119\u015b\u0107 grupy bi\u017cuterii. Dzi\u0119ki temu wspania\u0142emu zielonemu kamieniowi mo\u017cesz doda\u0107 od\u015bwie\u017caj\u0105cy kolor i ponadczasow\u0105 jako\u015b\u0107 do swojego stylu!<\/p>","protected":false},"excerpt":{"rendered":"<ul>\n<li>Gwint wewn\u0119trzny<\/li>\n<li>Materia\u0142: Tytan F-136 do implant\u00f3w<\/li>\n<li>Klejnot: Peridot<\/li>\n<li>Grubo\u015b\u0107: 16G<\/li>\n<\/ul>","protected":false},"featured_media":23035,"comment_status":"closed","ping_status":"closed","template":"","meta":{"_acf_changed":false},"product_brand":[],"product_cat":[340,343],"product_tag":[187,188,189,205,206,212,190,183,213,184,207],"class_list":{"0":"post-23034","1":"product","2":"type-product","3":"status-publish","4":"has-post-thumbnail","6":"product_cat-titanium-jewelry","7":"product_cat-tops-titanium-jewelry","8":"product_tag-conch","9":"product_tag-ear","10":"product_tag-helix","11":"product_tag-lobe","12":"product_tag-lobulo","13":"product_tag-medusa","14":"product_tag-oreja","15":"product_tag-perforacion","16":"product_tag-philtrum","17":"product_tag-piercing","18":"product_tag-tragus","20":"first","21":"instock","22":"taxable","23":"shipping-taxable","24":"purchasable","25":"product-type-simple"},"acf":[],"gallery_images":[27119,27118],"_links":{"self":[{"href":"https:\/\/tremunpiercing.com\/pl\/wp-json\/wp\/v2\/product\/23034","targetHints":{"allow":["GET"]}}],"collection":[{"href":"https:\/\/tremunpiercing.com\/pl\/wp-json\/wp\/v2\/product"}],"about":[{"href":"https:\/\/tremunpiercing.com\/pl\/wp-json\/wp\/v2\/types\/product"}],"replies":[{"embeddable":true,"href":"https:\/\/tremunpiercing.com\/pl\/wp-json\/wp\/v2\/comments?post=23034"}],"version-history":[{"count":1,"href":"https:\/\/tremunpiercing.com\/pl\/wp-json\/wp\/v2\/product\/23034\/revisions"}],"predecessor-version":[{"id":27120,"href":"https:\/\/tremunpiercing.com\/pl\/wp-json\/wp\/v2\/product\/23034\/revisions\/27120"}],"wp:featuredmedia":[{"embeddable":true,"href":"https:\/\/tremunpiercing.com\/pl\/wp-json\/wp\/v2\/media\/23035"}],"wp:attachment":[{"href":"https:\/\/tremunpiercing.com\/pl\/wp-json\/wp\/v2\/media?parent=23034"}],"wp:term":[{"taxonomy":"product_brand","embeddable":true,"href":"https:\/\/tremunpiercing.com\/pl\/wp-json\/wp\/v2\/product_brand?post=23034"},{"taxonomy":"product_cat","embeddable":true,"href":"https:\/\/tremunpiercing.com\/pl\/wp-json\/wp\/v2\/product_cat?post=23034"},{"taxonomy":"product_tag","embeddable":true,"href":"https:\/\/tremunpiercing.com\/pl\/wp-json\/wp\/v2\/product_tag?post=23034"}],"curies":[{"name":"wp","href":"https:\/\/api.w.org\/{rel}","templated":true}]}}