{"id":23038,"date":"2025-10-10T23:15:27","date_gmt":"2025-10-10T22:15:27","guid":{"rendered":"https:\/\/tremunpiercing.com\/?post_type=product&#038;p=23038"},"modified":"2026-03-31T00:29:57","modified_gmt":"2026-03-30T23:29:57","slug":"natalie-champagne-cz","status":"publish","type":"product","link":"https:\/\/tremunpiercing.com\/pl\/product\/natalie-champagne-cz\/","title":{"rendered":"Natalie - Champagne CZ"},"content":{"rendered":"<p>Subtelny, ciep\u0142y i nieodparcie wyrafinowany - Natalie Champagne CZ dodaje subtelnego luksusu do kolekcji bi\u017cuterii do piercingu. Delikatny z\u0142oty odcie\u0144 cyrkonii mieni si\u0119 mi\u0119kko i wyrafinowanie, pi\u0119knie komponuj\u0105c si\u0119 z ka\u017cdym odcieniem sk\u00f3ry. Wykonany z tytanu F-136 klasy implantologicznej, ten klejnot do piercingu jest niezwykle mocny, lekki, hipoalergiczny i wygodny.<\/p>\n<p>Wewn\u0119trznie gwintowana konstrukcja u\u0142atwia dopasowanie i zabezpieczenie na miejscu, dlatego profesjonali\u015bci uwielbiaj\u0105 go u\u017cywa\u0107! Mo\u017cna go nosi\u0107 zar\u00f3wno na specjalne okazje, jak i na co dzie\u0144. Natalie Champagne to ponadczasowe wyko\u0144czenie kolczyk\u00f3w. Po\u0142\u0105cz j\u0105 z dowolnymi z\u0142otymi elementami i\/lub kontrastuj\u0105c\u0105 srebrn\u0105 bi\u017cuteri\u0105, aby stworzy\u0107 luksusowy wygl\u0105d bez wysi\u0142ku.<\/p>","protected":false},"excerpt":{"rendered":"<ul>\n<li>Gwint wewn\u0119trzny<\/li>\n<li>Materia\u0142: Tytan F-136 do implant\u00f3w<\/li>\n<li>Klejnot: Cyrkonia sze\u015bcienna<\/li>\n<li>Grubo\u015b\u0107: 16G<\/li>\n<\/ul>","protected":false},"featured_media":23039,"comment_status":"closed","ping_status":"closed","template":"","meta":{"_acf_changed":false},"product_brand":[],"product_cat":[340,343],"product_tag":[187,188,189,205,206,212,190,183,213,184,207],"class_list":{"0":"post-23038","1":"product","2":"type-product","3":"status-publish","4":"has-post-thumbnail","6":"product_cat-titanium-jewelry","7":"product_cat-tops-titanium-jewelry","8":"product_tag-conch","9":"product_tag-ear","10":"product_tag-helix","11":"product_tag-lobe","12":"product_tag-lobulo","13":"product_tag-medusa","14":"product_tag-oreja","15":"product_tag-perforacion","16":"product_tag-philtrum","17":"product_tag-piercing","18":"product_tag-tragus","20":"first","21":"instock","22":"taxable","23":"shipping-taxable","24":"purchasable","25":"product-type-simple"},"acf":[],"gallery_images":[27115,27116],"_links":{"self":[{"href":"https:\/\/tremunpiercing.com\/pl\/wp-json\/wp\/v2\/product\/23038","targetHints":{"allow":["GET"]}}],"collection":[{"href":"https:\/\/tremunpiercing.com\/pl\/wp-json\/wp\/v2\/product"}],"about":[{"href":"https:\/\/tremunpiercing.com\/pl\/wp-json\/wp\/v2\/types\/product"}],"replies":[{"embeddable":true,"href":"https:\/\/tremunpiercing.com\/pl\/wp-json\/wp\/v2\/comments?post=23038"}],"version-history":[{"count":1,"href":"https:\/\/tremunpiercing.com\/pl\/wp-json\/wp\/v2\/product\/23038\/revisions"}],"predecessor-version":[{"id":27117,"href":"https:\/\/tremunpiercing.com\/pl\/wp-json\/wp\/v2\/product\/23038\/revisions\/27117"}],"wp:featuredmedia":[{"embeddable":true,"href":"https:\/\/tremunpiercing.com\/pl\/wp-json\/wp\/v2\/media\/23039"}],"wp:attachment":[{"href":"https:\/\/tremunpiercing.com\/pl\/wp-json\/wp\/v2\/media?parent=23038"}],"wp:term":[{"taxonomy":"product_brand","embeddable":true,"href":"https:\/\/tremunpiercing.com\/pl\/wp-json\/wp\/v2\/product_brand?post=23038"},{"taxonomy":"product_cat","embeddable":true,"href":"https:\/\/tremunpiercing.com\/pl\/wp-json\/wp\/v2\/product_cat?post=23038"},{"taxonomy":"product_tag","embeddable":true,"href":"https:\/\/tremunpiercing.com\/pl\/wp-json\/wp\/v2\/product_tag?post=23038"}],"curies":[{"name":"wp","href":"https:\/\/api.w.org\/{rel}","templated":true}]}}