{"id":23625,"date":"2025-10-27T23:09:04","date_gmt":"2025-10-27T22:09:04","guid":{"rendered":"https:\/\/tremunpiercing.com\/?post_type=product&#038;p=23625"},"modified":"2026-04-19T23:04:00","modified_gmt":"2026-04-19T22:04:00","slug":"labret-2-0-hand-polish","status":"publish","type":"product","link":"https:\/\/tremunpiercing.com\/pl\/product\/labret-2-0-hand-polish\/","title":{"rendered":"Labret 2.0 - pasta do r\u0105k"},"content":{"rendered":"<p>R\u0119cznie polerowany tytanowy labret 2.0 to skrupulatnie skonstruowany produkt skoncentrowany na komforcie, bezpiecze\u0144stwie i wszechstronno\u015bci. Wykonany z tytanu F-136 klasy implantacyjnej, ten labret z gwintem wewn\u0119trznym nadaje si\u0119 do przek\u0142uwania warg, tragusa, konchy i spirali. R\u0119cznie polerujemy ka\u017cdy s\u0142upek do nieskazitelnego po\u0142ysku, kt\u00f3ry minimalizuje podra\u017cnienia i zapewnia p\u0142ynne wprowadzanie. Labret jest oferowany w r\u00f3\u017cnych d\u0142ugo\u015bciach (5 mm-8 mm) i grubo\u015bci podstawy 4 mm, aby pasowa\u0142 do r\u00f3\u017cnych typ\u00f3w anatomii.<\/p>\n<p>Profesjonalni piercerzy wybieraj\u0105 ten model ze wzgl\u0119du na niezawodne gwintowanie, \u0142atw\u0105 konfiguracj\u0119 i wa\u017cne cechy, kt\u00f3re oferuje ten model. Ten labret i tytanowy materia\u0142 zapewniaj\u0105 niesamowit\u0105 jako\u015b\u0107 dla nowego piercingu lub po prostu dla aktualizacji. Klienci doceniaj\u0105 jako\u015b\u0107 wykonania i doskona\u0142e wyko\u0144czenie.<\/p>","protected":false},"excerpt":{"rendered":"<ul>\n<li>Gwint wewn\u0119trzny<\/li>\n<li>Materia\u0142: Tytan F-136 do implant\u00f3w<\/li>\n<li>Grubo\u015b\u0107: 16G<\/li>\n<li>D\u0142ugo\u015b\u0107: 5 mm, 6 mm, 7 mm, 8 mm<\/li>\n<li>\u015arednica podstawy: 4 mm<\/li>\n<\/ul>","protected":false},"featured_media":23601,"comment_status":"closed","ping_status":"closed","template":"","meta":{"_acf_changed":false},"product_brand":[],"product_cat":[340,344],"product_tag":[187,188,189,210,211,205,206,212,190,183,213,184,293,207],"class_list":{"0":"post-23625","1":"product","2":"type-product","3":"status-publish","4":"has-post-thumbnail","6":"product_cat-titanium-jewelry","7":"product_cat-labret-titanium-jeawelry","8":"product_tag-conch","9":"product_tag-ear","10":"product_tag-helix","11":"product_tag-labret","12":"product_tag-lip","13":"product_tag-lobe","14":"product_tag-lobulo","15":"product_tag-medusa","16":"product_tag-oreja","17":"product_tag-perforacion","18":"product_tag-philtrum","19":"product_tag-piercing","20":"product_tag-push-pin","21":"product_tag-tragus","23":"first","24":"instock","25":"taxable","26":"shipping-taxable","27":"purchasable","28":"product-type-variable"},"acf":[],"gallery_images":[23598,23599],"_links":{"self":[{"href":"https:\/\/tremunpiercing.com\/pl\/wp-json\/wp\/v2\/product\/23625","targetHints":{"allow":["GET"]}}],"collection":[{"href":"https:\/\/tremunpiercing.com\/pl\/wp-json\/wp\/v2\/product"}],"about":[{"href":"https:\/\/tremunpiercing.com\/pl\/wp-json\/wp\/v2\/types\/product"}],"replies":[{"embeddable":true,"href":"https:\/\/tremunpiercing.com\/pl\/wp-json\/wp\/v2\/comments?post=23625"}],"version-history":[{"count":0,"href":"https:\/\/tremunpiercing.com\/pl\/wp-json\/wp\/v2\/product\/23625\/revisions"}],"wp:featuredmedia":[{"embeddable":true,"href":"https:\/\/tremunpiercing.com\/pl\/wp-json\/wp\/v2\/media\/23601"}],"wp:attachment":[{"href":"https:\/\/tremunpiercing.com\/pl\/wp-json\/wp\/v2\/media?parent=23625"}],"wp:term":[{"taxonomy":"product_brand","embeddable":true,"href":"https:\/\/tremunpiercing.com\/pl\/wp-json\/wp\/v2\/product_brand?post=23625"},{"taxonomy":"product_cat","embeddable":true,"href":"https:\/\/tremunpiercing.com\/pl\/wp-json\/wp\/v2\/product_cat?post=23625"},{"taxonomy":"product_tag","embeddable":true,"href":"https:\/\/tremunpiercing.com\/pl\/wp-json\/wp\/v2\/product_tag?post=23625"}],"curies":[{"name":"wp","href":"https:\/\/api.w.org\/{rel}","templated":true}]}}