{"id":24964,"date":"2025-11-22T18:46:51","date_gmt":"2025-11-22T17:46:51","guid":{"rendered":"https:\/\/tremunpiercing.com\/?post_type=product&#038;p=24964"},"modified":"2026-03-12T14:24:51","modified_gmt":"2026-03-12T13:24:51","slug":"helena-sw-artic-blue","status":"publish","type":"product","link":"https:\/\/tremunpiercing.com\/pl\/product\/helena-sw-artic-blue\/","title":{"rendered":"Helena - SW Artic Blue"},"content":{"rendered":"","protected":false},"excerpt":{"rendered":"<ul>\n<li>Gwint wewn\u0119trzny<\/li>\n<li>Materia\u0142: Tytan F-136 do implant\u00f3w<\/li>\n<li>Grubo\u015b\u0107: 16G<\/li>\n<li>D\u0142ugo\u015b\u0107: <span data-sheets-root=\"1\">15,15 mm<\/span><\/li>\n<li>Klejnot: SW - Premium Zirconia<\/li>\n<\/ul>","protected":false},"featured_media":24965,"comment_status":"closed","ping_status":"closed","template":"","meta":{"_acf_changed":false},"product_brand":[],"product_cat":[442,343],"product_tag":[187,188,209,189,205,206,190,183,184,207],"class_list":{"0":"post-24964","1":"product","2":"type-product","3":"status-publish","4":"has-post-thumbnail","6":"product_cat-sw","7":"product_cat-tops-titanium-jewelry","8":"product_tag-conch","9":"product_tag-ear","10":"product_tag-faux-rook","11":"product_tag-helix","12":"product_tag-lobe","13":"product_tag-lobulo","14":"product_tag-oreja","15":"product_tag-perforacion","16":"product_tag-piercing","17":"product_tag-tragus","19":"first","20":"instock","21":"taxable","22":"shipping-taxable","23":"purchasable","24":"product-type-simple"},"acf":[],"gallery_images":[27028,27029],"_links":{"self":[{"href":"https:\/\/tremunpiercing.com\/pl\/wp-json\/wp\/v2\/product\/24964","targetHints":{"allow":["GET"]}}],"collection":[{"href":"https:\/\/tremunpiercing.com\/pl\/wp-json\/wp\/v2\/product"}],"about":[{"href":"https:\/\/tremunpiercing.com\/pl\/wp-json\/wp\/v2\/types\/product"}],"replies":[{"embeddable":true,"href":"https:\/\/tremunpiercing.com\/pl\/wp-json\/wp\/v2\/comments?post=24964"}],"version-history":[{"count":1,"href":"https:\/\/tremunpiercing.com\/pl\/wp-json\/wp\/v2\/product\/24964\/revisions"}],"predecessor-version":[{"id":27030,"href":"https:\/\/tremunpiercing.com\/pl\/wp-json\/wp\/v2\/product\/24964\/revisions\/27030"}],"wp:featuredmedia":[{"embeddable":true,"href":"https:\/\/tremunpiercing.com\/pl\/wp-json\/wp\/v2\/media\/24965"}],"wp:attachment":[{"href":"https:\/\/tremunpiercing.com\/pl\/wp-json\/wp\/v2\/media?parent=24964"}],"wp:term":[{"taxonomy":"product_brand","embeddable":true,"href":"https:\/\/tremunpiercing.com\/pl\/wp-json\/wp\/v2\/product_brand?post=24964"},{"taxonomy":"product_cat","embeddable":true,"href":"https:\/\/tremunpiercing.com\/pl\/wp-json\/wp\/v2\/product_cat?post=24964"},{"taxonomy":"product_tag","embeddable":true,"href":"https:\/\/tremunpiercing.com\/pl\/wp-json\/wp\/v2\/product_tag?post=24964"}],"curies":[{"name":"wp","href":"https:\/\/api.w.org\/{rel}","templated":true}]}}