{"id":7592,"date":"2022-11-21T19:43:46","date_gmt":"2022-11-21T18:43:46","guid":{"rendered":"https:\/\/tremunpiercing.com\/?post_type=product&#038;p=7592"},"modified":"2025-09-30T13:02:39","modified_gmt":"2025-09-30T12:02:39","slug":"cavicide-surface-disinfectant-700ml","status":"publish","type":"product","link":"https:\/\/tremunpiercing.com\/pl\/product\/cavicide-surface-disinfectant-700ml\/","title":{"rendered":"Cavicide \u015arodek do dezynfekcji powierzchni (700ml)"},"content":{"rendered":"<p>Gotowy do u\u017cycia wielofunkcyjny \u015brodek do dezynfekcji powierzchni przeznaczony do stosowania na twardych, nieporowatych powierzchniach nieinwazyjnych urz\u0105dze\u0144 medycznych w klinikach stomatologicznych, w tym w obszarach opieki nad pacjentem i laboratoriach.<\/p>\n<p><strong>Charakterystyka:<\/strong><\/p>\n<ul>\n<li>Skuteczno\u015b\u0107 kliniczna: Bakteriob\u00f3jczy, wirusob\u00f3jczy, grzybob\u00f3jczy, tuberkulob\u00f3jczy i dro\u017cd\u017cob\u00f3jczy.<\/li>\n<li>Niszczy wi\u0119kszo\u015b\u0107 patogen\u00f3w w 3 minuty lub mniej.<\/li>\n<li>Szybko\u015b\u0107: zmniejsza ryzyko zanieczyszczenia krzy\u017cowego.<\/li>\n<li>Produkty gotowe do u\u017cycia, poniewa\u017c nie wymagaj\u0105 rozcie\u0144czania ani mieszania.<\/li>\n<li>Niska zawarto\u015b\u0107 alkoholu (poni\u017cej 20%) zapewnia doskona\u0142\u0105 kompatybilno\u015b\u0107 z materia\u0142ami.<\/li>\n<li>Skuteczny przeciwko koronawirusowi i mo\u017ce by\u0107 stosowany na nieinwazyjnych powierzchniach urz\u0105dze\u0144 medycznych.<\/li>\n<li>Neutralny zapach.<\/li>\n<\/ul>\n<p><strong>Zawarto\u015b\u0107: Pojemnik 700 ml.<\/strong><\/p>","protected":false},"excerpt":{"rendered":"<p>Gotowy do u\u017cycia wielofunkcyjny \u015brodek do dezynfekcji powierzchni przeznaczony do stosowania na twardych, nieporowatych powierzchniach nieinwazyjnych urz\u0105dze\u0144 medycznych w klinikach stomatologicznych, w tym w obszarach opieki nad pacjentem i laboratoriach.<\/p>\n<p><strong>Charakterystyka:<\/strong><\/p>\n<ul>\n<li>Skuteczno\u015b\u0107 kliniczna: Bakteriob\u00f3jczy, wirusob\u00f3jczy, grzybob\u00f3jczy, tuberkulob\u00f3jczy i dro\u017cd\u017cob\u00f3jczy.<\/li>\n<li>Niszczy wi\u0119kszo\u015b\u0107 patogen\u00f3w w 3 minuty lub mniej.<\/li>\n<li>Szybko\u015b\u0107: zmniejsza ryzyko zanieczyszczenia krzy\u017cowego.<\/li>\n<li>Produkty gotowe do u\u017cycia, poniewa\u017c nie wymagaj\u0105 rozcie\u0144czania ani mieszania.<\/li>\n<li>Niska zawarto\u015b\u0107 alkoholu (poni\u017cej 20%) zapewnia doskona\u0142\u0105 kompatybilno\u015b\u0107 z materia\u0142ami.<\/li>\n<li>Skuteczny przeciwko koronawirusowi i mo\u017ce by\u0107 stosowany na nieinwazyjnych powierzchniach urz\u0105dze\u0144 medycznych.<\/li>\n<li>Neutralny zapach.<\/li>\n<\/ul>","protected":false},"featured_media":7593,"comment_status":"closed","ping_status":"closed","template":"","meta":{"_acf_changed":false},"product_brand":[],"product_cat":[376,328],"product_tag":[279],"class_list":{"0":"post-7592","1":"product","2":"type-product","3":"status-publish","4":"has-post-thumbnail","6":"product_cat-medical-supplies","7":"product_cat-supplies","8":"product_tag-supplies","10":"first","11":"outofstock","12":"taxable","13":"shipping-taxable","14":"purchasable","15":"product-type-simple"},"acf":[],"gallery_images":[],"_links":{"self":[{"href":"https:\/\/tremunpiercing.com\/pl\/wp-json\/wp\/v2\/product\/7592","targetHints":{"allow":["GET"]}}],"collection":[{"href":"https:\/\/tremunpiercing.com\/pl\/wp-json\/wp\/v2\/product"}],"about":[{"href":"https:\/\/tremunpiercing.com\/pl\/wp-json\/wp\/v2\/types\/product"}],"replies":[{"embeddable":true,"href":"https:\/\/tremunpiercing.com\/pl\/wp-json\/wp\/v2\/comments?post=7592"}],"version-history":[{"count":0,"href":"https:\/\/tremunpiercing.com\/pl\/wp-json\/wp\/v2\/product\/7592\/revisions"}],"wp:featuredmedia":[{"embeddable":true,"href":"https:\/\/tremunpiercing.com\/pl\/wp-json\/wp\/v2\/media\/7593"}],"wp:attachment":[{"href":"https:\/\/tremunpiercing.com\/pl\/wp-json\/wp\/v2\/media?parent=7592"}],"wp:term":[{"taxonomy":"product_brand","embeddable":true,"href":"https:\/\/tremunpiercing.com\/pl\/wp-json\/wp\/v2\/product_brand?post=7592"},{"taxonomy":"product_cat","embeddable":true,"href":"https:\/\/tremunpiercing.com\/pl\/wp-json\/wp\/v2\/product_cat?post=7592"},{"taxonomy":"product_tag","embeddable":true,"href":"https:\/\/tremunpiercing.com\/pl\/wp-json\/wp\/v2\/product_tag?post=7592"}],"curies":[{"name":"wp","href":"https:\/\/api.w.org\/{rel}","templated":true}]}}