{"id":7794,"date":"2023-10-12T17:00:59","date_gmt":"2023-10-12T16:00:59","guid":{"rendered":"https:\/\/tremunpiercing.com\/?post_type=product&#038;p=7794"},"modified":"2026-04-01T13:30:26","modified_gmt":"2026-04-01T12:30:26","slug":"tiffany","status":"publish","type":"product","link":"https:\/\/tremunpiercing.com\/pl\/product\/tiffany\/","title":{"rendered":"Tiffany"},"content":{"rendered":"<p>Pier\u015bcie\u0144 zatrzaskowy \u201cTiffany\u201d \u0142\u0105czy w sobie wysokiej klasy materia\u0142y z wyrafinowanym blaskiem - kuty z tytanu klasy implantologicznej F-136, o grubo\u015bci 16G i w\u0105skiej \u015brednicy wewn\u0119trznej 8 mm, mo\u017ce by\u0107 noszony w kilku r\u00f3\u017cnych miejscach przek\u0142ucia: spirali, konchy, gawrona, a nawet przegrody lub \u015bci\u015ble dopasowanych obr\u0119czy chrz\u0105stki. Sze\u015bcienne cyrkonie osadzone w ramce zapewniaj\u0105 odpowiedni\u0105 ilo\u015b\u0107 blasku, a jednocze\u015bnie wygl\u0105daj\u0105 na czyste i wypolerowane. Zatrzaskowy styl pier\u015bcionka pozwala na \u0142atwy monta\u017c i demonta\u017c, co jest wa\u017cnym czynnikiem dla studi\u00f3w piercingu, kt\u00f3re chc\u0105 zmaksymalizowa\u0107 szybko\u015b\u0107 wymiany bi\u017cuterii, zar\u00f3wno dla swoich stylist\u00f3w w studio, jak i dla swoich klient\u00f3w.<\/p>\n<p>Tytan ASTM F-136, kt\u00f3ry nie zawiera niklu i jest hipoalergiczny, zapewnia pewno\u015b\u0107 przy przek\u0142uwaniu wra\u017cliwych uszu lub chrz\u0105stek. Jako hurtownik lub producent, posiadanie tej klasy pier\u015bcienia zatrzaskowego pomo\u017ce ci by\u0107 bardziej konkurencyjnym na rynkach Europy, Wielkiej Brytanii lub USA, gdzie konsumenci szukaj\u0105 wysokiej jako\u015bci materia\u0142\u00f3w i eleganckich wzor\u00f3w. Kliker \u201cTiffany\u201d zapewnia opcje dla studi\u00f3w poszukuj\u0105cych wysokiej klasy tytanowego pier\u015bcienia obr\u0119czy z polerowanym wyko\u0144czeniem i odrobin\u0105 blasku.<\/p>","protected":false},"excerpt":{"rendered":"<ul>\n<li>Pier\u015bcie\u0144 zatrzaskowy<\/li>\n<li>Materia\u0142: Tytan F-136 do implant\u00f3w<\/li>\n<li>\u015arednica: 8 mm<\/li>\n<li>Grubo\u015b\u0107: 16G<\/li>\n<li>Klejnot: Cyrkonia sze\u015bcienna<\/li>\n<\/ul>","protected":false},"featured_media":12777,"comment_status":"closed","ping_status":"closed","template":"","meta":{"_acf_changed":false},"product_brand":[],"product_cat":[341,340],"product_tag":[192,193,202,179,180,194,188,189,195,196,226,190,183,184,197,198],"class_list":{"0":"post-7794","1":"product","2":"type-product","3":"status-publish","4":"has-post-thumbnail","6":"product_cat-rings-titanium-jewelry","7":"product_cat-titanium-jewelry","8":"product_tag-anillo","9":"product_tag-argolla","10":"product_tag-clicker","11":"product_tag-cristal","12":"product_tag-cz","13":"product_tag-daith","14":"product_tag-ear","15":"product_tag-helix","16":"product_tag-hinged-ring","17":"product_tag-nariz","18":"product_tag-opal","19":"product_tag-oreja","20":"product_tag-perforacion","21":"product_tag-piercing","22":"product_tag-ring","23":"product_tag-septum","25":"first","26":"instock","27":"taxable","28":"shipping-taxable","29":"purchasable","30":"product-type-simple"},"acf":[],"gallery_images":[28526,28527],"_links":{"self":[{"href":"https:\/\/tremunpiercing.com\/pl\/wp-json\/wp\/v2\/product\/7794","targetHints":{"allow":["GET"]}}],"collection":[{"href":"https:\/\/tremunpiercing.com\/pl\/wp-json\/wp\/v2\/product"}],"about":[{"href":"https:\/\/tremunpiercing.com\/pl\/wp-json\/wp\/v2\/types\/product"}],"replies":[{"embeddable":true,"href":"https:\/\/tremunpiercing.com\/pl\/wp-json\/wp\/v2\/comments?post=7794"}],"version-history":[{"count":1,"href":"https:\/\/tremunpiercing.com\/pl\/wp-json\/wp\/v2\/product\/7794\/revisions"}],"predecessor-version":[{"id":28528,"href":"https:\/\/tremunpiercing.com\/pl\/wp-json\/wp\/v2\/product\/7794\/revisions\/28528"}],"wp:featuredmedia":[{"embeddable":true,"href":"https:\/\/tremunpiercing.com\/pl\/wp-json\/wp\/v2\/media\/12777"}],"wp:attachment":[{"href":"https:\/\/tremunpiercing.com\/pl\/wp-json\/wp\/v2\/media?parent=7794"}],"wp:term":[{"taxonomy":"product_brand","embeddable":true,"href":"https:\/\/tremunpiercing.com\/pl\/wp-json\/wp\/v2\/product_brand?post=7794"},{"taxonomy":"product_cat","embeddable":true,"href":"https:\/\/tremunpiercing.com\/pl\/wp-json\/wp\/v2\/product_cat?post=7794"},{"taxonomy":"product_tag","embeddable":true,"href":"https:\/\/tremunpiercing.com\/pl\/wp-json\/wp\/v2\/product_tag?post=7794"}],"curies":[{"name":"wp","href":"https:\/\/api.w.org\/{rel}","templated":true}]}}