{"id":8286,"date":"2023-11-17T13:20:52","date_gmt":"2023-11-17T12:20:52","guid":{"rendered":"https:\/\/tremunpiercing.com\/?post_type=product&#038;p=8286"},"modified":"2026-04-15T11:13:34","modified_gmt":"2026-04-15T10:13:34","slug":"cordis-yellow-gold","status":"publish","type":"product","link":"https:\/\/tremunpiercing.com\/pl\/product\/cordis-yellow-gold\/","title":{"rendered":"\u017b\u00f3\u0142te z\u0142oto Cordis"},"content":{"rendered":"<p>Podbij serca dzi\u0119ki Cordis, eleganckiemu i kapry\u015bnemu bezgwintowemu zako\u0144czeniu w kszta\u0142cie klasycznego serca. Starannie zaprojektowana i odlana z wykwintnego 14-karatowego \u017c\u00f3\u0142tego z\u0142ota z b\u0142yszcz\u0105cym, pe\u0142nym szlifem SW CZ po\u015brodku, aby nada\u0107 projektowi odrobin\u0119 g\u0142\u0119bi i blasku. Dost\u0119pne w 2 rozmiarach, to serce mo\u017ce by\u0107 u\u017cywane dla odrobiny kaprysu bez bycia m\u0142odym (5\u00d76 mm i 6\u00d77 mm). Jest to konstrukcja z gwintem wewn\u0119trznym dla \u0142atwego i bezpiecznego umieszczenia na prawie ka\u017cdym s\u0142upku.<\/p>\n<p>To urocze ma\u0142e serduszko jest idealne na romantyczny kolczyk do nozdrzy, aby doda\u0107 odrobin\u0119 s\u0142odyczy do przek\u0142ucia spirali lub p\u0142ata, lub jako pami\u0105tka w zestawie do p\u0119pka. Najwy\u017cszej jako\u015bci bestseller, kt\u00f3ry klienci uwielbiaj\u0105 nosi\u0107 z dum\u0105 i odnosz\u0105 si\u0119 do niego jako do elementu, kt\u00f3ry nadaje mu odrobin\u0119 osobowo\u015bci.<\/p>","protected":false},"excerpt":{"rendered":"<ul>\n<li>Wersje: Gwintowane wewn\u0119trznie i bezgwintowe<\/li>\n<li>Materia\u0142: \u017b\u00f3\u0142te z\u0142oto 14k<\/li>\n<li>Klejnot: SW CZ<\/li>\n<li>Grubo\u015b\u0107: 16G | 25G<\/li>\n<li>Rozmiar: 5 mm x 6 mm i 6 mm x 7 mm<\/li>\n<\/ul>","protected":false},"featured_media":18604,"comment_status":"closed","ping_status":"closed","template":"","meta":{"_acf_changed":false},"product_brand":[],"product_cat":[337,463,400],"product_tag":[187,188,189,205,206,212,190,183,213,184,207],"class_list":{"0":"post-8286","1":"product","2":"type-product","3":"status-publish","4":"has-post-thumbnail","6":"product_cat-gold-jewelry","7":"product_cat-tops-gold-tremun","8":"product_cat-tremun","9":"product_tag-conch","10":"product_tag-ear","11":"product_tag-helix","12":"product_tag-lobe","13":"product_tag-lobulo","14":"product_tag-medusa","15":"product_tag-oreja","16":"product_tag-perforacion","17":"product_tag-philtrum","18":"product_tag-piercing","19":"product_tag-tragus","21":"first","22":"instock","23":"taxable","24":"shipping-taxable","25":"purchasable","26":"product-type-variable","27":"has-default-attributes"},"acf":[],"gallery_images":[29709,29708],"_links":{"self":[{"href":"https:\/\/tremunpiercing.com\/pl\/wp-json\/wp\/v2\/product\/8286","targetHints":{"allow":["GET"]}}],"collection":[{"href":"https:\/\/tremunpiercing.com\/pl\/wp-json\/wp\/v2\/product"}],"about":[{"href":"https:\/\/tremunpiercing.com\/pl\/wp-json\/wp\/v2\/types\/product"}],"replies":[{"embeddable":true,"href":"https:\/\/tremunpiercing.com\/pl\/wp-json\/wp\/v2\/comments?post=8286"}],"version-history":[{"count":1,"href":"https:\/\/tremunpiercing.com\/pl\/wp-json\/wp\/v2\/product\/8286\/revisions"}],"predecessor-version":[{"id":29710,"href":"https:\/\/tremunpiercing.com\/pl\/wp-json\/wp\/v2\/product\/8286\/revisions\/29710"}],"wp:featuredmedia":[{"embeddable":true,"href":"https:\/\/tremunpiercing.com\/pl\/wp-json\/wp\/v2\/media\/18604"}],"wp:attachment":[{"href":"https:\/\/tremunpiercing.com\/pl\/wp-json\/wp\/v2\/media?parent=8286"}],"wp:term":[{"taxonomy":"product_brand","embeddable":true,"href":"https:\/\/tremunpiercing.com\/pl\/wp-json\/wp\/v2\/product_brand?post=8286"},{"taxonomy":"product_cat","embeddable":true,"href":"https:\/\/tremunpiercing.com\/pl\/wp-json\/wp\/v2\/product_cat?post=8286"},{"taxonomy":"product_tag","embeddable":true,"href":"https:\/\/tremunpiercing.com\/pl\/wp-json\/wp\/v2\/product_tag?post=8286"}],"curies":[{"name":"wp","href":"https:\/\/api.w.org\/{rel}","templated":true}]}}