{"id":8291,"date":"2023-11-17T13:31:08","date_gmt":"2023-11-17T12:31:08","guid":{"rendered":"https:\/\/tremunpiercing.com\/?post_type=product&#038;p=8291"},"modified":"2026-04-16T14:19:05","modified_gmt":"2026-04-16T13:19:05","slug":"marquise-5","status":"publish","type":"product","link":"https:\/\/tremunpiercing.com\/pl\/product\/marquise-5\/","title":{"rendered":"Marquise 5"},"content":{"rendered":"<p>Marquise 5 to nasza najwi\u0119ksza i najbardziej imponuj\u0105ca zawieszka w stylu markizy. Wykonany z 14-karatowego \u017c\u00f3\u0142tego z\u0142ota, Marquise 5 to wspania\u0142y SW CZ o szlifie markizy otoczony pi\u0119cioma b\u0142yszcz\u0105cymi okr\u0105g\u0142ymi kryszta\u0142ami w niezapomnianym kszta\u0142cie hybrydy kwiatowo-gwiezdnej. Marquise 5 jest du\u017cy (oko\u0142o 6\u00d712 mm) i zaprojektowany z my\u015bl\u0105 o maksymalnej prezencji.<\/p>\n<p>Marquise 5 dzia\u0142a najlepiej w miejscach, kt\u00f3re pozwalaj\u0105 na jego \u015bwietn\u0105 obecno\u015b\u0107, a idealne miejsca to koncha, daith lub p\u0142atek do projektu ucha lub osza\u0142amiaj\u0105cy kawa\u0142ek p\u0119pka, a nawet jako odwa\u017cne zako\u0144czenie sztangi powierzchniowej. Je\u015bli klient szuka prawdziwego klejnotu na swoim ciele, Marquise 5 to pozycja obowi\u0105zkowa.<\/p>","protected":false},"excerpt":{"rendered":"<ul>\n<li>Gwint wewn\u0119trzny<\/li>\n<li>Materia\u0142: \u017b\u00f3\u0142te z\u0142oto 14k<\/li>\n<li>Klejnot: SW CZ<\/li>\n<li>Grubo\u015b\u0107: 16G - 14G<\/li>\n<li>Rozmiar: 9 mm x 5 mm - 12 mm x 6 mm<\/li>\n<\/ul>","protected":false},"featured_media":18607,"comment_status":"closed","ping_status":"closed","template":"","meta":{"_acf_changed":false},"product_brand":[],"product_cat":[337,400,463],"product_tag":[187,188,189,205,206,212,190,183,213,184,207],"class_list":{"0":"post-8291","1":"product","2":"type-product","3":"status-publish","4":"has-post-thumbnail","6":"product_cat-gold-jewelry","7":"product_cat-tremun","8":"product_cat-tops-gold-tremun","9":"product_tag-conch","10":"product_tag-ear","11":"product_tag-helix","12":"product_tag-lobe","13":"product_tag-lobulo","14":"product_tag-medusa","15":"product_tag-oreja","16":"product_tag-perforacion","17":"product_tag-philtrum","18":"product_tag-piercing","19":"product_tag-tragus","21":"first","22":"instock","23":"taxable","24":"shipping-taxable","25":"purchasable","26":"product-type-variable"},"acf":[],"gallery_images":[29694,29693],"_links":{"self":[{"href":"https:\/\/tremunpiercing.com\/pl\/wp-json\/wp\/v2\/product\/8291","targetHints":{"allow":["GET"]}}],"collection":[{"href":"https:\/\/tremunpiercing.com\/pl\/wp-json\/wp\/v2\/product"}],"about":[{"href":"https:\/\/tremunpiercing.com\/pl\/wp-json\/wp\/v2\/types\/product"}],"replies":[{"embeddable":true,"href":"https:\/\/tremunpiercing.com\/pl\/wp-json\/wp\/v2\/comments?post=8291"}],"version-history":[{"count":1,"href":"https:\/\/tremunpiercing.com\/pl\/wp-json\/wp\/v2\/product\/8291\/revisions"}],"predecessor-version":[{"id":29696,"href":"https:\/\/tremunpiercing.com\/pl\/wp-json\/wp\/v2\/product\/8291\/revisions\/29696"}],"wp:featuredmedia":[{"embeddable":true,"href":"https:\/\/tremunpiercing.com\/pl\/wp-json\/wp\/v2\/media\/18607"}],"wp:attachment":[{"href":"https:\/\/tremunpiercing.com\/pl\/wp-json\/wp\/v2\/media?parent=8291"}],"wp:term":[{"taxonomy":"product_brand","embeddable":true,"href":"https:\/\/tremunpiercing.com\/pl\/wp-json\/wp\/v2\/product_brand?post=8291"},{"taxonomy":"product_cat","embeddable":true,"href":"https:\/\/tremunpiercing.com\/pl\/wp-json\/wp\/v2\/product_cat?post=8291"},{"taxonomy":"product_tag","embeddable":true,"href":"https:\/\/tremunpiercing.com\/pl\/wp-json\/wp\/v2\/product_tag?post=8291"}],"curies":[{"name":"wp","href":"https:\/\/api.w.org\/{rel}","templated":true}]}}