{"id":8295,"date":"2023-11-17T13:37:47","date_gmt":"2023-11-17T12:37:47","guid":{"rendered":"https:\/\/tremunpiercing.com\/?post_type=product&#038;p=8295"},"modified":"2026-02-25T14:37:47","modified_gmt":"2026-02-25T13:37:47","slug":"marquise-3","status":"publish","type":"product","link":"https:\/\/tremunpiercing.com\/pl\/product\/marquise-3\/","title":{"rendered":"Marquise 3"},"content":{"rendered":"<p>Bezgwintowa zawieszka Marquise 3 to geometryczny element, kt\u00f3ry jest zar\u00f3wno odwa\u017cny, jak i wyrafinowany. Wykonany z luksusowego 14-karatowego \u017c\u00f3\u0142tego z\u0142ota, zosta\u0142 zaprojektowany wok\u00f3\u0142 SW CZ o szlifie markizowym, kt\u00f3ry jest elegancko otoczony trzema b\u0142yszcz\u0105cymi okr\u0105g\u0142ymi kryszta\u0142ami, rozszerzonymi w tr\u00f3jk\u0105tnej pozycji, zapewniaj\u0105c ruch i wizualne zainteresowanie. Dzi\u0119ki wizualnej widoczno\u015bci mo\u017cna ufa\u0107, \u017ce jest dobrze skonstruowany z wewn\u0119trznie gwintowan\u0105 podstaw\u0105.<\/p>\n<p>Odwa\u017cny kszta\u0142t (rozmiary 4 mm x 5,5 mm lub 5 mm x 7 mm) jest przeznaczony do sk\u0142adania o\u015bwiadcze\u0144. Sprawdzi si\u0119 jako akcent w przek\u0142uciu nozdrzy, dramatyczny \u0107wiek do wargi Monroe lub Labret lub odwa\u017cny akcent w przek\u0142uciu p\u0142askim lub konchowym. Top dla klient\u00f3w, kt\u00f3rzy chc\u0105 pokaza\u0107 swoje wyrafinowanie.<\/p>","protected":false},"excerpt":{"rendered":"<ul>\n<li>Sworze\u0144 bezgwintowy<\/li>\n<li>Materia\u0142: \u017b\u00f3\u0142te z\u0142oto 14k<\/li>\n<li>Klejnot: SW CZ<\/li>\n<li>Grubo\u015b\u0107: 25G<\/li>\n<li>Rozmiar: 4 mm x 5,5 mm \/ 5 mm x 7 mm<\/li>\n<\/ul>","protected":false},"featured_media":12556,"comment_status":"closed","ping_status":"closed","template":"","meta":{"_acf_changed":false},"product_brand":[],"product_cat":[337,463,400],"product_tag":[187,188,189,205,206,212,190,183,213,184,207],"class_list":{"0":"post-8295","1":"product","2":"type-product","3":"status-publish","4":"has-post-thumbnail","6":"product_cat-gold-jewelry","7":"product_cat-tops-gold-tremun","8":"product_cat-tremun","9":"product_tag-conch","10":"product_tag-ear","11":"product_tag-helix","12":"product_tag-lobe","13":"product_tag-lobulo","14":"product_tag-medusa","15":"product_tag-oreja","16":"product_tag-perforacion","17":"product_tag-philtrum","18":"product_tag-piercing","19":"product_tag-tragus","21":"first","22":"instock","23":"taxable","24":"shipping-taxable","25":"product-type-variable"},"acf":[],"gallery_images":[12555],"_links":{"self":[{"href":"https:\/\/tremunpiercing.com\/pl\/wp-json\/wp\/v2\/product\/8295","targetHints":{"allow":["GET"]}}],"collection":[{"href":"https:\/\/tremunpiercing.com\/pl\/wp-json\/wp\/v2\/product"}],"about":[{"href":"https:\/\/tremunpiercing.com\/pl\/wp-json\/wp\/v2\/types\/product"}],"replies":[{"embeddable":true,"href":"https:\/\/tremunpiercing.com\/pl\/wp-json\/wp\/v2\/comments?post=8295"}],"version-history":[{"count":0,"href":"https:\/\/tremunpiercing.com\/pl\/wp-json\/wp\/v2\/product\/8295\/revisions"}],"wp:featuredmedia":[{"embeddable":true,"href":"https:\/\/tremunpiercing.com\/pl\/wp-json\/wp\/v2\/media\/12556"}],"wp:attachment":[{"href":"https:\/\/tremunpiercing.com\/pl\/wp-json\/wp\/v2\/media?parent=8295"}],"wp:term":[{"taxonomy":"product_brand","embeddable":true,"href":"https:\/\/tremunpiercing.com\/pl\/wp-json\/wp\/v2\/product_brand?post=8295"},{"taxonomy":"product_cat","embeddable":true,"href":"https:\/\/tremunpiercing.com\/pl\/wp-json\/wp\/v2\/product_cat?post=8295"},{"taxonomy":"product_tag","embeddable":true,"href":"https:\/\/tremunpiercing.com\/pl\/wp-json\/wp\/v2\/product_tag?post=8295"}],"curies":[{"name":"wp","href":"https:\/\/api.w.org\/{rel}","templated":true}]}}