{"id":9069,"date":"2024-03-12T14:34:18","date_gmt":"2024-03-12T13:34:18","guid":{"rendered":"https:\/\/tremunpiercing.com\/?post_type=product&#038;p=9069"},"modified":"2026-04-15T09:58:24","modified_gmt":"2026-04-15T08:58:24","slug":"sun-yellow-gold","status":"publish","type":"product","link":"https:\/\/tremunpiercing.com\/pl\/product\/sun-yellow-gold\/","title":{"rendered":"\u017b\u00f3\u0142te z\u0142oto s\u0142oneczne"},"content":{"rendered":"<p>Wzboga\u0107 swoj\u0105 kolekcj\u0119 o bezgwintowy top Sun Yellow Gold firmy Shanga Jewellery. Wykonany r\u0119cznie z 18-karatowego \u017c\u00f3\u0142tego z\u0142ota i wyposa\u017cony w promienn\u0105 cyrkoni\u0119 sze\u015bcienn\u0105, ten projekt uosabia zar\u00f3wno natur\u0119 blasku, jak i ciep\u0142a. Mo\u017ce by\u0107 noszony zar\u00f3wno z bezgwintowymi sztyftami 16G, jak i 14G, dzi\u0119ki czemu jest kompatybilny z przek\u0142uciem spiralnym, tragusowym lub p\u0142askim. Misterny kszta\u0142t sunburst zapewnia odwa\u017cny, ale delikatny wygl\u0105d, kt\u00f3ry mo\u017ce wzmocni\u0107 ka\u017cdy projekt ucha.<\/p>\n<p>Bezgwintowy top Sun Gold to ulubiony produkt profesjonalnych piercer\u00f3w, znany z precyzyjnego dopasowania i \u0142atwego systemu push-pin - idealne po\u0142\u0105czenie kunsztu i stylu. Bezgwintowy top Sun Yellow Gold jest idealny dla studi\u00f3w, kt\u00f3re oferuj\u0105 wysokiej klasy z\u0142ot\u0105 bi\u017cuteri\u0119 do piercingu.<\/p>","protected":false},"excerpt":{"rendered":"<ul>\n<li>Bezgwintowy - g\u00f3rny trzpie\u0144<\/li>\n<li>Materia\u0142: \u017b\u00f3\u0142te z\u0142oto 18k<\/li>\n<li>Klejnot: Cyrkonia sze\u015bcienna<\/li>\n<li>Kompatybilny z bezgwintowymi sztyftami 16G i 14G<\/li>\n<li>Rozmiar: Du\u017cy - Ma\u0142y<\/li>\n<li>Marka: Shanga Jewellery<\/li>\n<\/ul>","protected":false},"featured_media":13278,"comment_status":"closed","ping_status":"closed","template":"","meta":{"_acf_changed":false},"product_brand":[],"product_cat":[337,398],"product_tag":[187,188,189,205,206,212,190,183,213,184,207],"class_list":{"0":"post-9069","1":"product","2":"type-product","3":"status-publish","4":"has-post-thumbnail","6":"product_cat-gold-jewelry","7":"product_cat-shanga","8":"product_tag-conch","9":"product_tag-ear","10":"product_tag-helix","11":"product_tag-lobe","12":"product_tag-lobulo","13":"product_tag-medusa","14":"product_tag-oreja","15":"product_tag-perforacion","16":"product_tag-philtrum","17":"product_tag-piercing","18":"product_tag-tragus","20":"first","21":"instock","22":"taxable","23":"shipping-taxable","24":"purchasable","25":"product-type-variable"},"acf":[],"gallery_images":[29679,29680],"_links":{"self":[{"href":"https:\/\/tremunpiercing.com\/pl\/wp-json\/wp\/v2\/product\/9069","targetHints":{"allow":["GET"]}}],"collection":[{"href":"https:\/\/tremunpiercing.com\/pl\/wp-json\/wp\/v2\/product"}],"about":[{"href":"https:\/\/tremunpiercing.com\/pl\/wp-json\/wp\/v2\/types\/product"}],"replies":[{"embeddable":true,"href":"https:\/\/tremunpiercing.com\/pl\/wp-json\/wp\/v2\/comments?post=9069"}],"version-history":[{"count":1,"href":"https:\/\/tremunpiercing.com\/pl\/wp-json\/wp\/v2\/product\/9069\/revisions"}],"predecessor-version":[{"id":28963,"href":"https:\/\/tremunpiercing.com\/pl\/wp-json\/wp\/v2\/product\/9069\/revisions\/28963"}],"wp:featuredmedia":[{"embeddable":true,"href":"https:\/\/tremunpiercing.com\/pl\/wp-json\/wp\/v2\/media\/13278"}],"wp:attachment":[{"href":"https:\/\/tremunpiercing.com\/pl\/wp-json\/wp\/v2\/media?parent=9069"}],"wp:term":[{"taxonomy":"product_brand","embeddable":true,"href":"https:\/\/tremunpiercing.com\/pl\/wp-json\/wp\/v2\/product_brand?post=9069"},{"taxonomy":"product_cat","embeddable":true,"href":"https:\/\/tremunpiercing.com\/pl\/wp-json\/wp\/v2\/product_cat?post=9069"},{"taxonomy":"product_tag","embeddable":true,"href":"https:\/\/tremunpiercing.com\/pl\/wp-json\/wp\/v2\/product_tag?post=9069"}],"curies":[{"name":"wp","href":"https:\/\/api.w.org\/{rel}","templated":true}]}}