{"id":9087,"date":"2024-03-12T15:16:21","date_gmt":"2024-03-12T14:16:21","guid":{"rendered":"https:\/\/tremunpiercing.com\/?post_type=product&#038;p=9087"},"modified":"2026-02-14T13:46:38","modified_gmt":"2026-02-14T12:46:38","slug":"pear-chevron","status":"publish","type":"product","link":"https:\/\/tremunpiercing.com\/pl\/product\/pear-chevron\/","title":{"rendered":"Pear Prong"},"content":{"rendered":"<p>Delikatny i l\u015bni\u0105cy, Pear Prong od Shanga Jewellery to klasyczny kawa\u0142ek 18-karatowego \u017c\u00f3\u0142tego z\u0142ota z nieskaziteln\u0105 cyrkoni\u0105 sze\u015bcienn\u0105 i tradycyjnym wzorem w kszta\u0142cie gruszki. Duet w szlifie gruszki jest dost\u0119pny w dw\u00f3ch rozmiarach, zaprojektowanych z my\u015bl\u0105 o r\u00f3\u017cnorodno\u015bci podczas tworzenia innego wygl\u0105du z kolczykami. Mo\u017ce pomie\u015bci\u0107 bezgwintowe sztyfty labretowe 16G lub 14G i mo\u017ce by\u0107 noszony wsz\u0119dzie tam, gdzie chcesz odrobiny elegancji, niezale\u017cnie od tego, czy jest to kolczyk p\u0142atkowy, spiralny czy p\u0142aski; oferuje odrobin\u0119 blasku w dowolnym miejscu i orientacji.<\/p>\n<p>Mechanizm pushpin jest stabilny przy lekkim naci\u015bni\u0119ciu i pozwala piercerowi na umieszczenie z\u0119ba w celu precyzyjnego umieszczenia, zapewniaj\u0105c jednocze\u015bnie klientom komfort i luksus przez d\u0142ugi czas. Ka\u017cdy kamie\u0144 szlachetny jest r\u0119cznie osadzany, aby pokaza\u0107 jego blask, a z\u0142ota podstawa utrzymuje jego wieczny po\u0142ysk. Pear Prong to fantastyczna opcja dla studi\u00f3w lub sprzedawc\u00f3w detalicznych, kt\u00f3rzy ceni\u0105 sobie nieskomplikowane, zdobione opcje z dodatkiem rzemie\u015blniczej jako\u015bci i b\u0119d\u0105 wyr\u00f3\u017cnia\u0107 si\u0119 w ka\u017cdej kolekcji.<\/p>","protected":false},"excerpt":{"rendered":"<ul>\n<li>G\u00f3ra bez gwintu - trzpie\u0144 ze stali nierdzewnej 25 ga<\/li>\n<li>Materia\u0142: \u017b\u00f3\u0142te z\u0142oto 18k<\/li>\n<li>Klejnot: Cyrkonia sze\u015bcienna<\/li>\n<li>Kompatybilny z bezgwintowymi sztyftami 16G i 14G<\/li>\n<li>Rozmiar: Du\u017cy 3,2mm x 5,7mm - Ma\u0142y 2,3mm x 4,6mm<\/li>\n<li>Marka: Shanga Jewellery<\/li>\n<\/ul>","protected":false},"featured_media":10173,"comment_status":"closed","ping_status":"closed","template":"","meta":{"_acf_changed":false},"product_brand":[],"product_cat":[337,398],"product_tag":[187,188,189,205,206,212,190,183,213,184,207],"class_list":{"0":"post-9087","1":"product","2":"type-product","3":"status-publish","4":"has-post-thumbnail","6":"product_cat-gold-jewelry","7":"product_cat-shanga","8":"product_tag-conch","9":"product_tag-ear","10":"product_tag-helix","11":"product_tag-lobe","12":"product_tag-lobulo","13":"product_tag-medusa","14":"product_tag-oreja","15":"product_tag-perforacion","16":"product_tag-philtrum","17":"product_tag-piercing","18":"product_tag-tragus","20":"first","21":"instock","22":"taxable","23":"shipping-taxable","24":"product-type-variable"},"acf":[],"gallery_images":[],"_links":{"self":[{"href":"https:\/\/tremunpiercing.com\/pl\/wp-json\/wp\/v2\/product\/9087","targetHints":{"allow":["GET"]}}],"collection":[{"href":"https:\/\/tremunpiercing.com\/pl\/wp-json\/wp\/v2\/product"}],"about":[{"href":"https:\/\/tremunpiercing.com\/pl\/wp-json\/wp\/v2\/types\/product"}],"replies":[{"embeddable":true,"href":"https:\/\/tremunpiercing.com\/pl\/wp-json\/wp\/v2\/comments?post=9087"}],"version-history":[{"count":0,"href":"https:\/\/tremunpiercing.com\/pl\/wp-json\/wp\/v2\/product\/9087\/revisions"}],"wp:featuredmedia":[{"embeddable":true,"href":"https:\/\/tremunpiercing.com\/pl\/wp-json\/wp\/v2\/media\/10173"}],"wp:attachment":[{"href":"https:\/\/tremunpiercing.com\/pl\/wp-json\/wp\/v2\/media?parent=9087"}],"wp:term":[{"taxonomy":"product_brand","embeddable":true,"href":"https:\/\/tremunpiercing.com\/pl\/wp-json\/wp\/v2\/product_brand?post=9087"},{"taxonomy":"product_cat","embeddable":true,"href":"https:\/\/tremunpiercing.com\/pl\/wp-json\/wp\/v2\/product_cat?post=9087"},{"taxonomy":"product_tag","embeddable":true,"href":"https:\/\/tremunpiercing.com\/pl\/wp-json\/wp\/v2\/product_tag?post=9087"}],"curies":[{"name":"wp","href":"https:\/\/api.w.org\/{rel}","templated":true}]}}