{"id":9127,"date":"2024-03-12T21:07:41","date_gmt":"2024-03-12T20:07:41","guid":{"rendered":"https:\/\/tremunpiercing.com\/?post_type=product&#038;p=9127"},"modified":"2026-04-14T14:02:10","modified_gmt":"2026-04-14T13:02:10","slug":"dolomitri-triangle","status":"publish","type":"product","link":"https:\/\/tremunpiercing.com\/pl\/product\/dolomitri-triangle\/","title":{"rendered":"Dolomiti Triangle"},"content":{"rendered":"<p>Inspired by geometry, the Dolomiti Triangle by Shanga Jewellery demonstrates precision design and shining detail. The piece is made from 18k yellow gold and has a triangular shape with brilliant cubic zirconia stones that catch the light. Sized approximately 8 mm x 5 mm, this threaded top fits securely with all internally threaded labret posts, making it suitable for curating refined piercing aesthetics in helix or conch placements.<\/p>\n<p>The Dolomiti Triangle expresses Shanga&#8217;s signature craftsmanship and style. The contemporary and lasting quality pleases professionals with any studios looking to stock fine-quality gold piercing jewelry.<\/p>","protected":false},"excerpt":{"rendered":"<ul>\n<li>Gwintowana g\u00f3ra<\/li>\n<li>Materia\u0142: \u017b\u00f3\u0142te z\u0142oto 18k<\/li>\n<li>Klejnot: Cyrkonia sze\u015bcienna<\/li>\n<li>Grubo\u015b\u0107: 14G - 1,6 mm<\/li>\n<li>Kompatybilny z sztyftami labretowymi z gwintem wewn\u0119trznym 14G<\/li>\n<li>Size: 8mm x 5mm approx.<\/li>\n<li>Marka: Shanga Jewellery<\/li>\n<\/ul>","protected":false},"featured_media":12798,"comment_status":"closed","ping_status":"closed","template":"","meta":{"_acf_changed":false},"product_brand":[],"product_cat":[337,398],"product_tag":[187,188,189,205,206,212,190,183,213,184,207],"class_list":{"0":"post-9127","1":"product","2":"type-product","3":"status-publish","4":"has-post-thumbnail","6":"product_cat-gold-jewelry","7":"product_cat-shanga","8":"product_tag-conch","9":"product_tag-ear","10":"product_tag-helix","11":"product_tag-lobe","12":"product_tag-lobulo","13":"product_tag-medusa","14":"product_tag-oreja","15":"product_tag-perforacion","16":"product_tag-philtrum","17":"product_tag-piercing","18":"product_tag-tragus","20":"first","21":"instock","22":"taxable","23":"shipping-taxable","24":"purchasable","25":"product-type-simple"},"acf":[],"gallery_images":[29653,29654],"_links":{"self":[{"href":"https:\/\/tremunpiercing.com\/pl\/wp-json\/wp\/v2\/product\/9127","targetHints":{"allow":["GET"]}}],"collection":[{"href":"https:\/\/tremunpiercing.com\/pl\/wp-json\/wp\/v2\/product"}],"about":[{"href":"https:\/\/tremunpiercing.com\/pl\/wp-json\/wp\/v2\/types\/product"}],"replies":[{"embeddable":true,"href":"https:\/\/tremunpiercing.com\/pl\/wp-json\/wp\/v2\/comments?post=9127"}],"version-history":[{"count":1,"href":"https:\/\/tremunpiercing.com\/pl\/wp-json\/wp\/v2\/product\/9127\/revisions"}],"predecessor-version":[{"id":29655,"href":"https:\/\/tremunpiercing.com\/pl\/wp-json\/wp\/v2\/product\/9127\/revisions\/29655"}],"wp:featuredmedia":[{"embeddable":true,"href":"https:\/\/tremunpiercing.com\/pl\/wp-json\/wp\/v2\/media\/12798"}],"wp:attachment":[{"href":"https:\/\/tremunpiercing.com\/pl\/wp-json\/wp\/v2\/media?parent=9127"}],"wp:term":[{"taxonomy":"product_brand","embeddable":true,"href":"https:\/\/tremunpiercing.com\/pl\/wp-json\/wp\/v2\/product_brand?post=9127"},{"taxonomy":"product_cat","embeddable":true,"href":"https:\/\/tremunpiercing.com\/pl\/wp-json\/wp\/v2\/product_cat?post=9127"},{"taxonomy":"product_tag","embeddable":true,"href":"https:\/\/tremunpiercing.com\/pl\/wp-json\/wp\/v2\/product_tag?post=9127"}],"curies":[{"name":"wp","href":"https:\/\/api.w.org\/{rel}","templated":true}]}}