{"id":9141,"date":"2024-03-13T15:32:46","date_gmt":"2024-03-13T14:32:46","guid":{"rendered":"https:\/\/tremunpiercing.com\/?post_type=product&#038;p=9141"},"modified":"2026-04-16T14:18:59","modified_gmt":"2026-04-16T13:18:59","slug":"serena-v2","status":"publish","type":"product","link":"https:\/\/tremunpiercing.com\/pl\/product\/serena-v2\/","title":{"rendered":"Serena V2"},"content":{"rendered":"<p>Serena V2 to gwintowany top Shanga Jewellery, wykonany r\u0119cznie z litego 18-karatowego \u017c\u00f3\u0142tego z\u0142ota z cyrkoniami sze\u015bciennymi dla niesamowitego blasku w konstrukcji 8,5 mm x 8,5 mm. Zbudowana z my\u015bl\u0105 o gwintowaniu wewn\u0119trznym 14G, Serena V2 zapewnia profesjonalne, bezpieczne dopasowanie i najlepszy mo\u017cliwy proces instalacji. Idealny do kolczyk\u00f3w typu conch, helix lub lobe, symetryczny kszta\u0142t Serena V2 pozwala na dodanie r\u00f3wnowagi i blasku do ka\u017cdego zestawu bi\u017cuterii do piercingu. Polska perfekcja - mo\u017cna powiedzie\u0107, \u017ce Shanga dba o luksus i kunszt w ka\u017cdym elemencie. Serena V2 jest pi\u0119kn\u0105 opcj\u0105 dla studi\u00f3w piercingu poszukuj\u0105cych ekskluzywnej, r\u0119cznie robionej, charakterystycznej, wysokiej klasy z\u0142otej bi\u017cuterii.<\/p>","protected":false},"excerpt":{"rendered":"<ul>\n<li>Gwintowana g\u00f3ra<\/li>\n<li>Materia\u0142: \u017b\u00f3\u0142te z\u0142oto 18k g\u00f3ra, nierdzewna szpilka<\/li>\n<li>Klejnot: Cyrkonia sze\u015bcienna<\/li>\n<li>Grubo\u015b\u0107: 14G - 1,6 mm<\/li>\n<li>Kompatybilny z sztyftami labretowymi z gwintem wewn\u0119trznym 14G<\/li>\n<li>Rozmiar: ok. 8,5 mm x 8,5 mm.<\/li>\n<li>Marka: Shanga Jewellery<\/li>\n<\/ul>","protected":false},"featured_media":9142,"comment_status":"closed","ping_status":"closed","template":"","meta":{"_acf_changed":false},"product_brand":[],"product_cat":[337,398],"product_tag":[187,188,189,205,206,212,190,183,213,184,207],"class_list":{"0":"post-9141","1":"product","2":"type-product","3":"status-publish","4":"has-post-thumbnail","6":"product_cat-gold-jewelry","7":"product_cat-shanga","8":"product_tag-conch","9":"product_tag-ear","10":"product_tag-helix","11":"product_tag-lobe","12":"product_tag-lobulo","13":"product_tag-medusa","14":"product_tag-oreja","15":"product_tag-perforacion","16":"product_tag-philtrum","17":"product_tag-piercing","18":"product_tag-tragus","20":"first","21":"instock","22":"taxable","23":"shipping-taxable","24":"purchasable","25":"product-type-simple"},"acf":[],"gallery_images":[29647,29646],"_links":{"self":[{"href":"https:\/\/tremunpiercing.com\/pl\/wp-json\/wp\/v2\/product\/9141","targetHints":{"allow":["GET"]}}],"collection":[{"href":"https:\/\/tremunpiercing.com\/pl\/wp-json\/wp\/v2\/product"}],"about":[{"href":"https:\/\/tremunpiercing.com\/pl\/wp-json\/wp\/v2\/types\/product"}],"replies":[{"embeddable":true,"href":"https:\/\/tremunpiercing.com\/pl\/wp-json\/wp\/v2\/comments?post=9141"}],"version-history":[{"count":1,"href":"https:\/\/tremunpiercing.com\/pl\/wp-json\/wp\/v2\/product\/9141\/revisions"}],"predecessor-version":[{"id":29648,"href":"https:\/\/tremunpiercing.com\/pl\/wp-json\/wp\/v2\/product\/9141\/revisions\/29648"}],"wp:featuredmedia":[{"embeddable":true,"href":"https:\/\/tremunpiercing.com\/pl\/wp-json\/wp\/v2\/media\/9142"}],"wp:attachment":[{"href":"https:\/\/tremunpiercing.com\/pl\/wp-json\/wp\/v2\/media?parent=9141"}],"wp:term":[{"taxonomy":"product_brand","embeddable":true,"href":"https:\/\/tremunpiercing.com\/pl\/wp-json\/wp\/v2\/product_brand?post=9141"},{"taxonomy":"product_cat","embeddable":true,"href":"https:\/\/tremunpiercing.com\/pl\/wp-json\/wp\/v2\/product_cat?post=9141"},{"taxonomy":"product_tag","embeddable":true,"href":"https:\/\/tremunpiercing.com\/pl\/wp-json\/wp\/v2\/product_tag?post=9141"}],"curies":[{"name":"wp","href":"https:\/\/api.w.org\/{rel}","templated":true}]}}