{"id":9184,"date":"2024-03-13T17:18:55","date_gmt":"2024-03-13T16:18:55","guid":{"rendered":"https:\/\/tremunpiercing.com\/?post_type=product&#038;p=9184"},"modified":"2026-04-14T13:59:00","modified_gmt":"2026-04-14T12:59:00","slug":"marquise-tetris","status":"publish","type":"product","link":"https:\/\/tremunpiercing.com\/pl\/product\/marquise-tetris\/","title":{"rendered":"Marquise Tetris"},"content":{"rendered":"<p>Marquise Tetris Threaded Top od Shanga Jewellery pozwala geometrycznemu wzornictwu znale\u017a\u0107 harmoni\u0119 z przyci\u0105gaj\u0105cym wzrok blaskiem! Wykonany z 18-karatowego \u017c\u00f3\u0142tego z\u0142ota z cyrkoniami o szlifie markizowym, ten wyj\u0105tkowy top zosta\u0142 zaprojektowany tak, aby wygodnie pasowa\u0142 do ka\u017cdej spirali, konchy lub p\u0142askiego piercingu w kolekcji bi\u017cuterii do cia\u0142a.<\/p>\n<p>Zaprojektowany z my\u015bl\u0105 o gwintowaniu wewn\u0119trznym 14G, ten wysokiej jako\u015bci top zosta\u0142 zaprojektowany tak, aby by\u0142 stabilny i wygodny, zachowuj\u0105c jednocze\u015bnie po\u0142ysk. Polerowane wyko\u0144czenie i geometryczna symetria nadaj\u0105 mu nowoczesny wygl\u0105d, jednocze\u015bnie pozwalaj\u0105c wyr\u00f3\u017cni\u0107 si\u0119 w\u015br\u00f3d innych kolczyk\u00f3w. Ka\u017cdy klejnot jest zabezpieczony w spos\u00f3b, kt\u00f3ry maksymalizuje blask, kt\u00f3ry staje si\u0119 najbardziej widoczny w uchu. Ten pi\u0119kny top jest najlepszym dodatkiem do studia, kt\u00f3re chce podnie\u015b\u0107 jako\u015b\u0107 swoich najlepszych wybor\u00f3w, jednocze\u015bnie nosz\u0105c unikalnie zaprojektowan\u0105 z\u0142ot\u0105 bi\u017cuteri\u0119, kt\u00f3ra przyci\u0105ga wzrok.<\/p>","protected":false},"excerpt":{"rendered":"<ul>\n<li>Gwintowana g\u00f3ra<\/li>\n<li>Materia\u0142: \u017b\u00f3\u0142te z\u0142oto 18k<\/li>\n<li>Klejnot: Cyrkonia sze\u015bcienna<\/li>\n<li>Grubo\u015b\u0107: 14G - 1,6 mm<\/li>\n<li>Kompatybilny z sztyftami labretowymi z gwintem wewn\u0119trznym 14G<\/li>\n<li>Marka: Shanga Jewellery<\/li>\n<\/ul>","protected":false},"featured_media":13277,"comment_status":"closed","ping_status":"closed","template":"","meta":{"_acf_changed":false},"product_brand":[],"product_cat":[337,398],"product_tag":[187,188,189,205,206,212,190,183,213,184,207],"class_list":{"0":"post-9184","1":"product","2":"type-product","3":"status-publish","4":"has-post-thumbnail","6":"product_cat-gold-jewelry","7":"product_cat-shanga","8":"product_tag-conch","9":"product_tag-ear","10":"product_tag-helix","11":"product_tag-lobe","12":"product_tag-lobulo","13":"product_tag-medusa","14":"product_tag-oreja","15":"product_tag-perforacion","16":"product_tag-philtrum","17":"product_tag-piercing","18":"product_tag-tragus","20":"first","21":"instock","22":"taxable","23":"shipping-taxable","24":"purchasable","25":"product-type-simple"},"acf":[],"gallery_images":[29650,29649],"_links":{"self":[{"href":"https:\/\/tremunpiercing.com\/pl\/wp-json\/wp\/v2\/product\/9184","targetHints":{"allow":["GET"]}}],"collection":[{"href":"https:\/\/tremunpiercing.com\/pl\/wp-json\/wp\/v2\/product"}],"about":[{"href":"https:\/\/tremunpiercing.com\/pl\/wp-json\/wp\/v2\/types\/product"}],"replies":[{"embeddable":true,"href":"https:\/\/tremunpiercing.com\/pl\/wp-json\/wp\/v2\/comments?post=9184"}],"version-history":[{"count":2,"href":"https:\/\/tremunpiercing.com\/pl\/wp-json\/wp\/v2\/product\/9184\/revisions"}],"predecessor-version":[{"id":29652,"href":"https:\/\/tremunpiercing.com\/pl\/wp-json\/wp\/v2\/product\/9184\/revisions\/29652"}],"wp:featuredmedia":[{"embeddable":true,"href":"https:\/\/tremunpiercing.com\/pl\/wp-json\/wp\/v2\/media\/13277"}],"wp:attachment":[{"href":"https:\/\/tremunpiercing.com\/pl\/wp-json\/wp\/v2\/media?parent=9184"}],"wp:term":[{"taxonomy":"product_brand","embeddable":true,"href":"https:\/\/tremunpiercing.com\/pl\/wp-json\/wp\/v2\/product_brand?post=9184"},{"taxonomy":"product_cat","embeddable":true,"href":"https:\/\/tremunpiercing.com\/pl\/wp-json\/wp\/v2\/product_cat?post=9184"},{"taxonomy":"product_tag","embeddable":true,"href":"https:\/\/tremunpiercing.com\/pl\/wp-json\/wp\/v2\/product_tag?post=9184"}],"curies":[{"name":"wp","href":"https:\/\/api.w.org\/{rel}","templated":true}]}}