{"id":9194,"date":"2024-03-13T18:56:14","date_gmt":"2024-03-13T17:56:14","guid":{"rendered":"https:\/\/tremunpiercing.com\/?post_type=product&#038;p=9194"},"modified":"2026-04-20T10:14:14","modified_gmt":"2026-04-20T09:14:14","slug":"threadless-prong-set","status":"publish","type":"product","link":"https:\/\/tremunpiercing.com\/pl\/product\/threadless-prong-set\/","title":{"rendered":"Bezgwintowy zestaw z\u0119b\u00f3w"},"content":{"rendered":"<p>Zestaw Threadless Prong Set od Shanga Jewellery prezentuje ponadczasowe pi\u0119kno oferowane w 18-karatowym \u017c\u00f3\u0142tym z\u0142ocie lub 18-karatowym bia\u0142ym z\u0142ocie. Ustawienie z\u0119b\u00f3w wykorzystuje bezpieczny system push-pin, kt\u00f3ry pasuje do bezgwintowych s\u0142upk\u00f3w labret 16G lub 14G, dzi\u0119ki czemu jest idealny zar\u00f3wno dla profesjonalnych piercer\u00f3w, jak i sprzedawc\u00f3w bi\u017cuterii. Zestaw Threadless Prong Set jest oferowany z r\u00f3\u017cnymi rozmiarami klejnot\u00f3w od 2 mm do 3 mm.<\/p>\n<p>Przejrzysto\u015b\u0107 i blask tych klejnot\u00f3w zapewniaj\u0105 wysokiej jako\u015bci cyrkonie sze\u015bcienne, dzi\u0119ki czemu idealnie pasuj\u0105 do ka\u017cdego piercingu. Ustawienie z\u0119b\u00f3w pozwala na jak najwi\u0119ksze odbicie \u015bwiat\u0142a, dzi\u0119ki czemu ka\u017cdy klejnot l\u015bni i mieni si\u0119 czysto\u015bci\u0105 i pi\u0119knem dla u\u017cytkownika.<\/p>\n<p>Zestaw Threadless Prong Set zosta\u0142 skonstruowany z my\u015bl\u0105 o wyj\u0105tkowej precyzji i komforcie i jest idealny do nowych i zagojonych kolczyk\u00f3w. Zestaw Threadless Prong Set jest preferowany ze wzgl\u0119du na swoj\u0105 trwa\u0142o\u015b\u0107, prost\u0105 konfiguracj\u0119 i doskona\u0142e wyko\u0144czenie, a tak\u017ce jest wystarczaj\u0105co wszechstronny do przek\u0142uwania nozdrzy, uszu lub warg.<\/p>","protected":false},"excerpt":{"rendered":"<ul>\n<li>Bezgwintowy - g\u00f3rny trzpie\u0144<\/li>\n<li>Materia\u0142: \u017b\u00f3\u0142te z\u0142oto 18k - Bia\u0142e z\u0142oto 18k<\/li>\n<li>Klejnot: Cyrkonia sze\u015bcienna<\/li>\n<li>Kompatybilny z bezgwintowymi sztyftami 16G i 14G<\/li>\n<li>Rozmiar: 2 mm - 2,5 mm - 3 mm<\/li>\n<li>Marka: Shanga Jewellery<\/li>\n<\/ul>","protected":false},"featured_media":12802,"comment_status":"closed","ping_status":"closed","template":"","meta":{"_acf_changed":false},"product_brand":[],"product_cat":[337,398],"product_tag":[187,188,189,205,206,212,190,183,213,184,207],"class_list":{"0":"post-9194","1":"product","2":"type-product","3":"status-publish","4":"has-post-thumbnail","6":"product_cat-gold-jewelry","7":"product_cat-shanga","8":"product_tag-conch","9":"product_tag-ear","10":"product_tag-helix","11":"product_tag-lobe","12":"product_tag-lobulo","13":"product_tag-medusa","14":"product_tag-oreja","15":"product_tag-perforacion","16":"product_tag-philtrum","17":"product_tag-piercing","18":"product_tag-tragus","20":"first","21":"instock","22":"taxable","23":"shipping-taxable","24":"purchasable","25":"product-type-variable"},"acf":[],"gallery_images":[12801,12942,12943],"_links":{"self":[{"href":"https:\/\/tremunpiercing.com\/pl\/wp-json\/wp\/v2\/product\/9194","targetHints":{"allow":["GET"]}}],"collection":[{"href":"https:\/\/tremunpiercing.com\/pl\/wp-json\/wp\/v2\/product"}],"about":[{"href":"https:\/\/tremunpiercing.com\/pl\/wp-json\/wp\/v2\/types\/product"}],"replies":[{"embeddable":true,"href":"https:\/\/tremunpiercing.com\/pl\/wp-json\/wp\/v2\/comments?post=9194"}],"version-history":[{"count":0,"href":"https:\/\/tremunpiercing.com\/pl\/wp-json\/wp\/v2\/product\/9194\/revisions"}],"wp:featuredmedia":[{"embeddable":true,"href":"https:\/\/tremunpiercing.com\/pl\/wp-json\/wp\/v2\/media\/12802"}],"wp:attachment":[{"href":"https:\/\/tremunpiercing.com\/pl\/wp-json\/wp\/v2\/media?parent=9194"}],"wp:term":[{"taxonomy":"product_brand","embeddable":true,"href":"https:\/\/tremunpiercing.com\/pl\/wp-json\/wp\/v2\/product_brand?post=9194"},{"taxonomy":"product_cat","embeddable":true,"href":"https:\/\/tremunpiercing.com\/pl\/wp-json\/wp\/v2\/product_cat?post=9194"},{"taxonomy":"product_tag","embeddable":true,"href":"https:\/\/tremunpiercing.com\/pl\/wp-json\/wp\/v2\/product_tag?post=9194"}],"curies":[{"name":"wp","href":"https:\/\/api.w.org\/{rel}","templated":true}]}}