{"id":9870,"date":"2024-07-15T16:49:11","date_gmt":"2024-07-15T15:49:11","guid":{"rendered":"https:\/\/tremunpiercing.com\/?post_type=product&#038;p=9870"},"modified":"2026-04-10T14:23:33","modified_gmt":"2026-04-10T13:23:33","slug":"marion","status":"publish","type":"product","link":"https:\/\/tremunpiercing.com\/pl\/product\/marion\/","title":{"rendered":"Marion"},"content":{"rendered":"<p>Bi\u017cuteria do piercingu Marion to idealne po\u0142\u0105czenie trwa\u0142o\u015bci i wyrafinowania. Wykonany z tytanu klasy implantologicznej F-136, ten wewn\u0119trznie gwintowany top 16G umo\u017cliwia bezpieczne, hipoalergiczne noszenie do u\u017cytku profesjonalnego. Zaprojektowany z 5,7 mm sze\u015bciennym kamieniem cyrkoniowym, aby zmaksymalizowa\u0107 blask i wydoby\u0107 to, co najlepsze w ka\u017cdym piercingu, rozmiar pozwala na wszechstronno\u015b\u0107 w umieszczaniu, z chrz\u0105stk\u0105, helis\u0105 i p\u0142atkami kolczyk\u00f3w, kt\u00f3re s\u0105 popularnymi opcjami.<\/p>\n<p>Wewn\u0119trzne gwintowanie pozwala na p\u0142ynne i profesjonalne wprowadzanie, przy minimalnym dyskomforcie i podra\u017cnieniu klienta. Marion zapewnia zar\u00f3wno styl, jak i funkcjonalno\u015b\u0107 dla studi\u00f3w piercingu i dostawc\u00f3w bi\u017cuterii, dzi\u0119ki czemu jest po\u017c\u0105danym produktem wysokiej klasy. Najwy\u017cszej jako\u015bci materia\u0142y, wraz z ponadczasowym designem, zapewniaj\u0105 satysfakcj\u0119 zar\u00f3wno piercerom, jak i klientom. \u015awietna bi\u017cuteria dla profesjonalist\u00f3w, kt\u00f3rzy chc\u0105 zaoferowa\u0107 swoim klientom stylow\u0105, niezawodn\u0105 bi\u017cuteri\u0119 do cia\u0142a.<\/p>","protected":false},"excerpt":{"rendered":"<ul>\n<li>Gwint wewn\u0119trzny<\/li>\n<li>Materia\u0142: Tytan F-136 do implant\u00f3w<\/li>\n<li>Grubo\u015b\u0107: 16G<\/li>\n<li>Klejnot: Cyrkonia sze\u015bcienna<\/li>\n<li>Rozmiar: 5,7 mm<\/li>\n<\/ul>","protected":false},"featured_media":12404,"comment_status":"closed","ping_status":"closed","template":"","meta":{"_acf_changed":false},"product_brand":[],"product_cat":[340,343],"product_tag":[187,179,180,188,209,189,210,211,212,190,183,184,207],"class_list":{"0":"post-9870","1":"product","2":"type-product","3":"status-publish","4":"has-post-thumbnail","6":"product_cat-titanium-jewelry","7":"product_cat-tops-titanium-jewelry","8":"product_tag-conch","9":"product_tag-cristal","10":"product_tag-cz","11":"product_tag-ear","12":"product_tag-faux-rook","13":"product_tag-helix","14":"product_tag-labret","15":"product_tag-lip","16":"product_tag-medusa","17":"product_tag-oreja","18":"product_tag-perforacion","19":"product_tag-piercing","20":"product_tag-tragus","22":"first","23":"instock","24":"taxable","25":"shipping-taxable","26":"purchasable","27":"product-type-simple"},"acf":[],"gallery_images":[28223,28224],"_links":{"self":[{"href":"https:\/\/tremunpiercing.com\/pl\/wp-json\/wp\/v2\/product\/9870","targetHints":{"allow":["GET"]}}],"collection":[{"href":"https:\/\/tremunpiercing.com\/pl\/wp-json\/wp\/v2\/product"}],"about":[{"href":"https:\/\/tremunpiercing.com\/pl\/wp-json\/wp\/v2\/types\/product"}],"replies":[{"embeddable":true,"href":"https:\/\/tremunpiercing.com\/pl\/wp-json\/wp\/v2\/comments?post=9870"}],"version-history":[{"count":1,"href":"https:\/\/tremunpiercing.com\/pl\/wp-json\/wp\/v2\/product\/9870\/revisions"}],"predecessor-version":[{"id":28225,"href":"https:\/\/tremunpiercing.com\/pl\/wp-json\/wp\/v2\/product\/9870\/revisions\/28225"}],"wp:featuredmedia":[{"embeddable":true,"href":"https:\/\/tremunpiercing.com\/pl\/wp-json\/wp\/v2\/media\/12404"}],"wp:attachment":[{"href":"https:\/\/tremunpiercing.com\/pl\/wp-json\/wp\/v2\/media?parent=9870"}],"wp:term":[{"taxonomy":"product_brand","embeddable":true,"href":"https:\/\/tremunpiercing.com\/pl\/wp-json\/wp\/v2\/product_brand?post=9870"},{"taxonomy":"product_cat","embeddable":true,"href":"https:\/\/tremunpiercing.com\/pl\/wp-json\/wp\/v2\/product_cat?post=9870"},{"taxonomy":"product_tag","embeddable":true,"href":"https:\/\/tremunpiercing.com\/pl\/wp-json\/wp\/v2\/product_tag?post=9870"}],"curies":[{"name":"wp","href":"https:\/\/api.w.org\/{rel}","templated":true}]}}