{"id":10119,"date":"2024-08-21T19:10:34","date_gmt":"2024-08-21T18:10:34","guid":{"rendered":"https:\/\/tremunpiercing.com\/?post_type=product&#038;p=10119"},"modified":"2025-12-04T14:10:24","modified_gmt":"2025-12-04T13:10:24","slug":"square-alisea-1","status":"publish","type":"product","link":"https:\/\/tremunpiercing.com\/pt\/product\/square-alisea-1\/","title":{"rendered":"Pra\u00e7a Alisea 1"},"content":{"rendered":"<p>O Square Alisea 1 da Shanga Jewellery \u00e9 a combina\u00e7\u00e3o perfeita de luxo e praticidade para os seus profissionais de piercing favoritos. Fabricado em ouro amarelo de 18k maci\u00e7o, este pino de press\u00e3o sem rosca \u00e9 adornado com uma brilhante pedra de zirc\u00f3nia c\u00fabica no centro para um acabamento limpo e discreto. Compat\u00edvel com os pinos labret 16G e 14G sem rosca, o Square Alisea 1 oferece aos piercers uma compatibilidade f\u00e1cil e um ajuste confort\u00e1vel enquanto fixa as j\u00f3ias no lugar.<\/p>\n<p>A Square Alisea 1 est\u00e1 dispon\u00edvel em varia\u00e7\u00f5es de tamanho grande e pequeno para os seus clientes que gostam da op\u00e7\u00e3o de chamar a aten\u00e7\u00e3o para o aspeto discreto e mais tudo com um aspeto de afirma\u00e7\u00e3o para oferecer aos nossos clientes. Esta joia pode ser colocada para piercings iniciais e para uso di\u00e1rio. Tem vantagens como joia de piercing, na medida em que \u00e9 leve, mas tamb\u00e9m dur\u00e1vel para uso a longo prazo e foi concebida com o intemporal aspeto quadrado para clientes que procuram um luxo minimalista.<\/p>\n<p>A Square Alisea 1 \u00e9 uma \u00f3ptima pe\u00e7a para o est\u00fadio de piercing, loja de tatuagens ou fornecedor grossista. A Square Alisea 1 \u00e9 uma \u00f3ptima representa\u00e7\u00e3o da qualidade e do trabalho artesanal, bem como do design moderno da linha da Shanga. Ao armazenar o Square Alisea 1, o moderno garantir\u00e1 que os seus clientes ter\u00e3o acesso a j\u00f3ias de piercing de qualidade superior para uso di\u00e1rio e estilo ocasional de espa\u00e7o de orelha com curadoria.<\/p>","protected":false},"excerpt":{"rendered":"<ul>\n<li>Sem rosca - Topo com pino de press\u00e3o<\/li>\n<li>Material: Ouro amarelo 18k, pino inoxid\u00e1vel<\/li>\n<li>Gema: Zirc\u00f3nia c\u00fabica<\/li>\n<li>Compat\u00edvel com postes de l\u00e1bio sem rosca 16G e 14G<\/li>\n<li>Tamanho: Grande - Pequeno<\/li>\n<li>Marca: J\u00f3ias Shanga<\/li>\n<\/ul>","protected":false},"featured_media":10122,"comment_status":"closed","ping_status":"closed","template":"","meta":{"_acf_changed":false},"product_brand":[],"product_cat":[337,398],"product_tag":[187,188,189,205,206,212,190,183,213,184,207],"class_list":{"0":"post-10119","1":"product","2":"type-product","3":"status-publish","4":"has-post-thumbnail","6":"product_cat-gold-jewelry","7":"product_cat-shanga","8":"product_tag-conch","9":"product_tag-ear","10":"product_tag-helix","11":"product_tag-lobe","12":"product_tag-lobulo","13":"product_tag-medusa","14":"product_tag-oreja","15":"product_tag-perforacion","16":"product_tag-philtrum","17":"product_tag-piercing","18":"product_tag-tragus","20":"first","21":"instock","22":"taxable","23":"shipping-taxable","24":"product-type-variable"},"acf":[],"gallery_images":[],"_links":{"self":[{"href":"https:\/\/tremunpiercing.com\/pt\/wp-json\/wp\/v2\/product\/10119","targetHints":{"allow":["GET"]}}],"collection":[{"href":"https:\/\/tremunpiercing.com\/pt\/wp-json\/wp\/v2\/product"}],"about":[{"href":"https:\/\/tremunpiercing.com\/pt\/wp-json\/wp\/v2\/types\/product"}],"replies":[{"embeddable":true,"href":"https:\/\/tremunpiercing.com\/pt\/wp-json\/wp\/v2\/comments?post=10119"}],"version-history":[{"count":0,"href":"https:\/\/tremunpiercing.com\/pt\/wp-json\/wp\/v2\/product\/10119\/revisions"}],"wp:featuredmedia":[{"embeddable":true,"href":"https:\/\/tremunpiercing.com\/pt\/wp-json\/wp\/v2\/media\/10122"}],"wp:attachment":[{"href":"https:\/\/tremunpiercing.com\/pt\/wp-json\/wp\/v2\/media?parent=10119"}],"wp:term":[{"taxonomy":"product_brand","embeddable":true,"href":"https:\/\/tremunpiercing.com\/pt\/wp-json\/wp\/v2\/product_brand?post=10119"},{"taxonomy":"product_cat","embeddable":true,"href":"https:\/\/tremunpiercing.com\/pt\/wp-json\/wp\/v2\/product_cat?post=10119"},{"taxonomy":"product_tag","embeddable":true,"href":"https:\/\/tremunpiercing.com\/pt\/wp-json\/wp\/v2\/product_tag?post=10119"}],"curies":[{"name":"wp","href":"https:\/\/api.w.org\/{rel}","templated":true}]}}