{"id":10127,"date":"2024-08-21T20:11:21","date_gmt":"2024-08-21T19:11:21","guid":{"rendered":"https:\/\/tremunpiercing.com\/?post_type=product&#038;p=10127"},"modified":"2026-04-14T11:27:28","modified_gmt":"2026-04-14T10:27:28","slug":"foresta-2-0","status":"publish","type":"product","link":"https:\/\/tremunpiercing.com\/pt\/product\/foresta-2-0\/","title":{"rendered":"Foresta 2.0"},"content":{"rendered":"<p>O Foresta 2.0 da Shanga Jewellery \u00e9 uma pe\u00e7a de arte us\u00e1vel inspirada na natureza, feita de ouro amarelo 18k s\u00f3lido, e mede 2,5 mm x 8,7 mm. Trata-se de um topo sem rosca com zirc\u00f3nias c\u00fabicas de alta qualidade que cria uma delicada variedade de altura para contribuir para o alongamento do aspeto geral. O mecanismo de pino de press\u00e3o destina-se a ser utilizado tanto com os pinos 16G como com os pinos 14G, proporcionando um novo toque para a sua clientela de piercers profissionais.<\/p>\n<p>Esta pe\u00e7a em particular funciona perfeitamente para projectos de curadoria de orelhas com outras pe\u00e7as de joalharia, adicionando equil\u00edbrio vertical, brilho e qualidades de ponto de conversa a qualquer piercing. A beleza simples e discreta permite a capacidade de empilhar e estilizar com quase tudo o resto sem ser evidente ou excessivamente percet\u00edvel. Como qualquer pe\u00e7a da cole\u00e7\u00e3o Shanga, o Foresta 2.0 foi concebido para ser hipoalerg\u00e9nico, confort\u00e1vel para uso a longo prazo e manter\u00e1 o seu brilho polido. Para est\u00fadios profissionais de piercing e lojas de retalho, a Foresta 2.0 \u00e9 uma op\u00e7\u00e3o s\u00f3lida para oferecer aos clientes que procuram j\u00f3ias com linhas simples, materiais de luxo e design e execu\u00e7\u00e3o de n\u00edvel profissional.<\/p>","protected":false},"excerpt":{"rendered":"<ul>\n<li>Topo sem rosca, pino inoxid\u00e1vel 25ga<\/li>\n<li>Material: Ouro amarelo 18k<\/li>\n<li>Tamanho: 2,5 mm x 8,7 mm<\/li>\n<li>Gema: Zirc\u00f3nia c\u00fabica<\/li>\n<li>Compat\u00edvel com postes de pino de press\u00e3o 16G e 14G<\/li>\n<li>Marca: J\u00f3ias Shanga<\/li>\n<\/ul>","protected":false},"featured_media":12787,"comment_status":"closed","ping_status":"closed","template":"","meta":{"_acf_changed":false},"product_brand":[],"product_cat":[337,398],"product_tag":[187,188,189,205,206,212,190,183,213,184,207],"class_list":{"0":"post-10127","1":"product","2":"type-product","3":"status-publish","4":"has-post-thumbnail","6":"product_cat-gold-jewelry","7":"product_cat-shanga","8":"product_tag-conch","9":"product_tag-ear","10":"product_tag-helix","11":"product_tag-lobe","12":"product_tag-lobulo","13":"product_tag-medusa","14":"product_tag-oreja","15":"product_tag-perforacion","16":"product_tag-philtrum","17":"product_tag-piercing","18":"product_tag-tragus","20":"first","21":"instock","22":"taxable","23":"shipping-taxable","24":"purchasable","25":"product-type-simple"},"acf":[],"gallery_images":[29622,29621],"_links":{"self":[{"href":"https:\/\/tremunpiercing.com\/pt\/wp-json\/wp\/v2\/product\/10127","targetHints":{"allow":["GET"]}}],"collection":[{"href":"https:\/\/tremunpiercing.com\/pt\/wp-json\/wp\/v2\/product"}],"about":[{"href":"https:\/\/tremunpiercing.com\/pt\/wp-json\/wp\/v2\/types\/product"}],"replies":[{"embeddable":true,"href":"https:\/\/tremunpiercing.com\/pt\/wp-json\/wp\/v2\/comments?post=10127"}],"version-history":[{"count":1,"href":"https:\/\/tremunpiercing.com\/pt\/wp-json\/wp\/v2\/product\/10127\/revisions"}],"predecessor-version":[{"id":29623,"href":"https:\/\/tremunpiercing.com\/pt\/wp-json\/wp\/v2\/product\/10127\/revisions\/29623"}],"wp:featuredmedia":[{"embeddable":true,"href":"https:\/\/tremunpiercing.com\/pt\/wp-json\/wp\/v2\/media\/12787"}],"wp:attachment":[{"href":"https:\/\/tremunpiercing.com\/pt\/wp-json\/wp\/v2\/media?parent=10127"}],"wp:term":[{"taxonomy":"product_brand","embeddable":true,"href":"https:\/\/tremunpiercing.com\/pt\/wp-json\/wp\/v2\/product_brand?post=10127"},{"taxonomy":"product_cat","embeddable":true,"href":"https:\/\/tremunpiercing.com\/pt\/wp-json\/wp\/v2\/product_cat?post=10127"},{"taxonomy":"product_tag","embeddable":true,"href":"https:\/\/tremunpiercing.com\/pt\/wp-json\/wp\/v2\/product_tag?post=10127"}],"curies":[{"name":"wp","href":"https:\/\/api.w.org\/{rel}","templated":true}]}}