{"id":10139,"date":"2024-08-21T21:07:20","date_gmt":"2024-08-21T20:07:20","guid":{"rendered":"https:\/\/tremunpiercing.com\/?post_type=product&#038;p=10139"},"modified":"2026-04-14T13:11:28","modified_gmt":"2026-04-14T12:11:28","slug":"alisea-4-with-bullets-copy","status":"publish","type":"product","link":"https:\/\/tremunpiercing.com\/pt\/product\/alisea-4-with-bullets-copy\/","title":{"rendered":"Panarea"},"content":{"rendered":"<p>Introduza a eleg\u00e2ncia de inspira\u00e7\u00e3o italiana nas suas ofertas de piercing com o Panarea da Shanga Jewellery! Este topo de rosca \u00e9 feito de ouro amarelo de 18k de alta qualidade e tem belas pedras de zirc\u00f3nio c\u00fabico que brilhar\u00e3o em qualquer luz ou cena! Dispon\u00edvel em v\u00e1rios tamanhos, o Panarea oferece flexibilidade para v\u00e1rias op\u00e7\u00f5es de coloca\u00e7\u00e3o, desde a cartilagem da orelha at\u00e9 \u00e0s narinas ou piercings nos l\u00e1bios. O Panarea foi concebido para se adaptar de forma segura a postes de labret com rosca nos tamanhos 16G e 14G, garantindo um ajuste profissional e fiabilidade, al\u00e9m de ser leve e confort\u00e1vel para os seus clientes. O estilo sem rosca permite-lhe a comodidade de mudar de j\u00f3ias, mantendo-se seguro.<\/p>\n<p>Os materiais luxuosos e o design elegante do Panarea fazem dele um elemento de design importante em qualquer est\u00fadio de piercing e\/ou retalhista de j\u00f3ias que ofere\u00e7a aos seus clientes uma forma de acrescentar eleg\u00e2ncia ou algo especial \u00e0s suas j\u00f3ias corporais. Robusta, hipoalerg\u00e9nica e elegante, esta pe\u00e7a \u00e9 t\u00e3o vers\u00e1til quanto simples!<\/p>","protected":false},"excerpt":{"rendered":"<ul>\n<li>Topo roscado<\/li>\n<li>Material: Ouro amarelo 18k<\/li>\n<li>Gema: Zirc\u00f3nia c\u00fabica<\/li>\n<li>Compat\u00edvel com postes de l\u00e1bio 16G e 14G<\/li>\n<li>Tamanho: Grande - Pequeno<\/li>\n<li>Marca: J\u00f3ias Shanga<\/li>\n<\/ul>","protected":false},"featured_media":10142,"comment_status":"closed","ping_status":"closed","template":"","meta":{"_acf_changed":false},"product_brand":[],"product_cat":[337,398],"product_tag":[187,188,189,205,206,212,190,183,213,184,207],"class_list":{"0":"post-10139","1":"product","2":"type-product","3":"status-publish","4":"has-post-thumbnail","6":"product_cat-gold-jewelry","7":"product_cat-shanga","8":"product_tag-conch","9":"product_tag-ear","10":"product_tag-helix","11":"product_tag-lobe","12":"product_tag-lobulo","13":"product_tag-medusa","14":"product_tag-oreja","15":"product_tag-perforacion","16":"product_tag-philtrum","17":"product_tag-piercing","18":"product_tag-tragus","20":"first","21":"instock","22":"featured","23":"taxable","24":"shipping-taxable","25":"purchasable","26":"product-type-variable"},"acf":[],"gallery_images":[29636,29635],"_links":{"self":[{"href":"https:\/\/tremunpiercing.com\/pt\/wp-json\/wp\/v2\/product\/10139","targetHints":{"allow":["GET"]}}],"collection":[{"href":"https:\/\/tremunpiercing.com\/pt\/wp-json\/wp\/v2\/product"}],"about":[{"href":"https:\/\/tremunpiercing.com\/pt\/wp-json\/wp\/v2\/types\/product"}],"replies":[{"embeddable":true,"href":"https:\/\/tremunpiercing.com\/pt\/wp-json\/wp\/v2\/comments?post=10139"}],"version-history":[{"count":1,"href":"https:\/\/tremunpiercing.com\/pt\/wp-json\/wp\/v2\/product\/10139\/revisions"}],"predecessor-version":[{"id":29637,"href":"https:\/\/tremunpiercing.com\/pt\/wp-json\/wp\/v2\/product\/10139\/revisions\/29637"}],"wp:featuredmedia":[{"embeddable":true,"href":"https:\/\/tremunpiercing.com\/pt\/wp-json\/wp\/v2\/media\/10142"}],"wp:attachment":[{"href":"https:\/\/tremunpiercing.com\/pt\/wp-json\/wp\/v2\/media?parent=10139"}],"wp:term":[{"taxonomy":"product_brand","embeddable":true,"href":"https:\/\/tremunpiercing.com\/pt\/wp-json\/wp\/v2\/product_brand?post=10139"},{"taxonomy":"product_cat","embeddable":true,"href":"https:\/\/tremunpiercing.com\/pt\/wp-json\/wp\/v2\/product_cat?post=10139"},{"taxonomy":"product_tag","embeddable":true,"href":"https:\/\/tremunpiercing.com\/pt\/wp-json\/wp\/v2\/product_tag?post=10139"}],"curies":[{"name":"wp","href":"https:\/\/api.w.org\/{rel}","templated":true}]}}