{"id":10146,"date":"2024-08-21T21:37:08","date_gmt":"2024-08-21T20:37:08","guid":{"rendered":"https:\/\/tremunpiercing.com\/?post_type=product&#038;p=10146"},"modified":"2026-02-18T00:55:36","modified_gmt":"2026-02-17T23:55:36","slug":"square-alisea-4-with-bullets","status":"publish","type":"product","link":"https:\/\/tremunpiercing.com\/pt\/product\/square-alisea-4-with-bullets\/","title":{"rendered":"Alisea quadrada 4 com balas"},"content":{"rendered":"<p>Combinando design contempor\u00e2neo e luxo intemporal, o Square Alisea 4 With Bullets da Shanga Jewellery \u00e9 feito em ouro amarelo de 18k. A parte superior do pino de press\u00e3o sem rosca apresenta pedras de zirc\u00f3nio c\u00fabico cintilantes colocadas numa forma quadrada com detalhes de balas. Os tamanhos inclu\u00eddos permitem a individualidade dos piercers no estilo para a est\u00e9tica pessoal do piercer e a coloca\u00e7\u00e3o nos clientes. O sistema de encaixe sem rosca, que \u00e9 seguro e oferece duas op\u00e7\u00f5es para a compatibilidade do Jones com os postes de labret sem rosca 16G e 14G, \u00e9 \u00fatil para utiliza\u00e7\u00e3o na secret\u00e1ria.<\/p>\n<p>O Square Alisea 4 \u00e9 uma excelente pe\u00e7a de curadoria de orelhas, l\u00e1bios e j\u00f3ias para tudo o que pretenda j\u00f3ias maiores e mais marcantes. O material em ouro hipoalerg\u00e9nico permite-lhe ter em conta o conforto e a est\u00e9tica no processo de design. Uma excelente adi\u00e7\u00e3o para est\u00fadios de piercing e retalhistas, o Square Alisea 4 representa uma op\u00e7\u00e3o moderna e elegante para j\u00f3ias de zirc\u00f3nio c\u00fabico de qualidade. Perfeitamente adequado para qualquer cole\u00e7\u00e3o profissional, pode ser usado como pe\u00e7a \u00fanica ou em camadas com outras j\u00f3ias.<\/p>","protected":false},"excerpt":{"rendered":"<ul>\n<li>Sem rosca - Topo com pino de press\u00e3o<\/li>\n<li>Material: Topo em ouro amarelo 18k, pino inoxid\u00e1vel<\/li>\n<li>Gema: Zirc\u00f3nia c\u00fabica<\/li>\n<li>Compat\u00edvel com postes de l\u00e1bio sem rosca 16G e 14G<\/li>\n<li>Tamanho: Grande - Pequeno<\/li>\n<li>Marca: J\u00f3ias Shanga<\/li>\n<\/ul>","protected":false},"featured_media":10149,"comment_status":"closed","ping_status":"closed","template":"","meta":{"_acf_changed":false},"product_brand":[],"product_cat":[337,398],"product_tag":[187,188,189,205,206,212,190,183,213,184,207],"class_list":{"0":"post-10146","1":"product","2":"type-product","3":"status-publish","4":"has-post-thumbnail","6":"product_cat-gold-jewelry","7":"product_cat-shanga","8":"product_tag-conch","9":"product_tag-ear","10":"product_tag-helix","11":"product_tag-lobe","12":"product_tag-lobulo","13":"product_tag-medusa","14":"product_tag-oreja","15":"product_tag-perforacion","16":"product_tag-philtrum","17":"product_tag-piercing","18":"product_tag-tragus","20":"first","21":"instock","22":"taxable","23":"shipping-taxable","24":"product-type-variable"},"acf":[],"gallery_images":[],"_links":{"self":[{"href":"https:\/\/tremunpiercing.com\/pt\/wp-json\/wp\/v2\/product\/10146","targetHints":{"allow":["GET"]}}],"collection":[{"href":"https:\/\/tremunpiercing.com\/pt\/wp-json\/wp\/v2\/product"}],"about":[{"href":"https:\/\/tremunpiercing.com\/pt\/wp-json\/wp\/v2\/types\/product"}],"replies":[{"embeddable":true,"href":"https:\/\/tremunpiercing.com\/pt\/wp-json\/wp\/v2\/comments?post=10146"}],"version-history":[{"count":0,"href":"https:\/\/tremunpiercing.com\/pt\/wp-json\/wp\/v2\/product\/10146\/revisions"}],"wp:featuredmedia":[{"embeddable":true,"href":"https:\/\/tremunpiercing.com\/pt\/wp-json\/wp\/v2\/media\/10149"}],"wp:attachment":[{"href":"https:\/\/tremunpiercing.com\/pt\/wp-json\/wp\/v2\/media?parent=10146"}],"wp:term":[{"taxonomy":"product_brand","embeddable":true,"href":"https:\/\/tremunpiercing.com\/pt\/wp-json\/wp\/v2\/product_brand?post=10146"},{"taxonomy":"product_cat","embeddable":true,"href":"https:\/\/tremunpiercing.com\/pt\/wp-json\/wp\/v2\/product_cat?post=10146"},{"taxonomy":"product_tag","embeddable":true,"href":"https:\/\/tremunpiercing.com\/pt\/wp-json\/wp\/v2\/product_tag?post=10146"}],"curies":[{"name":"wp","href":"https:\/\/api.w.org\/{rel}","templated":true}]}}