{"id":10157,"date":"2024-08-22T15:05:05","date_gmt":"2024-08-22T14:05:05","guid":{"rendered":"https:\/\/tremunpiercing.com\/?post_type=product&#038;p=10157"},"modified":"2025-12-04T16:10:04","modified_gmt":"2025-12-04T15:10:04","slug":"venezia","status":"publish","type":"product","link":"https:\/\/tremunpiercing.com\/pt\/product\/venezia\/","title":{"rendered":"Veneza"},"content":{"rendered":"<p>O pino sem fio Venezia da Shanga Jewellery \u00e9 um belo complemento para qualquer piercing e certamente trar\u00e1 eleg\u00e2ncia de inspira\u00e7\u00e3o italiana \u00e0 sua caixa de j\u00f3ias. O pino de press\u00e3o Venezia \u00e9 feito de ouro amarelo de 18k e apresenta deslumbrantes pedras de zirc\u00f3nio c\u00fabico. O Venezia est\u00e1 dispon\u00edvel em dois tamanhos: grande (5,4 mm x 4 mm) e pequeno (3,9 mm x 2,9 mm), permitindo o seu gosto pessoal ou a coloca\u00e7\u00e3o preferida das suas j\u00f3ias. A cl\u00e1usula roscada segura cria um ajuste seguro e confort\u00e1vel tanto para o perfurador como para o cliente, permitindo ao mesmo tempo mudan\u00e7as simples de j\u00f3ias. A parte superior sem rosca do Venezia \u00e9 compat\u00edvel com os pinos labret 16G e 14G sem rosca e adapta-se a uma grande variedade de piercings, incluindo l\u00e1bios, orelhas e narinas.<\/p>\n<p>A combina\u00e7\u00e3o cl\u00e1ssica de ouro e pedras faz desta uma pe\u00e7a s\u00f3lida para est\u00fadios que procuram armazenar j\u00f3ias hipoalerg\u00e9nicas de primeira qualidade que cumpram as normas profissionais. O acabamento luxuoso e o design bem trabalhado do Venezia fazem dele um produto encantador para retalhistas de piercings e profissionais que procuram tops em ouro fino que os clientes apreciariam.<\/p>","protected":false},"excerpt":{"rendered":"<ul>\n<li>Sem rosca - Topo com pino de press\u00e3o<\/li>\n<li>Material: Topo em ouro amarelo 18k, pino inoxid\u00e1vel<\/li>\n<li>Gema: Zirc\u00f3nia c\u00fabica<\/li>\n<li>Compat\u00edvel com postes de l\u00e1bio sem rosca 16G e 14G<\/li>\n<li>Tamanho: Grande 5,4mm x 4mm - Pequeno 3,9mm x 2,9mm<\/li>\n<li>Marca: J\u00f3ias Shanga<\/li>\n<\/ul>","protected":false},"featured_media":10160,"comment_status":"closed","ping_status":"closed","template":"","meta":{"_acf_changed":false},"product_brand":[],"product_cat":[337,398],"product_tag":[187,188,189,205,206,212,190,183,213,184,207],"class_list":{"0":"post-10157","1":"product","2":"type-product","3":"status-publish","4":"has-post-thumbnail","6":"product_cat-gold-jewelry","7":"product_cat-shanga","8":"product_tag-conch","9":"product_tag-ear","10":"product_tag-helix","11":"product_tag-lobe","12":"product_tag-lobulo","13":"product_tag-medusa","14":"product_tag-oreja","15":"product_tag-perforacion","16":"product_tag-philtrum","17":"product_tag-piercing","18":"product_tag-tragus","20":"first","21":"instock","22":"taxable","23":"shipping-taxable","24":"product-type-variable"},"acf":[],"gallery_images":[],"_links":{"self":[{"href":"https:\/\/tremunpiercing.com\/pt\/wp-json\/wp\/v2\/product\/10157","targetHints":{"allow":["GET"]}}],"collection":[{"href":"https:\/\/tremunpiercing.com\/pt\/wp-json\/wp\/v2\/product"}],"about":[{"href":"https:\/\/tremunpiercing.com\/pt\/wp-json\/wp\/v2\/types\/product"}],"replies":[{"embeddable":true,"href":"https:\/\/tremunpiercing.com\/pt\/wp-json\/wp\/v2\/comments?post=10157"}],"version-history":[{"count":0,"href":"https:\/\/tremunpiercing.com\/pt\/wp-json\/wp\/v2\/product\/10157\/revisions"}],"wp:featuredmedia":[{"embeddable":true,"href":"https:\/\/tremunpiercing.com\/pt\/wp-json\/wp\/v2\/media\/10160"}],"wp:attachment":[{"href":"https:\/\/tremunpiercing.com\/pt\/wp-json\/wp\/v2\/media?parent=10157"}],"wp:term":[{"taxonomy":"product_brand","embeddable":true,"href":"https:\/\/tremunpiercing.com\/pt\/wp-json\/wp\/v2\/product_brand?post=10157"},{"taxonomy":"product_cat","embeddable":true,"href":"https:\/\/tremunpiercing.com\/pt\/wp-json\/wp\/v2\/product_cat?post=10157"},{"taxonomy":"product_tag","embeddable":true,"href":"https:\/\/tremunpiercing.com\/pt\/wp-json\/wp\/v2\/product_tag?post=10157"}],"curies":[{"name":"wp","href":"https:\/\/api.w.org\/{rel}","templated":true}]}}