{"id":10168,"date":"2024-08-22T16:17:26","date_gmt":"2024-08-22T15:17:26","guid":{"rendered":"https:\/\/tremunpiercing.com\/?post_type=product&#038;p=10168"},"modified":"2025-12-04T13:22:32","modified_gmt":"2025-12-04T12:22:32","slug":"pear-chevron-2","status":"publish","type":"product","link":"https:\/\/tremunpiercing.com\/pt\/product\/pear-chevron-2\/","title":{"rendered":"Chevron de pera"},"content":{"rendered":"<p>O Pear Chevron \u00e9 um bonito e adapt\u00e1vel top de j\u00f3ias da Shanga Jewellery para piercers profissionais. Feito de ouro amarelo de 18k, o pino de press\u00e3o sem rosca inclui uma pedra de zirc\u00f3nio c\u00fabico cortada em forma de pera. \u00c9 vendido em 2 tamanhos, um grande de 3,3 mm x 5,5 mm e um pequeno de 2,2 mm x 4,5 mm, para permitir flexibilidade na coloca\u00e7\u00e3o em piercings de h\u00e9lice, tragus, narina e l\u00f3bulo. O estilo chevron do topo da joia real\u00e7a o brilho da gema, proporcionando um estilo angular moderno e arrojado. \u00c9 vers\u00e1til para os pinos labret sem rosca 16G e 14G, proporcionando ao profissional do piercing um ajuste confort\u00e1vel e seguro.<\/p>\n<p>A sua natureza elegante e pr\u00e1tica d\u00e1-lhe flexibilidade suficiente para agradar tanto a clientes minimalistas como a clientes de estilo arrojado, e \u00e9 por isso que os profissionais a adoram. Esta pe\u00e7a \u00e9 especificamente \u00fatil para clientes grossistas e joalharias devido \u00e0 sua silhueta \u00fanica que acrescenta diversidade a j\u00f3ias de alta qualidade numa cole\u00e7\u00e3o de piercings.<\/p>","protected":false},"excerpt":{"rendered":"<ul>\n<li>Topo sem rosca - pino inoxid\u00e1vel 25ga<\/li>\n<li>Material: Ouro amarelo 18k<\/li>\n<li>Gema: Zirc\u00f3nia c\u00fabica<\/li>\n<li>Compat\u00edvel com postes de l\u00e1bio sem rosca 16G e 14G<\/li>\n<li>Tamanho: Grande 3,3mm x 5,5mm - Pequeno 2,2mm x 4,5mm<\/li>\n<li>Marca: J\u00f3ias Shanga<\/li>\n<\/ul>","protected":false},"featured_media":10171,"comment_status":"closed","ping_status":"closed","template":"","meta":{"_acf_changed":false},"product_brand":[],"product_cat":[337,398],"product_tag":[187,188,189,205,206,212,190,183,213,184,207],"class_list":{"0":"post-10168","1":"product","2":"type-product","3":"status-publish","4":"has-post-thumbnail","6":"product_cat-gold-jewelry","7":"product_cat-shanga","8":"product_tag-conch","9":"product_tag-ear","10":"product_tag-helix","11":"product_tag-lobe","12":"product_tag-lobulo","13":"product_tag-medusa","14":"product_tag-oreja","15":"product_tag-perforacion","16":"product_tag-philtrum","17":"product_tag-piercing","18":"product_tag-tragus","20":"first","21":"instock","22":"featured","23":"taxable","24":"shipping-taxable","25":"product-type-variable"},"acf":[],"gallery_images":[10172],"_links":{"self":[{"href":"https:\/\/tremunpiercing.com\/pt\/wp-json\/wp\/v2\/product\/10168","targetHints":{"allow":["GET"]}}],"collection":[{"href":"https:\/\/tremunpiercing.com\/pt\/wp-json\/wp\/v2\/product"}],"about":[{"href":"https:\/\/tremunpiercing.com\/pt\/wp-json\/wp\/v2\/types\/product"}],"replies":[{"embeddable":true,"href":"https:\/\/tremunpiercing.com\/pt\/wp-json\/wp\/v2\/comments?post=10168"}],"version-history":[{"count":0,"href":"https:\/\/tremunpiercing.com\/pt\/wp-json\/wp\/v2\/product\/10168\/revisions"}],"wp:featuredmedia":[{"embeddable":true,"href":"https:\/\/tremunpiercing.com\/pt\/wp-json\/wp\/v2\/media\/10171"}],"wp:attachment":[{"href":"https:\/\/tremunpiercing.com\/pt\/wp-json\/wp\/v2\/media?parent=10168"}],"wp:term":[{"taxonomy":"product_brand","embeddable":true,"href":"https:\/\/tremunpiercing.com\/pt\/wp-json\/wp\/v2\/product_brand?post=10168"},{"taxonomy":"product_cat","embeddable":true,"href":"https:\/\/tremunpiercing.com\/pt\/wp-json\/wp\/v2\/product_cat?post=10168"},{"taxonomy":"product_tag","embeddable":true,"href":"https:\/\/tremunpiercing.com\/pt\/wp-json\/wp\/v2\/product_tag?post=10168"}],"curies":[{"name":"wp","href":"https:\/\/api.w.org\/{rel}","templated":true}]}}