{"id":10177,"date":"2024-08-22T20:26:05","date_gmt":"2024-08-22T19:26:05","guid":{"rendered":"https:\/\/tremunpiercing.com\/?post_type=product&#038;p=10177"},"modified":"2026-04-14T10:59:52","modified_gmt":"2026-04-14T09:59:52","slug":"baguette-with-bullets","status":"publish","type":"product","link":"https:\/\/tremunpiercing.com\/pt\/product\/baguette-with-bullets\/","title":{"rendered":"Baguete com balas"},"content":{"rendered":"<p>O Baguette With Bullets da Shanga Jewellery apresenta um design elegante e arrojado em j\u00f3ias de corpo premium. Feita em ouro amarelo de 18k, a parte superior sem fio tem 2,9 mm x 6,9 mm e apresenta um cristal de zirc\u00f3nio c\u00fabico em forma de baguete no centro. Cada lado da joia tem um detalhe em forma de bala para dar um toque especial, sem deixar de ser uma luxuosa pe\u00e7a de joalharia para o corpo. A parte de cima adapta-se a pinos de 16G ou 14G e \u00e9 de qualidade profissional. Destina-se a j\u00f3ias de h\u00e9lice, tragus, l\u00f3bulo ou narina e satisfaz o desejo dos clientes de j\u00f3ias que se destacam com estilo e sofistica\u00e7\u00e3o.<\/p>\n<p>Os clientes que procuram comprar por atacado v\u00e3o adorar a qualidade do trabalho artesanal desta bijuteria, bem como o seu estilo moderno, que se junta \u00e0s colec\u00e7\u00f5es de qualquer designer. A Baguette with Bullets tem precis\u00e3o, durabilidade e um design de moda avan\u00e7ado, o que a torna uma refer\u00eancia para est\u00fadios e retalhistas.<\/p>","protected":false},"excerpt":{"rendered":"<ul>\n<li>Topo sem rosca - pino inoxid\u00e1vel 25ga<\/li>\n<li>Material: Ouro amarelo 18k<\/li>\n<li>Tamanho: 2,9 mm x 6,9 mm<\/li>\n<li>Gema: Zirc\u00f3nia c\u00fabica<\/li>\n<li>Compat\u00edvel com os porta-labirintos sem rosca 16G e 14G<\/li>\n<li>Marca: J\u00f3ias Shanga<\/li>\n<\/ul>","protected":false},"featured_media":10178,"comment_status":"closed","ping_status":"closed","template":"","meta":{"_acf_changed":false},"product_brand":[],"product_cat":[337,398],"product_tag":[187,188,189,205,206,212,190,183,213,184,207],"class_list":{"0":"post-10177","1":"product","2":"type-product","3":"status-publish","4":"has-post-thumbnail","6":"product_cat-gold-jewelry","7":"product_cat-shanga","8":"product_tag-conch","9":"product_tag-ear","10":"product_tag-helix","11":"product_tag-lobe","12":"product_tag-lobulo","13":"product_tag-medusa","14":"product_tag-oreja","15":"product_tag-perforacion","16":"product_tag-philtrum","17":"product_tag-piercing","18":"product_tag-tragus","20":"first","21":"instock","22":"taxable","23":"shipping-taxable","24":"purchasable","25":"product-type-simple"},"acf":[],"gallery_images":[29617,29616],"_links":{"self":[{"href":"https:\/\/tremunpiercing.com\/pt\/wp-json\/wp\/v2\/product\/10177","targetHints":{"allow":["GET"]}}],"collection":[{"href":"https:\/\/tremunpiercing.com\/pt\/wp-json\/wp\/v2\/product"}],"about":[{"href":"https:\/\/tremunpiercing.com\/pt\/wp-json\/wp\/v2\/types\/product"}],"replies":[{"embeddable":true,"href":"https:\/\/tremunpiercing.com\/pt\/wp-json\/wp\/v2\/comments?post=10177"}],"version-history":[{"count":1,"href":"https:\/\/tremunpiercing.com\/pt\/wp-json\/wp\/v2\/product\/10177\/revisions"}],"predecessor-version":[{"id":28961,"href":"https:\/\/tremunpiercing.com\/pt\/wp-json\/wp\/v2\/product\/10177\/revisions\/28961"}],"wp:featuredmedia":[{"embeddable":true,"href":"https:\/\/tremunpiercing.com\/pt\/wp-json\/wp\/v2\/media\/10178"}],"wp:attachment":[{"href":"https:\/\/tremunpiercing.com\/pt\/wp-json\/wp\/v2\/media?parent=10177"}],"wp:term":[{"taxonomy":"product_brand","embeddable":true,"href":"https:\/\/tremunpiercing.com\/pt\/wp-json\/wp\/v2\/product_brand?post=10177"},{"taxonomy":"product_cat","embeddable":true,"href":"https:\/\/tremunpiercing.com\/pt\/wp-json\/wp\/v2\/product_cat?post=10177"},{"taxonomy":"product_tag","embeddable":true,"href":"https:\/\/tremunpiercing.com\/pt\/wp-json\/wp\/v2\/product_tag?post=10177"}],"curies":[{"name":"wp","href":"https:\/\/api.w.org\/{rel}","templated":true}]}}