{"id":10179,"date":"2024-08-22T20:38:18","date_gmt":"2024-08-22T19:38:18","guid":{"rendered":"https:\/\/tremunpiercing.com\/?post_type=product&#038;p=10179"},"modified":"2026-04-14T10:55:03","modified_gmt":"2026-04-14T09:55:03","slug":"baguette-double-point","status":"publish","type":"product","link":"https:\/\/tremunpiercing.com\/pt\/product\/baguette-double-point\/","title":{"rendered":"Baguete Ponta dupla"},"content":{"rendered":"<p>O Baguette Double Point da Shanga Jewelry \u00e9 um topo de joia elegante e sem fios, concebido para o seu piercer ou para o piercer do seu cliente! O topo em ouro amarelo de 18k \u00e9 um topo de estilo push-pin que mede 2,9 mm x 5,5 mm e apresenta uma bela pedra baguete de zirc\u00f3nia c\u00fabica colocada numa configura\u00e7\u00e3o de ponta dupla. A precis\u00e3o do design moderno ir\u00e1 elevar qualquer piercing devido ao seu estilo acentuado.<\/p>\n<p>Minimalista e luxuoso, o baguette double point \u00e9 um dos estilos mais populares entre os clientes que preferem um visual limpo e contempor\u00e2neo. A parte de cima \u00e9 adequada para os pinos labret 16G e 14G sem rosca e pode ser usada em locais como a narina, o tragus, a h\u00e9lice e os l\u00f3bulos com conforto e facilidade. Para os compradores grossistas e de est\u00fadio, a baguette double point \u00e9 um produto de qualidade superior que \u00e9 funcional, melhora o invent\u00e1rio e \u00e9 uma escolha de topo entre os piercers e os clientes.<\/p>","protected":false},"excerpt":{"rendered":"<ul>\n<li>Top sem fios<\/li>\n<li>Material: Ouro amarelo 18k<\/li>\n<li>Tamanho: 2,9 mm x 5,5 mm<\/li>\n<li>Gema: Zirc\u00f3nia c\u00fabica<\/li>\n<li>Compat\u00edvel com postes de l\u00e1bio sem rosca 16G e 14G<\/li>\n<li>Marca: J\u00f3ias Shanga<\/li>\n<\/ul>","protected":false},"featured_media":12792,"comment_status":"closed","ping_status":"closed","template":"","meta":{"_acf_changed":false},"product_brand":[],"product_cat":[337,398],"product_tag":[187,188,189,205,206,212,190,183,213,184,207],"class_list":{"0":"post-10179","1":"product","2":"type-product","3":"status-publish","4":"has-post-thumbnail","6":"product_cat-gold-jewelry","7":"product_cat-shanga","8":"product_tag-conch","9":"product_tag-ear","10":"product_tag-helix","11":"product_tag-lobe","12":"product_tag-lobulo","13":"product_tag-medusa","14":"product_tag-oreja","15":"product_tag-perforacion","16":"product_tag-philtrum","17":"product_tag-piercing","18":"product_tag-tragus","20":"first","21":"instock","22":"featured","23":"taxable","24":"shipping-taxable","25":"purchasable","26":"product-type-simple"},"acf":[],"gallery_images":[29615,29614],"_links":{"self":[{"href":"https:\/\/tremunpiercing.com\/pt\/wp-json\/wp\/v2\/product\/10179","targetHints":{"allow":["GET"]}}],"collection":[{"href":"https:\/\/tremunpiercing.com\/pt\/wp-json\/wp\/v2\/product"}],"about":[{"href":"https:\/\/tremunpiercing.com\/pt\/wp-json\/wp\/v2\/types\/product"}],"replies":[{"embeddable":true,"href":"https:\/\/tremunpiercing.com\/pt\/wp-json\/wp\/v2\/comments?post=10179"}],"version-history":[{"count":1,"href":"https:\/\/tremunpiercing.com\/pt\/wp-json\/wp\/v2\/product\/10179\/revisions"}],"predecessor-version":[{"id":28960,"href":"https:\/\/tremunpiercing.com\/pt\/wp-json\/wp\/v2\/product\/10179\/revisions\/28960"}],"wp:featuredmedia":[{"embeddable":true,"href":"https:\/\/tremunpiercing.com\/pt\/wp-json\/wp\/v2\/media\/12792"}],"wp:attachment":[{"href":"https:\/\/tremunpiercing.com\/pt\/wp-json\/wp\/v2\/media?parent=10179"}],"wp:term":[{"taxonomy":"product_brand","embeddable":true,"href":"https:\/\/tremunpiercing.com\/pt\/wp-json\/wp\/v2\/product_brand?post=10179"},{"taxonomy":"product_cat","embeddable":true,"href":"https:\/\/tremunpiercing.com\/pt\/wp-json\/wp\/v2\/product_cat?post=10179"},{"taxonomy":"product_tag","embeddable":true,"href":"https:\/\/tremunpiercing.com\/pt\/wp-json\/wp\/v2\/product_tag?post=10179"}],"curies":[{"name":"wp","href":"https:\/\/api.w.org\/{rel}","templated":true}]}}