{"id":10187,"date":"2024-08-22T20:59:17","date_gmt":"2024-08-22T19:59:17","guid":{"rendered":"https:\/\/tremunpiercing.com\/?post_type=product&#038;p=10187"},"modified":"2026-04-14T10:42:56","modified_gmt":"2026-04-14T09:42:56","slug":"timanfaya-with-beads","status":"publish","type":"product","link":"https:\/\/tremunpiercing.com\/pt\/product\/timanfaya-with-beads\/","title":{"rendered":"Timanfaya com missangas"},"content":{"rendered":"<p>O Timanfaya With Beads da Shanga Jewellery \u00e9 um top sem fio exclusivo criado para quem gosta de j\u00f3ias com personalidade e eleg\u00e2ncia. Fabricado em luxuoso ouro amarelo de 18k, este pendente de 5,1 mm x 5,9 mm tem deslumbrantes gemas de zirc\u00f3nias c\u00fabicas colocadas num delicado arranjo de contas de ouro a condizer. Este design cria um aspeto texturizado \u00fanico que atinge o equil\u00edbrio certo entre brilho e eleg\u00e2ncia.<\/p>\n<p>Concebida para se adaptar a postes de labret 16G e 14G, esta pe\u00e7a pode ser usada profissionalmente com confian\u00e7a. O top Timanfaya With Beads, por ser uma pe\u00e7a vers\u00e1til, \u00e9 adequado para tragus, h\u00e9lice, l\u00f3bulo e cartilagem e vai certamente agradar ao cliente que procura um design arrojado e uma bela qualidade. Os compradores grossistas e est\u00fadios podem oferecer o Timanfaya With Beads aos seus clientes como uma cole\u00e7\u00e3o de uma forma distinta, tornando-se mais atrativo nas exposi\u00e7\u00f5es de piercings. O detalhe e o artesanato limpo desta pe\u00e7a reflectem o luxo e a criatividade necess\u00e1rios para ser um artigo not\u00e1vel para a venda a retalho de j\u00f3ias para o corpo e impressionar os seus clientes.<\/p>","protected":false},"excerpt":{"rendered":"<ul>\n<li>Top sem fios<\/li>\n<li>Material: Ouro amarelo 18k<\/li>\n<li>Tamanho: 5,1 mm x 5,9 mm<\/li>\n<li>Gema: Zirc\u00f3nia c\u00fabica<\/li>\n<li>Compat\u00edvel com postes de pino de press\u00e3o 16G e 14G<\/li>\n<li>Marca: J\u00f3ias Shanga<\/li>\n<\/ul>","protected":false},"featured_media":10188,"comment_status":"closed","ping_status":"closed","template":"","meta":{"_acf_changed":false},"product_brand":[],"product_cat":[337,398],"product_tag":[187,188,189,205,206,212,190,183,213,184,207],"class_list":{"0":"post-10187","1":"product","2":"type-product","3":"status-publish","4":"has-post-thumbnail","6":"product_cat-gold-jewelry","7":"product_cat-shanga","8":"product_tag-conch","9":"product_tag-ear","10":"product_tag-helix","11":"product_tag-lobe","12":"product_tag-lobulo","13":"product_tag-medusa","14":"product_tag-oreja","15":"product_tag-perforacion","16":"product_tag-philtrum","17":"product_tag-piercing","18":"product_tag-tragus","20":"first","21":"instock","22":"taxable","23":"shipping-taxable","24":"purchasable","25":"product-type-simple"},"acf":[],"gallery_images":[29612,29611],"_links":{"self":[{"href":"https:\/\/tremunpiercing.com\/pt\/wp-json\/wp\/v2\/product\/10187","targetHints":{"allow":["GET"]}}],"collection":[{"href":"https:\/\/tremunpiercing.com\/pt\/wp-json\/wp\/v2\/product"}],"about":[{"href":"https:\/\/tremunpiercing.com\/pt\/wp-json\/wp\/v2\/types\/product"}],"replies":[{"embeddable":true,"href":"https:\/\/tremunpiercing.com\/pt\/wp-json\/wp\/v2\/comments?post=10187"}],"version-history":[{"count":1,"href":"https:\/\/tremunpiercing.com\/pt\/wp-json\/wp\/v2\/product\/10187\/revisions"}],"predecessor-version":[{"id":29613,"href":"https:\/\/tremunpiercing.com\/pt\/wp-json\/wp\/v2\/product\/10187\/revisions\/29613"}],"wp:featuredmedia":[{"embeddable":true,"href":"https:\/\/tremunpiercing.com\/pt\/wp-json\/wp\/v2\/media\/10188"}],"wp:attachment":[{"href":"https:\/\/tremunpiercing.com\/pt\/wp-json\/wp\/v2\/media?parent=10187"}],"wp:term":[{"taxonomy":"product_brand","embeddable":true,"href":"https:\/\/tremunpiercing.com\/pt\/wp-json\/wp\/v2\/product_brand?post=10187"},{"taxonomy":"product_cat","embeddable":true,"href":"https:\/\/tremunpiercing.com\/pt\/wp-json\/wp\/v2\/product_cat?post=10187"},{"taxonomy":"product_tag","embeddable":true,"href":"https:\/\/tremunpiercing.com\/pt\/wp-json\/wp\/v2\/product_tag?post=10187"}],"curies":[{"name":"wp","href":"https:\/\/api.w.org\/{rel}","templated":true}]}}