{"id":10240,"date":"2024-08-26T16:11:56","date_gmt":"2024-08-26T15:11:56","guid":{"rendered":"https:\/\/tremunpiercing.com\/?post_type=product&#038;p=10240"},"modified":"2026-04-14T09:47:21","modified_gmt":"2026-04-14T08:47:21","slug":"octagon-half-bezel","status":"publish","type":"product","link":"https:\/\/tremunpiercing.com\/pt\/product\/octagon-half-bezel\/","title":{"rendered":"Meia luneta octogonal em ouro amarelo"},"content":{"rendered":"<h2 data-start=\"9886\" data-end=\"9942\">Meia luneta octogonal - Ouro Amarelo 18k Topo sem rosca<\/h2>\n<p>O Octagon Half Bezel \u00e9 um estilo moderno e luxuoso da Shanga Jewellery, feito em ouro amarelo 18k, e mede 2,5 mm x 4,5 mm, incrustado com uma bela camada de zirc\u00f3nias c\u00fabicas num design marcante de meia-bisel. Este estilo moderno incorpora minimalismo e brilho, tornando-o excelente para colec\u00e7\u00f5es de j\u00f3ias profissionais.<\/p>\n<p>A parte superior n\u00e3o tem rosca e pode ser apoiada em pinos de press\u00e3o 16G e 14G para f\u00e1cil fixa\u00e7\u00e3o. O seu design simples mas elegante confere-lhe versatilidade para coloca\u00e7\u00e3o no l\u00f3bulo da orelha e na cartilagem, apelando aos clientes que preferem j\u00f3ias refinadas e modernas. Uma excelente op\u00e7\u00e3o para est\u00fadios de piercing, fornecedores ou retalhistas para oferecer j\u00f3ias de ouro de alta qualidade.<\/p>","protected":false},"excerpt":{"rendered":"<ul>\n<li>Topo sem rosca, pino inoxid\u00e1vel 25ga<\/li>\n<li>Material: Ouro amarelo 18k<\/li>\n<li>Tamanho:2,5mm x 4,5mm<\/li>\n<li>Gema: Zirc\u00f3nia c\u00fabica<\/li>\n<li>Compat\u00edvel com postes de pino de press\u00e3o 16G e 14G<\/li>\n<li>Marca: J\u00f3ias Shanga<\/li>\n<\/ul>","protected":false},"featured_media":10241,"comment_status":"closed","ping_status":"closed","template":"","meta":{"_acf_changed":false},"product_brand":[],"product_cat":[337,398],"product_tag":[187,188,189,205,206,212,190,183,213,184,207],"class_list":{"0":"post-10240","1":"product","2":"type-product","3":"status-publish","4":"has-post-thumbnail","6":"product_cat-gold-jewelry","7":"product_cat-shanga","8":"product_tag-conch","9":"product_tag-ear","10":"product_tag-helix","11":"product_tag-lobe","12":"product_tag-lobulo","13":"product_tag-medusa","14":"product_tag-oreja","15":"product_tag-perforacion","16":"product_tag-philtrum","17":"product_tag-piercing","18":"product_tag-tragus","20":"first","21":"instock","22":"taxable","23":"shipping-taxable","24":"purchasable","25":"product-type-simple"},"acf":[],"gallery_images":[29596,29597],"_links":{"self":[{"href":"https:\/\/tremunpiercing.com\/pt\/wp-json\/wp\/v2\/product\/10240","targetHints":{"allow":["GET"]}}],"collection":[{"href":"https:\/\/tremunpiercing.com\/pt\/wp-json\/wp\/v2\/product"}],"about":[{"href":"https:\/\/tremunpiercing.com\/pt\/wp-json\/wp\/v2\/types\/product"}],"replies":[{"embeddable":true,"href":"https:\/\/tremunpiercing.com\/pt\/wp-json\/wp\/v2\/comments?post=10240"}],"version-history":[{"count":1,"href":"https:\/\/tremunpiercing.com\/pt\/wp-json\/wp\/v2\/product\/10240\/revisions"}],"predecessor-version":[{"id":28954,"href":"https:\/\/tremunpiercing.com\/pt\/wp-json\/wp\/v2\/product\/10240\/revisions\/28954"}],"wp:featuredmedia":[{"embeddable":true,"href":"https:\/\/tremunpiercing.com\/pt\/wp-json\/wp\/v2\/media\/10241"}],"wp:attachment":[{"href":"https:\/\/tremunpiercing.com\/pt\/wp-json\/wp\/v2\/media?parent=10240"}],"wp:term":[{"taxonomy":"product_brand","embeddable":true,"href":"https:\/\/tremunpiercing.com\/pt\/wp-json\/wp\/v2\/product_brand?post=10240"},{"taxonomy":"product_cat","embeddable":true,"href":"https:\/\/tremunpiercing.com\/pt\/wp-json\/wp\/v2\/product_cat?post=10240"},{"taxonomy":"product_tag","embeddable":true,"href":"https:\/\/tremunpiercing.com\/pt\/wp-json\/wp\/v2\/product_tag?post=10240"}],"curies":[{"name":"wp","href":"https:\/\/api.w.org\/{rel}","templated":true}]}}