{"id":12235,"date":"2024-11-12T01:15:11","date_gmt":"2024-11-12T00:15:11","guid":{"rendered":"https:\/\/tremunpiercing.com\/?post_type=product&#038;p=12235"},"modified":"2026-04-19T16:14:27","modified_gmt":"2026-04-19T15:14:27","slug":"micro-labret-push-pin-18g","status":"publish","type":"product","link":"https:\/\/tremunpiercing.com\/pt\/product\/micro-labret-push-pin-18g\/","title":{"rendered":"Micro Labret Push Pin 18G"},"content":{"rendered":"<p>O Labret Push Pin de tit\u00e2nio de 6 mm em 18G \u00e9 uma base de joalharia adequada tanto para piercers profissionais como para fornecedores grossistas. Fabricado em tit\u00e2nio F-136 para implantes, garante a m\u00e1xima biocompatibilidade e um desgaste duradouro. Dispon\u00edvel em comprimentos de 6 mm a 10 mm e com uma base plana de 3 mm, este espig\u00e3o adapta-se a todos os acess\u00f3rios sem rosca. Sempre duradouro e leve, est\u00e1 a tornar-se rapidamente o material preferido para piercings incidentes. Os sistemas simples de pinos de press\u00e3o permitem uma utiliza\u00e7\u00e3o f\u00e1cil. Cada um exigir\u00e1 uma verifica\u00e7\u00e3o e o encaixe adequado no seu piercing depois de completamente cicatrizado, a n\u00e3o ser, claro, que n\u00e3o encaixem, uma vez que s\u00e3o apenas pinos de press\u00e3o e n\u00e3o totalmente seguros! Adequado para piercings de l\u00e1bio, h\u00e9lice, tragus e cartilagem, este \u00e9 o balc\u00e3o \u00fanico de que todos precisamos e uma parte necess\u00e1ria de cada est\u00fadio de piercing. Os grossistas e retalhistas podem ter a certeza da sua procura, uma vez que constitui a base da cole\u00e7\u00e3o de piercings de um profissional!<\/p>","protected":false},"excerpt":{"rendered":"<ul>\n<li>Pino de press\u00e3o<\/li>\n<li>Compat\u00edvel apenas com acess\u00f3rios de pino de press\u00e3o<\/li>\n<li>Material: Tit\u00e2nio de grau de implante F-136<\/li>\n<li>Calibre: 18G<\/li>\n<li>Comprimento: 6 mm, 7 mm, 8 mm, 9 mm, 10 mm<\/li>\n<li>Di\u00e2metro da base: 3 mm<\/li>\n<\/ul>","protected":false},"featured_media":15052,"comment_status":"closed","ping_status":"closed","template":"","meta":{"_acf_changed":false},"product_brand":[],"product_cat":[340,344],"product_tag":[187,188,189,210,211,205,206,212,190,183,213,184,293,207],"class_list":{"0":"post-12235","1":"product","2":"type-product","3":"status-publish","4":"has-post-thumbnail","6":"product_cat-titanium-jewelry","7":"product_cat-labret-titanium-jeawelry","8":"product_tag-conch","9":"product_tag-ear","10":"product_tag-helix","11":"product_tag-labret","12":"product_tag-lip","13":"product_tag-lobe","14":"product_tag-lobulo","15":"product_tag-medusa","16":"product_tag-oreja","17":"product_tag-perforacion","18":"product_tag-philtrum","19":"product_tag-piercing","20":"product_tag-push-pin","21":"product_tag-tragus","23":"first","24":"instock","25":"taxable","26":"shipping-taxable","27":"purchasable","28":"product-type-variable"},"acf":[],"gallery_images":[15055,15054,15053],"_links":{"self":[{"href":"https:\/\/tremunpiercing.com\/pt\/wp-json\/wp\/v2\/product\/12235","targetHints":{"allow":["GET"]}}],"collection":[{"href":"https:\/\/tremunpiercing.com\/pt\/wp-json\/wp\/v2\/product"}],"about":[{"href":"https:\/\/tremunpiercing.com\/pt\/wp-json\/wp\/v2\/types\/product"}],"replies":[{"embeddable":true,"href":"https:\/\/tremunpiercing.com\/pt\/wp-json\/wp\/v2\/comments?post=12235"}],"version-history":[{"count":0,"href":"https:\/\/tremunpiercing.com\/pt\/wp-json\/wp\/v2\/product\/12235\/revisions"}],"wp:featuredmedia":[{"embeddable":true,"href":"https:\/\/tremunpiercing.com\/pt\/wp-json\/wp\/v2\/media\/15052"}],"wp:attachment":[{"href":"https:\/\/tremunpiercing.com\/pt\/wp-json\/wp\/v2\/media?parent=12235"}],"wp:term":[{"taxonomy":"product_brand","embeddable":true,"href":"https:\/\/tremunpiercing.com\/pt\/wp-json\/wp\/v2\/product_brand?post=12235"},{"taxonomy":"product_cat","embeddable":true,"href":"https:\/\/tremunpiercing.com\/pt\/wp-json\/wp\/v2\/product_cat?post=12235"},{"taxonomy":"product_tag","embeddable":true,"href":"https:\/\/tremunpiercing.com\/pt\/wp-json\/wp\/v2\/product_tag?post=12235"}],"curies":[{"name":"wp","href":"https:\/\/api.w.org\/{rel}","templated":true}]}}