{"id":12668,"date":"2024-12-19T01:38:03","date_gmt":"2024-12-19T00:38:03","guid":{"rendered":"https:\/\/tremunpiercing.com\/?post_type=product&#038;p=12668"},"modified":"2026-04-18T10:25:47","modified_gmt":"2026-04-18T09:25:47","slug":"micro-labret-push-pin-post-only-base-3mm","status":"publish","type":"product","link":"https:\/\/tremunpiercing.com\/pt\/product\/micro-labret-push-pin-post-only-base-3mm\/","title":{"rendered":"Micro Labret Push Pin (APENAS POST) (Base 3mm)"},"content":{"rendered":"<p>O espig\u00e3o Micro Labret Push Pin \u00e9 um complemento essencial para todos os est\u00fadios de piercing profissionais. Destinado especificamente para os topos de pinos de press\u00e3o, este espig\u00e3o \u00e9 produzido com tit\u00e2nio de implante de qualidade superior (F-136) que oferece seguran\u00e7a, durabilidade e biocompatibilidade para todos os tipos de pele. Dispon\u00edvel numa largura fina de calibre 20G e comprimentos de 5 mm, 6 mm ou 7 mm, pode misturar e combinar como quiser, dependendo da coloca\u00e7\u00e3o do piercing que o seu cliente preferir. O espig\u00e3o Micro Labret Push Pin \u00e9 universal para quase todos os clientes, com a vantagem adicional de oferecer um conforto excecional durante o processo de cicatriza\u00e7\u00e3o. Com uma base plana de 3 mm, o espig\u00e3o Micro Labret Push Pin permanece confortavelmente situado contra a pele, ao mesmo tempo que oferece uma fixa\u00e7\u00e3o est\u00e1vel e agrad\u00e1vel com pouca irrita\u00e7\u00e3o.<\/p>\n<p>O Micro Labret Push Pin \u00e9 s\u00f3 para colocar, o que permite ao piercer a oportunidade de misturar e combinar com o cat\u00e1logo de acess\u00f3rios de push pin dispon\u00edveis, que \u00e9 o que todos os piercers procuram numa cole\u00e7\u00e3o de j\u00f3ias. O facto de o labret ser feito de tit\u00e2nio leve mas dur\u00e1vel \u00e9 outra raz\u00e3o pela qual os especialistas em piercings de todo o mundo confiam nos seus micro labrets pelas suas propriedades hipoalerg\u00e9nicas e durabilidade. S\u00e3o outra excelente op\u00e7\u00e3o de venda por grosso para o seu est\u00fadio, loja de tatuagens ou retalhista que procura expandir o seu invent\u00e1rio de piercings de qualidade com resultados de n\u00edvel profissional.<\/p>","protected":false},"excerpt":{"rendered":"<ul>\n<li>Pino de press\u00e3o<\/li>\n<li>Compat\u00edvel apenas com acess\u00f3rios de pino de press\u00e3o<\/li>\n<li>Material: Tit\u00e2nio de grau de implante F-136<\/li>\n<li>Calibre: 20G<\/li>\n<li>Comprimento: 5mm, 6mm, 7mm<\/li>\n<li>Di\u00e2metro da base: 3 mm<\/li>\n<\/ul>","protected":false},"featured_media":15054,"comment_status":"closed","ping_status":"closed","template":"","meta":{"_acf_changed":false},"product_brand":[],"product_cat":[340,344],"product_tag":[187,188,189,210,211,205,206,212,190,183,213,184,293,207],"class_list":{"0":"post-12668","1":"product","2":"type-product","3":"status-publish","4":"has-post-thumbnail","6":"product_cat-titanium-jewelry","7":"product_cat-labret-titanium-jeawelry","8":"product_tag-conch","9":"product_tag-ear","10":"product_tag-helix","11":"product_tag-labret","12":"product_tag-lip","13":"product_tag-lobe","14":"product_tag-lobulo","15":"product_tag-medusa","16":"product_tag-oreja","17":"product_tag-perforacion","18":"product_tag-philtrum","19":"product_tag-piercing","20":"product_tag-push-pin","21":"product_tag-tragus","23":"first","24":"instock","25":"taxable","26":"shipping-taxable","27":"purchasable","28":"product-type-variable"},"acf":[],"gallery_images":[15055,15053,15052],"_links":{"self":[{"href":"https:\/\/tremunpiercing.com\/pt\/wp-json\/wp\/v2\/product\/12668","targetHints":{"allow":["GET"]}}],"collection":[{"href":"https:\/\/tremunpiercing.com\/pt\/wp-json\/wp\/v2\/product"}],"about":[{"href":"https:\/\/tremunpiercing.com\/pt\/wp-json\/wp\/v2\/types\/product"}],"replies":[{"embeddable":true,"href":"https:\/\/tremunpiercing.com\/pt\/wp-json\/wp\/v2\/comments?post=12668"}],"version-history":[{"count":0,"href":"https:\/\/tremunpiercing.com\/pt\/wp-json\/wp\/v2\/product\/12668\/revisions"}],"wp:featuredmedia":[{"embeddable":true,"href":"https:\/\/tremunpiercing.com\/pt\/wp-json\/wp\/v2\/media\/15054"}],"wp:attachment":[{"href":"https:\/\/tremunpiercing.com\/pt\/wp-json\/wp\/v2\/media?parent=12668"}],"wp:term":[{"taxonomy":"product_brand","embeddable":true,"href":"https:\/\/tremunpiercing.com\/pt\/wp-json\/wp\/v2\/product_brand?post=12668"},{"taxonomy":"product_cat","embeddable":true,"href":"https:\/\/tremunpiercing.com\/pt\/wp-json\/wp\/v2\/product_cat?post=12668"},{"taxonomy":"product_tag","embeddable":true,"href":"https:\/\/tremunpiercing.com\/pt\/wp-json\/wp\/v2\/product_tag?post=12668"}],"curies":[{"name":"wp","href":"https:\/\/api.w.org\/{rel}","templated":true}]}}