{"id":13047,"date":"2025-01-10T17:35:50","date_gmt":"2025-01-10T16:35:50","guid":{"rendered":"https:\/\/tremunpiercing.com\/?post_type=product&#038;p=13047"},"modified":"2026-04-13T10:55:40","modified_gmt":"2026-04-13T09:55:40","slug":"microflower-white-gold","status":"publish","type":"product","link":"https:\/\/tremunpiercing.com\/pt\/product\/microflower-white-gold\/","title":{"rendered":"Microfloresc\u00eancia em ouro branco"},"content":{"rendered":"<p>O Microflower White Gold \u00e9 uma pe\u00e7a fina e sofisticada fabricada pela Shanga Jewellery. Foi concebido para profissionais que gostam de colec\u00e7\u00f5es de j\u00f3ias corporais mais elegantes e sofisticadas, sem deixarem de ter uma pe\u00e7a de joalharia corporal muito funcional e pr\u00e1tica. \u00c9 feito de ouro branco de 18k e tem um topo de pino de press\u00e3o sem rosca que funciona com postes de labret sem rosca 16G ou 14G. \u00c9 ideal para todos os piercings diferentes. Apresenta gemas brilhantes de zirc\u00f3nio c\u00fabico com flores de 4 mm para dar um toque final de eleg\u00e2ncia a piercings na cartilagem, no tragus ou no l\u00f3bulo. Os est\u00fadios de piercing e os retalhistas apreciar\u00e3o o facto de se tratar de um design completamente sem fios, o que significa que pode ser r\u00e1pida e facilmente fixado nos clientes, sendo tamb\u00e9m muito confort\u00e1vel para o cliente.<\/p>\n<p>O Microflower \u00e9 fabricado em ouro de 18k de primeira qualidade, o que garante um brilho duradouro e biocompatibilidade para clientes que desejam uma experi\u00eancia de luxo em j\u00f3ias corporais. Este artigo tem sido um best-seller ano ap\u00f3s ano, combinando estilo, durabilidade e seguran\u00e7a num cl\u00e1ssico, o que o torna um artigo de joalharia corporal obrigat\u00f3rio para colec\u00e7\u00f5es profissionais.<\/p>","protected":false},"excerpt":{"rendered":"<ul>\n<li>Topo sem rosca - pino em a\u00e7o inoxid\u00e1vel 25ga<\/li>\n<li>Material: Ouro branco 18k<\/li>\n<li>Gema: Zirc\u00f3nia c\u00fabica<\/li>\n<li>Compat\u00edvel com postes de l\u00e1bio sem rosca 16G e 14G<\/li>\n<li>Tamanho: 4 mm aprox.<\/li>\n<li>Marca: J\u00f3ias Shanga<\/li>\n<\/ul>","protected":false},"featured_media":13050,"comment_status":"closed","ping_status":"closed","template":"","meta":{"_acf_changed":false},"product_brand":[],"product_cat":[337,398],"product_tag":[187,188,189,205,206,212,190,183,213,184,207],"class_list":{"0":"post-13047","1":"product","2":"type-product","3":"status-publish","4":"has-post-thumbnail","6":"product_cat-gold-jewelry","7":"product_cat-shanga","8":"product_tag-conch","9":"product_tag-ear","10":"product_tag-helix","11":"product_tag-lobe","12":"product_tag-lobulo","13":"product_tag-medusa","14":"product_tag-oreja","15":"product_tag-perforacion","16":"product_tag-philtrum","17":"product_tag-piercing","18":"product_tag-tragus","20":"first","21":"instock","22":"taxable","23":"shipping-taxable","24":"purchasable","25":"product-type-simple"},"acf":[],"gallery_images":[29522,29523],"_links":{"self":[{"href":"https:\/\/tremunpiercing.com\/pt\/wp-json\/wp\/v2\/product\/13047","targetHints":{"allow":["GET"]}}],"collection":[{"href":"https:\/\/tremunpiercing.com\/pt\/wp-json\/wp\/v2\/product"}],"about":[{"href":"https:\/\/tremunpiercing.com\/pt\/wp-json\/wp\/v2\/types\/product"}],"replies":[{"embeddable":true,"href":"https:\/\/tremunpiercing.com\/pt\/wp-json\/wp\/v2\/comments?post=13047"}],"version-history":[{"count":1,"href":"https:\/\/tremunpiercing.com\/pt\/wp-json\/wp\/v2\/product\/13047\/revisions"}],"predecessor-version":[{"id":28943,"href":"https:\/\/tremunpiercing.com\/pt\/wp-json\/wp\/v2\/product\/13047\/revisions\/28943"}],"wp:featuredmedia":[{"embeddable":true,"href":"https:\/\/tremunpiercing.com\/pt\/wp-json\/wp\/v2\/media\/13050"}],"wp:attachment":[{"href":"https:\/\/tremunpiercing.com\/pt\/wp-json\/wp\/v2\/media?parent=13047"}],"wp:term":[{"taxonomy":"product_brand","embeddable":true,"href":"https:\/\/tremunpiercing.com\/pt\/wp-json\/wp\/v2\/product_brand?post=13047"},{"taxonomy":"product_cat","embeddable":true,"href":"https:\/\/tremunpiercing.com\/pt\/wp-json\/wp\/v2\/product_cat?post=13047"},{"taxonomy":"product_tag","embeddable":true,"href":"https:\/\/tremunpiercing.com\/pt\/wp-json\/wp\/v2\/product_tag?post=13047"}],"curies":[{"name":"wp","href":"https:\/\/api.w.org\/{rel}","templated":true}]}}