{"id":13517,"date":"2025-02-06T17:17:05","date_gmt":"2025-02-06T16:17:05","guid":{"rendered":"https:\/\/tremunpiercing.com\/?post_type=product&#038;p=13517"},"modified":"2026-04-10T22:54:08","modified_gmt":"2026-04-10T21:54:08","slug":"venus-amethyst-cz","status":"publish","type":"product","link":"https:\/\/tremunpiercing.com\/pt\/product\/venus-amethyst-cz\/","title":{"rendered":"V\u00e9nus Ametista CZ"},"content":{"rendered":"<p>As lojas de piercing e os grossistas de j\u00f3ias est\u00e3o \u00e0 procura de uma pe\u00e7a bonita, segura e de alta qualidade - o Venus Amethyst CZ! Fabricada em tit\u00e2nio F-136 para implantes, com rosca interna 16G, \u00e9 uma pe\u00e7a de bijuteria corporal 100% segura e dur\u00e1vel que tem merecido a confian\u00e7a de est\u00fadios de piercing em todo o mundo! Com uma zirc\u00f3nia c\u00fabica ametista p\u00farpura de 4 mm, esta pe\u00e7a de bijuteria sobressai com cor e \u00e9 perfeita para piercings nas orelhas, l\u00e1bios e cartilagens. Uma pe\u00e7a de destaque que \u00e9 brilhante no design e tamb\u00e9m fi\u00e1vel! O Venus Amethyst CZ \u00e9 uma pe\u00e7a imprescind\u00edvel para qualquer cole\u00e7\u00e3o de bijuteria corporal a granel porque \u00e9 tit\u00e2nio de grau m\u00e9dico com classifica\u00e7\u00e3o de seguran\u00e7a, al\u00e9m de oferecer um design deslumbrante a qualquer cliente! Compre j\u00f3ias para piercing online e encontre um fornecedor de confian\u00e7a que promete manter o seu est\u00fadio abastecido e com estilo.<\/p>","protected":false},"excerpt":{"rendered":"<ul>\n<li>Rosca interna<\/li>\n<li>Material: Tit\u00e2nio de grau de implante F-136<\/li>\n<li>Calibre: 16G<\/li>\n<li>Gema: Zirc\u00f3nia c\u00fabica<\/li>\n<li>Tamanho da gema: 4mm<\/li>\n<\/ul>","protected":false},"featured_media":13889,"comment_status":"closed","ping_status":"closed","template":"","meta":{"_acf_changed":false},"product_brand":[],"product_cat":[340,343],"product_tag":[187,220,188,189,210,205,206,212,222,190,183,213,184,207],"class_list":{"0":"post-13517","1":"product","2":"type-product","3":"status-publish","4":"has-post-thumbnail","6":"product_cat-titanium-jewelry","7":"product_cat-tops-titanium-jewelry","8":"product_tag-conch","9":"product_tag-dermal","10":"product_tag-ear","11":"product_tag-helix","12":"product_tag-labret","13":"product_tag-lobe","14":"product_tag-lobulo","15":"product_tag-medusa","16":"product_tag-microdermal","17":"product_tag-oreja","18":"product_tag-perforacion","19":"product_tag-philtrum","20":"product_tag-piercing","21":"product_tag-tragus","23":"first","24":"instock","25":"taxable","26":"shipping-taxable","27":"purchasable","28":"product-type-simple"},"acf":[],"gallery_images":[27919,27918],"_links":{"self":[{"href":"https:\/\/tremunpiercing.com\/pt\/wp-json\/wp\/v2\/product\/13517","targetHints":{"allow":["GET"]}}],"collection":[{"href":"https:\/\/tremunpiercing.com\/pt\/wp-json\/wp\/v2\/product"}],"about":[{"href":"https:\/\/tremunpiercing.com\/pt\/wp-json\/wp\/v2\/types\/product"}],"replies":[{"embeddable":true,"href":"https:\/\/tremunpiercing.com\/pt\/wp-json\/wp\/v2\/comments?post=13517"}],"version-history":[{"count":1,"href":"https:\/\/tremunpiercing.com\/pt\/wp-json\/wp\/v2\/product\/13517\/revisions"}],"predecessor-version":[{"id":27922,"href":"https:\/\/tremunpiercing.com\/pt\/wp-json\/wp\/v2\/product\/13517\/revisions\/27922"}],"wp:featuredmedia":[{"embeddable":true,"href":"https:\/\/tremunpiercing.com\/pt\/wp-json\/wp\/v2\/media\/13889"}],"wp:attachment":[{"href":"https:\/\/tremunpiercing.com\/pt\/wp-json\/wp\/v2\/media?parent=13517"}],"wp:term":[{"taxonomy":"product_brand","embeddable":true,"href":"https:\/\/tremunpiercing.com\/pt\/wp-json\/wp\/v2\/product_brand?post=13517"},{"taxonomy":"product_cat","embeddable":true,"href":"https:\/\/tremunpiercing.com\/pt\/wp-json\/wp\/v2\/product_cat?post=13517"},{"taxonomy":"product_tag","embeddable":true,"href":"https:\/\/tremunpiercing.com\/pt\/wp-json\/wp\/v2\/product_tag?post=13517"}],"curies":[{"name":"wp","href":"https:\/\/api.w.org\/{rel}","templated":true}]}}