{"id":13527,"date":"2025-02-06T17:52:12","date_gmt":"2025-02-06T16:52:12","guid":{"rendered":"https:\/\/tremunpiercing.com\/?post_type=product&#038;p=13527"},"modified":"2026-04-21T12:33:16","modified_gmt":"2026-04-21T11:33:16","slug":"cluster-pink-cz","status":"publish","type":"product","link":"https:\/\/tremunpiercing.com\/pt\/product\/cluster-pink-cz\/","title":{"rendered":"Agregado CZ cor-de-rosa"},"content":{"rendered":"<p>O Pink Cluster CZ \u00e9 um complemento essencial para est\u00fadios e lojas de tatuagem que pretendem ter j\u00f3ias divertidas mas bem feitas. Fabricada em tit\u00e2nio F-136 para implantes, esta pe\u00e7a com rosca interna \u00e9 garantidamente hipoalerg\u00e9nica, pelo que se destina a um utilizador com pele sens\u00edvel que pode usar j\u00f3ias seguras. O nosso cluster 14G \u00e9 composto por tr\u00eas pedras de zirc\u00f3nio c\u00fabico com 4 mm, 3 mm e 2 mm de tamanho e tem um reflexo rosa suave que evoca a feminilidade contempor\u00e2nea para esta joia de piercing na orelha, l\u00e1bio ou cartilagem. Concentramo-nos na funcionalidade, mas a beleza tamb\u00e9m \u00e9 uma prioridade. Este cluster CZ rosa \u00e9 um \u00f3timo complemento para suas encomendas de j\u00f3ias para piercing por atacado!<\/p>\n<p>&nbsp;<\/p>","protected":false},"excerpt":{"rendered":"<ul>\n<li>Rosca interna<\/li>\n<li>Material: Tit\u00e2nio de grau de implante F-136<\/li>\n<li>Tamanhos de gemas: 4mm, 3mm e 2mm<\/li>\n<li>Calibre: 14G<\/li>\n<li>Gema: Zirc\u00f3nia c\u00fabica<\/li>\n<\/ul>","protected":false},"featured_media":13822,"comment_status":"closed","ping_status":"closed","template":"","meta":{"_acf_changed":false},"product_brand":[],"product_cat":[340,343],"product_tag":[225,187,179,180,188,189,190,200,183,184,185],"class_list":{"0":"post-13527","1":"product","2":"type-product","3":"status-publish","4":"has-post-thumbnail","6":"product_cat-titanium-jewelry","7":"product_cat-tops-titanium-jewelry","8":"product_tag-cluster","9":"product_tag-conch","10":"product_tag-cristal","11":"product_tag-cz","12":"product_tag-ear","13":"product_tag-helix","14":"product_tag-oreja","15":"product_tag-ornamental","16":"product_tag-perforacion","17":"product_tag-piercing","18":"product_tag-shiny","20":"first","21":"instock","22":"taxable","23":"shipping-taxable","24":"purchasable","25":"product-type-simple"},"acf":[],"gallery_images":[27887,27888],"_links":{"self":[{"href":"https:\/\/tremunpiercing.com\/pt\/wp-json\/wp\/v2\/product\/13527","targetHints":{"allow":["GET"]}}],"collection":[{"href":"https:\/\/tremunpiercing.com\/pt\/wp-json\/wp\/v2\/product"}],"about":[{"href":"https:\/\/tremunpiercing.com\/pt\/wp-json\/wp\/v2\/types\/product"}],"replies":[{"embeddable":true,"href":"https:\/\/tremunpiercing.com\/pt\/wp-json\/wp\/v2\/comments?post=13527"}],"version-history":[{"count":1,"href":"https:\/\/tremunpiercing.com\/pt\/wp-json\/wp\/v2\/product\/13527\/revisions"}],"predecessor-version":[{"id":27893,"href":"https:\/\/tremunpiercing.com\/pt\/wp-json\/wp\/v2\/product\/13527\/revisions\/27893"}],"wp:featuredmedia":[{"embeddable":true,"href":"https:\/\/tremunpiercing.com\/pt\/wp-json\/wp\/v2\/media\/13822"}],"wp:attachment":[{"href":"https:\/\/tremunpiercing.com\/pt\/wp-json\/wp\/v2\/media?parent=13527"}],"wp:term":[{"taxonomy":"product_brand","embeddable":true,"href":"https:\/\/tremunpiercing.com\/pt\/wp-json\/wp\/v2\/product_brand?post=13527"},{"taxonomy":"product_cat","embeddable":true,"href":"https:\/\/tremunpiercing.com\/pt\/wp-json\/wp\/v2\/product_cat?post=13527"},{"taxonomy":"product_tag","embeddable":true,"href":"https:\/\/tremunpiercing.com\/pt\/wp-json\/wp\/v2\/product_tag?post=13527"}],"curies":[{"name":"wp","href":"https:\/\/api.w.org\/{rel}","templated":true}]}}