{"id":13532,"date":"2025-02-06T18:19:35","date_gmt":"2025-02-06T17:19:35","guid":{"rendered":"https:\/\/tremunpiercing.com\/?post_type=product&#038;p=13532"},"modified":"2026-03-31T14:11:19","modified_gmt":"2026-03-31T13:11:19","slug":"cluster-champagne-cz","status":"publish","type":"product","link":"https:\/\/tremunpiercing.com\/pt\/product\/cluster-champagne-cz\/","title":{"rendered":"Agregado de champanhe CZ"},"content":{"rendered":"<p>O Cluster Champagne CZ foi concebido para os piercers que pretendem aliar o luxo \u00e0 seguran\u00e7a. Esta \u00e9 uma pe\u00e7a de joalharia intemporal feita de tit\u00e2nio F-136 de grau de implante, garantindo que esta joia corporal com rosca interna \u00e9 dur\u00e1vel e hipoalerg\u00e9nica para os seus clientes com pele sens\u00edvel. O conjunto de gemas CZ est\u00e1 dispon\u00edvel em tamanhos de 4 mm, 3 mm e 2 mm, e a cor destas gemas (champanhe) pode embelezar qualquer piercing na orelha, l\u00e1bio ou cartilagem.<\/p>\n<p>\u00c9 um 14G, que oferece oportunidades de fian\u00e7a e atacado para piercers profissionais, lojas de tatuagem ou lojas de j\u00f3ias corporais que vendem j\u00f3ias corporais a granel. Como fornecedor de j\u00f3ias para piercing no corpo no Canad\u00e1, fornecemos j\u00f3ias para piercing que equilibram apar\u00eancia luxuosa com seguran\u00e7a padr\u00e3o m\u00e9dica.<\/p>\n<p>&nbsp;<\/p>","protected":false},"excerpt":{"rendered":"<ul>\n<li>Rosca interna<\/li>\n<li>Material: Tit\u00e2nio de grau de implante F-136<\/li>\n<li>Tamanhos de gemas: 4mm, 3mm e 2mm<\/li>\n<li>Calibre: 14G<\/li>\n<li>Gema: Zirc\u00f3nia c\u00fabica<\/li>\n<\/ul>","protected":false},"featured_media":13811,"comment_status":"closed","ping_status":"closed","template":"","meta":{"_acf_changed":false},"product_brand":[],"product_cat":[340,343],"product_tag":[225,187,179,180,188,189,190,200,183,184,185],"class_list":{"0":"post-13532","1":"product","2":"type-product","3":"status-publish","4":"has-post-thumbnail","6":"product_cat-titanium-jewelry","7":"product_cat-tops-titanium-jewelry","8":"product_tag-cluster","9":"product_tag-conch","10":"product_tag-cristal","11":"product_tag-cz","12":"product_tag-ear","13":"product_tag-helix","14":"product_tag-oreja","15":"product_tag-ornamental","16":"product_tag-perforacion","17":"product_tag-piercing","18":"product_tag-shiny","20":"first","21":"instock","22":"taxable","23":"shipping-taxable","24":"purchasable","25":"product-type-simple"},"acf":[],"gallery_images":[27878,27879],"_links":{"self":[{"href":"https:\/\/tremunpiercing.com\/pt\/wp-json\/wp\/v2\/product\/13532","targetHints":{"allow":["GET"]}}],"collection":[{"href":"https:\/\/tremunpiercing.com\/pt\/wp-json\/wp\/v2\/product"}],"about":[{"href":"https:\/\/tremunpiercing.com\/pt\/wp-json\/wp\/v2\/types\/product"}],"replies":[{"embeddable":true,"href":"https:\/\/tremunpiercing.com\/pt\/wp-json\/wp\/v2\/comments?post=13532"}],"version-history":[{"count":1,"href":"https:\/\/tremunpiercing.com\/pt\/wp-json\/wp\/v2\/product\/13532\/revisions"}],"predecessor-version":[{"id":27880,"href":"https:\/\/tremunpiercing.com\/pt\/wp-json\/wp\/v2\/product\/13532\/revisions\/27880"}],"wp:featuredmedia":[{"embeddable":true,"href":"https:\/\/tremunpiercing.com\/pt\/wp-json\/wp\/v2\/media\/13811"}],"wp:attachment":[{"href":"https:\/\/tremunpiercing.com\/pt\/wp-json\/wp\/v2\/media?parent=13532"}],"wp:term":[{"taxonomy":"product_brand","embeddable":true,"href":"https:\/\/tremunpiercing.com\/pt\/wp-json\/wp\/v2\/product_brand?post=13532"},{"taxonomy":"product_cat","embeddable":true,"href":"https:\/\/tremunpiercing.com\/pt\/wp-json\/wp\/v2\/product_cat?post=13532"},{"taxonomy":"product_tag","embeddable":true,"href":"https:\/\/tremunpiercing.com\/pt\/wp-json\/wp\/v2\/product_tag?post=13532"}],"curies":[{"name":"wp","href":"https:\/\/api.w.org\/{rel}","templated":true}]}}