{"id":13622,"date":"2025-02-07T18:19:08","date_gmt":"2025-02-07T17:19:08","guid":{"rendered":"https:\/\/tremunpiercing.com\/?post_type=product&#038;p=13622"},"modified":"2025-09-03T07:57:06","modified_gmt":"2025-09-03T06:57:06","slug":"threadless-insertion-pin-titanium","status":"publish","type":"product","link":"https:\/\/tremunpiercing.com\/pt\/product\/threadless-insertion-pin-titanium\/","title":{"rendered":"Pino de inser\u00e7\u00e3o sem rosca Tit\u00e2nio"},"content":{"rendered":"<p>O pino de inser\u00e7\u00e3o sem rosca em tit\u00e2nio \u00e9 uma ferramenta profissional vital para os piercers, concebida para tornar as inser\u00e7\u00f5es de j\u00f3ias suaves e seguras. O pino de inser\u00e7\u00e3o sem rosca \u00e9 fabricado em tit\u00e2nio F-136 para implantes e \u00e9 biocompat\u00edvel, leve e resistente \u00e0 corros\u00e3o, o que o torna o material preferido para qualquer procedimento de perfura\u00e7\u00e3o em que a seguran\u00e7a seja fundamental. Com 30 mm de comprimento e 18G (1 mm) de calibre, este pino de inser\u00e7\u00e3o sem rosca \u00e9 muito manej\u00e1vel para guiar j\u00f3ias sem rosca atrav\u00e9s de piercings abertos, recentes e\/ou cicatrizados, causando o m\u00ednimo de desconforto para o cliente. O acabamento liso e polido do tit\u00e2nio n\u00e3o arrasta e permite uma trajet\u00f3ria suave, minimizando o trauma ou o desconforto durante a mudan\u00e7a ou o in\u00edcio da coloca\u00e7\u00e3o de novas j\u00f3ias.<\/p>\n<p>Al\u00e9m disso, o tit\u00e2nio \u00e9 hipoalerg\u00e9nico, o que torna o Threadless Insertion Pin adequado para clientes sens\u00edveis e para a seguran\u00e7a cont\u00ednua em est\u00fadios de piercing desenvolvidos e mantidos por profissionais. O Threadless Insertion Pin \u00e9 tamb\u00e9m f\u00e1cil de limpar, dur\u00e1vel e fi\u00e1vel. Se \u00e9 um est\u00fadio ou um profissional dedicado \u00e0 precis\u00e3o e ao conforto dos seus clientes, o pino de inser\u00e7\u00e3o sem rosca em tit\u00e2nio \u00e9 a op\u00e7\u00e3o de pino de inser\u00e7\u00e3o fi\u00e1vel e de qualidade superior.<\/p>","protected":false},"excerpt":{"rendered":"<ul>\n<li>Pino de inser\u00e7\u00e3o sem rosca<\/li>\n<li>Material: Tit\u00e2nio de grau de implante F-136<\/li>\n<li>Calibre: 18G - 1mm<\/li>\n<li>Comprimento: 30mm<\/li>\n<\/ul>","protected":false},"featured_media":7187,"comment_status":"closed","ping_status":"closed","template":"","meta":{"_acf_changed":false},"product_brand":[],"product_cat":[328,374],"product_tag":[313,314,311,279,312],"class_list":{"0":"post-13622","1":"product","2":"type-product","3":"status-publish","4":"has-post-thumbnail","6":"product_cat-supplies","7":"product_cat-tools","8":"product_tag-herramientas","9":"product_tag-insercion","10":"product_tag-insertion-pin","11":"product_tag-supplies","12":"product_tag-supply","14":"first","15":"instock","16":"taxable","17":"shipping-taxable","18":"purchasable","19":"product-type-simple"},"acf":[],"gallery_images":[7185,7186],"_links":{"self":[{"href":"https:\/\/tremunpiercing.com\/pt\/wp-json\/wp\/v2\/product\/13622","targetHints":{"allow":["GET"]}}],"collection":[{"href":"https:\/\/tremunpiercing.com\/pt\/wp-json\/wp\/v2\/product"}],"about":[{"href":"https:\/\/tremunpiercing.com\/pt\/wp-json\/wp\/v2\/types\/product"}],"replies":[{"embeddable":true,"href":"https:\/\/tremunpiercing.com\/pt\/wp-json\/wp\/v2\/comments?post=13622"}],"version-history":[{"count":0,"href":"https:\/\/tremunpiercing.com\/pt\/wp-json\/wp\/v2\/product\/13622\/revisions"}],"wp:featuredmedia":[{"embeddable":true,"href":"https:\/\/tremunpiercing.com\/pt\/wp-json\/wp\/v2\/media\/7187"}],"wp:attachment":[{"href":"https:\/\/tremunpiercing.com\/pt\/wp-json\/wp\/v2\/media?parent=13622"}],"wp:term":[{"taxonomy":"product_brand","embeddable":true,"href":"https:\/\/tremunpiercing.com\/pt\/wp-json\/wp\/v2\/product_brand?post=13622"},{"taxonomy":"product_cat","embeddable":true,"href":"https:\/\/tremunpiercing.com\/pt\/wp-json\/wp\/v2\/product_cat?post=13622"},{"taxonomy":"product_tag","embeddable":true,"href":"https:\/\/tremunpiercing.com\/pt\/wp-json\/wp\/v2\/product_tag?post=13622"}],"curies":[{"name":"wp","href":"https:\/\/api.w.org\/{rel}","templated":true}]}}