{"id":15607,"date":"2025-04-14T16:55:18","date_gmt":"2025-04-14T15:55:18","guid":{"rendered":"https:\/\/tremunpiercing.com\/?post_type=product&#038;p=15607"},"modified":"2026-03-23T12:17:17","modified_gmt":"2026-03-23T11:17:17","slug":"septum-clicker-tina-emerald","status":"publish","type":"product","link":"https:\/\/tremunpiercing.com\/pt\/product\/septum-clicker-tina-emerald\/","title":{"rendered":"Pin\u00e7a Septal Tina Emerald"},"content":{"rendered":"<p>O Tina Emerald Septum Clicker \u00e9 um anel clicker elegante concebido para profissionais de piercing, est\u00fadios e distribuidores grossistas. Feito de tit\u00e2nio F-136 para implantes, \u00e9 hipoalerg\u00e9nico para seguran\u00e7a durante toda a vida \u00fatil do piercing e durar\u00e1 mais tempo sem qualquer risco de corros\u00e3o, tornando-o a op\u00e7\u00e3o ideal para clientes com pele sens\u00edvel. O Tina Emerald tem um di\u00e2metro de 10 mm, um calibre de 16G, um comprimento de clicker de 7 mm e est\u00e1 alojado com uma gema de zirc\u00f3nia c\u00fabica esmeralda de 4 mm.<\/p>\n<p>A forma assemelha-se a dois ramos semicirculares que formam um elo. \u00c9 uma pe\u00e7a b\u00e1sica para uso profissional, tem um sistema de fecho respeit\u00e1vel e ser\u00e1 uma boa pe\u00e7a para o dia a dia. A vibra\u00e7\u00e3o da zirc\u00f3nia c\u00fabica esmeralda n\u00e3o passa despercebida, criando uma cor agrad\u00e1vel que chama a aten\u00e7\u00e3o. O Septum Clicker \u00e9 um dos favoritos entre os clientes que preferem op\u00e7\u00f5es mais ousadas e elegantes, e n\u00e3o ir\u00e1 desiludir.<\/p>","protected":false},"excerpt":{"rendered":"<ul>\n<li>Anel de clique<\/li>\n<li>Material: Tit\u00e2nio de grau de implante F-136<\/li>\n<li>Di\u00e2metro: 10mm<\/li>\n<li>Calibre: 16G<\/li>\n<li>Comprimento do dispositivo de clique: 7 mm<\/li>\n<li>Gema: Zirc\u00f3nia c\u00fabica<\/li>\n<\/ul>","protected":false},"featured_media":16177,"comment_status":"closed","ping_status":"closed","template":"","meta":{"_acf_changed":false},"product_brand":[],"product_cat":[341,340],"product_tag":[192,193,202,179,180,194,188,189,195,196,226,190,183,184,197,198],"class_list":{"0":"post-15607","1":"product","2":"type-product","3":"status-publish","4":"has-post-thumbnail","6":"product_cat-rings-titanium-jewelry","7":"product_cat-titanium-jewelry","8":"product_tag-anillo","9":"product_tag-argolla","10":"product_tag-clicker","11":"product_tag-cristal","12":"product_tag-cz","13":"product_tag-daith","14":"product_tag-ear","15":"product_tag-helix","16":"product_tag-hinged-ring","17":"product_tag-nariz","18":"product_tag-opal","19":"product_tag-oreja","20":"product_tag-perforacion","21":"product_tag-piercing","22":"product_tag-ring","23":"product_tag-septum","25":"first","26":"instock","27":"taxable","28":"shipping-taxable","29":"purchasable","30":"product-type-simple"},"acf":[],"gallery_images":[27787,27788],"_links":{"self":[{"href":"https:\/\/tremunpiercing.com\/pt\/wp-json\/wp\/v2\/product\/15607","targetHints":{"allow":["GET"]}}],"collection":[{"href":"https:\/\/tremunpiercing.com\/pt\/wp-json\/wp\/v2\/product"}],"about":[{"href":"https:\/\/tremunpiercing.com\/pt\/wp-json\/wp\/v2\/types\/product"}],"replies":[{"embeddable":true,"href":"https:\/\/tremunpiercing.com\/pt\/wp-json\/wp\/v2\/comments?post=15607"}],"version-history":[{"count":1,"href":"https:\/\/tremunpiercing.com\/pt\/wp-json\/wp\/v2\/product\/15607\/revisions"}],"predecessor-version":[{"id":27789,"href":"https:\/\/tremunpiercing.com\/pt\/wp-json\/wp\/v2\/product\/15607\/revisions\/27789"}],"wp:featuredmedia":[{"embeddable":true,"href":"https:\/\/tremunpiercing.com\/pt\/wp-json\/wp\/v2\/media\/16177"}],"wp:attachment":[{"href":"https:\/\/tremunpiercing.com\/pt\/wp-json\/wp\/v2\/media?parent=15607"}],"wp:term":[{"taxonomy":"product_brand","embeddable":true,"href":"https:\/\/tremunpiercing.com\/pt\/wp-json\/wp\/v2\/product_brand?post=15607"},{"taxonomy":"product_cat","embeddable":true,"href":"https:\/\/tremunpiercing.com\/pt\/wp-json\/wp\/v2\/product_cat?post=15607"},{"taxonomy":"product_tag","embeddable":true,"href":"https:\/\/tremunpiercing.com\/pt\/wp-json\/wp\/v2\/product_tag?post=15607"}],"curies":[{"name":"wp","href":"https:\/\/api.w.org\/{rel}","templated":true}]}}