{"id":15609,"date":"2025-04-14T16:57:09","date_gmt":"2025-04-14T15:57:09","guid":{"rendered":"https:\/\/tremunpiercing.com\/?post_type=product&#038;p=15609"},"modified":"2026-03-31T20:02:51","modified_gmt":"2026-03-31T19:02:51","slug":"septum-clicker-tina-white","status":"publish","type":"product","link":"https:\/\/tremunpiercing.com\/pt\/product\/septum-clicker-tina-white\/","title":{"rendered":"Pin\u00e7a Septal Tina White"},"content":{"rendered":"<p>O Septum Clicker Tina White \u00e9 um anel clicker polido e convert\u00edvel feito de tit\u00e2nio F-136 para implantes. Com um di\u00e2metro de 10 mm num calibre 16G, o comprimento total do clicker \u00e9 de 7 mm. Este design de clicker de qualidade profissional permite um excelente ajuste do ponto de vista do est\u00fadio\/loja de perfura\u00e7\u00e3o. A gema de zirc\u00f3nia c\u00fabica branca d\u00e1 um brilho cl\u00e1ssico e tradicional, adequado para clientes que preferem um visual cl\u00e1ssico. O fecho com clicker \u00e9 f\u00e1cil de manusear, tanto para o perfurador como para o cliente, proporcionando facilidade de acesso, conforto e um ajuste duradouro.<\/p>","protected":false},"excerpt":{"rendered":"<ul>\n<li>Anel de clique<\/li>\n<li>Material: Tit\u00e2nio de grau de implante F-136<\/li>\n<li>Di\u00e2metro: 10mm<\/li>\n<li>Calibre: 16G<\/li>\n<li>Comprimento do dispositivo de clique: 7 mm<\/li>\n<li>Gema: Zirc\u00f3nia c\u00fabica<\/li>\n<\/ul>","protected":false},"featured_media":16175,"comment_status":"closed","ping_status":"closed","template":"","meta":{"_acf_changed":false},"product_brand":[],"product_cat":[341,340],"product_tag":[192,193,202,179,180,194,188,189,195,196,226,190,183,184,197,198],"class_list":{"0":"post-15609","1":"product","2":"type-product","3":"status-publish","4":"has-post-thumbnail","6":"product_cat-rings-titanium-jewelry","7":"product_cat-titanium-jewelry","8":"product_tag-anillo","9":"product_tag-argolla","10":"product_tag-clicker","11":"product_tag-cristal","12":"product_tag-cz","13":"product_tag-daith","14":"product_tag-ear","15":"product_tag-helix","16":"product_tag-hinged-ring","17":"product_tag-nariz","18":"product_tag-opal","19":"product_tag-oreja","20":"product_tag-perforacion","21":"product_tag-piercing","22":"product_tag-ring","23":"product_tag-septum","25":"first","26":"instock","27":"taxable","28":"shipping-taxable","29":"purchasable","30":"product-type-simple"},"acf":[],"gallery_images":[27795,27794],"_links":{"self":[{"href":"https:\/\/tremunpiercing.com\/pt\/wp-json\/wp\/v2\/product\/15609","targetHints":{"allow":["GET"]}}],"collection":[{"href":"https:\/\/tremunpiercing.com\/pt\/wp-json\/wp\/v2\/product"}],"about":[{"href":"https:\/\/tremunpiercing.com\/pt\/wp-json\/wp\/v2\/types\/product"}],"replies":[{"embeddable":true,"href":"https:\/\/tremunpiercing.com\/pt\/wp-json\/wp\/v2\/comments?post=15609"}],"version-history":[{"count":2,"href":"https:\/\/tremunpiercing.com\/pt\/wp-json\/wp\/v2\/product\/15609\/revisions"}],"predecessor-version":[{"id":27796,"href":"https:\/\/tremunpiercing.com\/pt\/wp-json\/wp\/v2\/product\/15609\/revisions\/27796"}],"wp:featuredmedia":[{"embeddable":true,"href":"https:\/\/tremunpiercing.com\/pt\/wp-json\/wp\/v2\/media\/16175"}],"wp:attachment":[{"href":"https:\/\/tremunpiercing.com\/pt\/wp-json\/wp\/v2\/media?parent=15609"}],"wp:term":[{"taxonomy":"product_brand","embeddable":true,"href":"https:\/\/tremunpiercing.com\/pt\/wp-json\/wp\/v2\/product_brand?post=15609"},{"taxonomy":"product_cat","embeddable":true,"href":"https:\/\/tremunpiercing.com\/pt\/wp-json\/wp\/v2\/product_cat?post=15609"},{"taxonomy":"product_tag","embeddable":true,"href":"https:\/\/tremunpiercing.com\/pt\/wp-json\/wp\/v2\/product_tag?post=15609"}],"curies":[{"name":"wp","href":"https:\/\/api.w.org\/{rel}","templated":true}]}}