{"id":15625,"date":"2025-04-14T17:44:37","date_gmt":"2025-04-14T16:44:37","guid":{"rendered":"https:\/\/tremunpiercing.com\/?post_type=product&#038;p=15625"},"modified":"2026-03-29T20:29:20","modified_gmt":"2026-03-29T19:29:20","slug":"athena-black-cz","status":"publish","type":"product","link":"https:\/\/tremunpiercing.com\/pt\/product\/athena-black-cz\/","title":{"rendered":"Athena Preto CZ"},"content":{"rendered":"<p>A Athena Black CZ combina eleg\u00e2ncia e seguran\u00e7a de n\u00edvel profissional, o que \u00e9 essencial para lojas de piercing ou de tatuagens. As j\u00f3ias de tit\u00e2nio com rosca interna, implante de tit\u00e2nio F-136, t\u00eam sido utilizadas h\u00e1 anos em j\u00f3ias de tit\u00e2nio avan\u00e7adas e baseadas no desempenho e proporcionam durabilidade, uso hipoalerg\u00e9nico e m\u00e1ximo conforto para clientes com pele sens\u00edvel.<\/p>\n<p>Uma ousada gema de zirc\u00f3nia c\u00fabica preta proporciona o toque de modernidade que se v\u00ea nas colec\u00e7\u00f5es de piercings mais vendidas a retalho. Esta pe\u00e7a oferece aos piercers um calibre 16G (gauge) e um comprimento de 16, 12 mm, e \u00e9 uma fixa\u00e7\u00e3o visualmente segura e f\u00e1cil de usar para qualquer piercer profissional. Compre j\u00f3ias profissionais para piercing online a um grossista ou distribuidor de confian\u00e7a para adicionar \u00e0 sua cole\u00e7\u00e3o profissional.<\/p>","protected":false},"excerpt":{"rendered":"<ul>\n<li>Rosca interna<\/li>\n<li>Material: Tit\u00e2nio de grau de implante F-136<\/li>\n<li>Calibre: 16G<\/li>\n<li>Gema: Zirc\u00f3nia c\u00fabica<\/li>\n<li>Comprimento: 16,12mm<\/li>\n<\/ul>","protected":false},"featured_media":15626,"comment_status":"closed","ping_status":"closed","template":"","meta":{"_acf_changed":false},"product_brand":[],"product_cat":[340,343],"product_tag":[187,188,209,189,205,206,190,183,184,207],"class_list":{"0":"post-15625","1":"product","2":"type-product","3":"status-publish","4":"has-post-thumbnail","6":"product_cat-titanium-jewelry","7":"product_cat-tops-titanium-jewelry","8":"product_tag-conch","9":"product_tag-ear","10":"product_tag-faux-rook","11":"product_tag-helix","12":"product_tag-lobe","13":"product_tag-lobulo","14":"product_tag-oreja","15":"product_tag-perforacion","16":"product_tag-piercing","17":"product_tag-tragus","19":"first","20":"instock","21":"taxable","22":"shipping-taxable","23":"purchasable","24":"product-type-simple"},"acf":[],"gallery_images":[27642,27643],"_links":{"self":[{"href":"https:\/\/tremunpiercing.com\/pt\/wp-json\/wp\/v2\/product\/15625","targetHints":{"allow":["GET"]}}],"collection":[{"href":"https:\/\/tremunpiercing.com\/pt\/wp-json\/wp\/v2\/product"}],"about":[{"href":"https:\/\/tremunpiercing.com\/pt\/wp-json\/wp\/v2\/types\/product"}],"replies":[{"embeddable":true,"href":"https:\/\/tremunpiercing.com\/pt\/wp-json\/wp\/v2\/comments?post=15625"}],"version-history":[{"count":1,"href":"https:\/\/tremunpiercing.com\/pt\/wp-json\/wp\/v2\/product\/15625\/revisions"}],"predecessor-version":[{"id":27646,"href":"https:\/\/tremunpiercing.com\/pt\/wp-json\/wp\/v2\/product\/15625\/revisions\/27646"}],"wp:featuredmedia":[{"embeddable":true,"href":"https:\/\/tremunpiercing.com\/pt\/wp-json\/wp\/v2\/media\/15626"}],"wp:attachment":[{"href":"https:\/\/tremunpiercing.com\/pt\/wp-json\/wp\/v2\/media?parent=15625"}],"wp:term":[{"taxonomy":"product_brand","embeddable":true,"href":"https:\/\/tremunpiercing.com\/pt\/wp-json\/wp\/v2\/product_brand?post=15625"},{"taxonomy":"product_cat","embeddable":true,"href":"https:\/\/tremunpiercing.com\/pt\/wp-json\/wp\/v2\/product_cat?post=15625"},{"taxonomy":"product_tag","embeddable":true,"href":"https:\/\/tremunpiercing.com\/pt\/wp-json\/wp\/v2\/product_tag?post=15625"}],"curies":[{"name":"wp","href":"https:\/\/api.w.org\/{rel}","templated":true}]}}