{"id":15637,"date":"2025-04-14T18:00:32","date_gmt":"2025-04-14T17:00:32","guid":{"rendered":"https:\/\/tremunpiercing.com\/?post_type=product&#038;p=15637"},"modified":"2026-04-15T15:30:54","modified_gmt":"2026-04-15T14:30:54","slug":"lilbit-push-pin-amethyst","status":"publish","type":"product","link":"https:\/\/tremunpiercing.com\/pt\/product\/lilbit-push-pin-amethyst\/","title":{"rendered":"Alfinete de press\u00e3o Lilbit Ametista"},"content":{"rendered":"<p>O Lilbit Push Pin Amethyst \u00e9 uma linda pe\u00e7a de joalharia que vai criar uma pequena explos\u00e3o de cor para elevar qualquer cole\u00e7\u00e3o de piercings com uma tonalidade lindamente rica, inspirada em pedras preciosas. O design \u00e9 criado com tit\u00e2nio de grau m\u00e9dico F-136, o que significa que \u00e9 seguro, hipoalerg\u00e9nico e super dur\u00e1vel. A brilhante gema de zirc\u00f3nia c\u00fabica ametista reflecte a luz de forma maravilhosa e faz com que seja uma pe\u00e7a preferida por clientes que se inclinam para estilos elegantes mas brilhantes.<\/p>\n<p>Esta pe\u00e7a s\u00f3 pode ser utilizada com os labrets de pino de press\u00e3o e est\u00e1 dispon\u00edvel em v\u00e1rios di\u00e2metros diferentes (1,5 mm-3 mm), o que proporciona aos est\u00fadios profissionais uma valiosa versatilidade e fiabilidade. Esta pe\u00e7a \u00e9 uma adi\u00e7\u00e3o v\u00e1lida de um fabricante de confian\u00e7a e oferece aos clientes j\u00f3ias excelentes que se adaptam ao seu desejo de seguran\u00e7a e estilo.<\/p>","protected":false},"excerpt":{"rendered":"<ul>\n<li>Acess\u00f3rio de pino de press\u00e3o<\/li>\n<li>Compat\u00edvel apenas com os labrets de pino de press\u00e3o<\/li>\n<li>Material: Tit\u00e2nio de grau de implante F-136<\/li>\n<li>Calibre: 25G<\/li>\n<li>Di\u00e2metros: 1,5mm - 2mm - 2,5mm - 3mm<\/li>\n<li>Gema: Zirc\u00f3nia c\u00fabica<\/li>\n<\/ul>","protected":false},"featured_media":15642,"comment_status":"closed","ping_status":"closed","template":"","meta":{"_acf_changed":false},"product_brand":[],"product_cat":[340,343],"product_tag":[218,295,296,187,188,189,205,206,212,190,183,213,184,297,294,207],"class_list":{"0":"post-15637","1":"product","2":"type-product","3":"status-publish","4":"has-post-thumbnail","6":"product_cat-titanium-jewelry","7":"product_cat-tops-titanium-jewelry","8":"product_tag-ball","9":"product_tag-bola","10":"product_tag-bolita","11":"product_tag-conch","12":"product_tag-ear","13":"product_tag-helix","14":"product_tag-lobe","15":"product_tag-lobulo","16":"product_tag-medusa","17":"product_tag-oreja","18":"product_tag-perforacion","19":"product_tag-philtrum","20":"product_tag-piercing","21":"product_tag-repuesto","22":"product_tag-spare","23":"product_tag-tragus","25":"first","26":"instock","27":"taxable","28":"shipping-taxable","29":"purchasable","30":"product-type-variable"},"acf":[],"gallery_images":[27772,27771],"_links":{"self":[{"href":"https:\/\/tremunpiercing.com\/pt\/wp-json\/wp\/v2\/product\/15637","targetHints":{"allow":["GET"]}}],"collection":[{"href":"https:\/\/tremunpiercing.com\/pt\/wp-json\/wp\/v2\/product"}],"about":[{"href":"https:\/\/tremunpiercing.com\/pt\/wp-json\/wp\/v2\/types\/product"}],"replies":[{"embeddable":true,"href":"https:\/\/tremunpiercing.com\/pt\/wp-json\/wp\/v2\/comments?post=15637"}],"version-history":[{"count":1,"href":"https:\/\/tremunpiercing.com\/pt\/wp-json\/wp\/v2\/product\/15637\/revisions"}],"predecessor-version":[{"id":27775,"href":"https:\/\/tremunpiercing.com\/pt\/wp-json\/wp\/v2\/product\/15637\/revisions\/27775"}],"wp:featuredmedia":[{"embeddable":true,"href":"https:\/\/tremunpiercing.com\/pt\/wp-json\/wp\/v2\/media\/15642"}],"wp:attachment":[{"href":"https:\/\/tremunpiercing.com\/pt\/wp-json\/wp\/v2\/media?parent=15637"}],"wp:term":[{"taxonomy":"product_brand","embeddable":true,"href":"https:\/\/tremunpiercing.com\/pt\/wp-json\/wp\/v2\/product_brand?post=15637"},{"taxonomy":"product_cat","embeddable":true,"href":"https:\/\/tremunpiercing.com\/pt\/wp-json\/wp\/v2\/product_cat?post=15637"},{"taxonomy":"product_tag","embeddable":true,"href":"https:\/\/tremunpiercing.com\/pt\/wp-json\/wp\/v2\/product_tag?post=15637"}],"curies":[{"name":"wp","href":"https:\/\/api.w.org\/{rel}","templated":true}]}}