{"id":15643,"date":"2025-04-14T18:02:20","date_gmt":"2025-04-14T17:02:20","guid":{"rendered":"https:\/\/tremunpiercing.com\/?post_type=product&#038;p=15643"},"modified":"2026-04-13T09:11:58","modified_gmt":"2026-04-13T08:11:58","slug":"lilbit-push-pin-topaz-blue","status":"publish","type":"product","link":"https:\/\/tremunpiercing.com\/pt\/product\/lilbit-push-pin-topaz-blue\/","title":{"rendered":"Alfinete de press\u00e3o Lilbit Top\u00e1zio Azul"},"content":{"rendered":"<p>O pino de press\u00e3o Lilbit Topaz Blue vai dar um toque de cor \u00e0 sua cole\u00e7\u00e3o de j\u00f3ias para piercings. Este pino de press\u00e3o feito de tit\u00e2nio F-136 para implantes foi concebido para proporcionar conforto, seguran\u00e7a e um brilho duradouro. A deslumbrante gema de zirc\u00f3nia c\u00fabica azul top\u00e1zio acrescenta uma cor fresca e um destaque vis\u00edvel que os seus clientes v\u00e3o adorar.<\/p>\n<p>Este produto est\u00e1 dispon\u00edvel em di\u00e2metros de 1,5 mm a 3 mm e s\u00f3 \u00e9 compat\u00edvel com pinos de press\u00e3o <a href=\"https:\/\/tremunpiercing.com\/product-category\/titanium-jewelry\/labret-titanium-jeawelry\/\">labirintos<\/a>. Assim, os seus clientes podem us\u00e1-lo de forma segura e profissional. O Lilbit Push Pin Topaz Blue \u00e9 perfeito para fornecedores de j\u00f3ias para piercing, est\u00fadios de tatuagem e distribuidores grossistas de j\u00f3ias para o corpo. Os revendedores v\u00e3o adorar poder oferecer op\u00e7\u00f5es de j\u00f3ias hipoalerg\u00e9nicas e de alta qualidade aos seus clientes.<\/p>","protected":false},"excerpt":{"rendered":"<ul>\n<li>Acess\u00f3rio de pino de press\u00e3o<\/li>\n<li>Compat\u00edvel apenas com os labrets de pino de press\u00e3o<\/li>\n<li>Material: Tit\u00e2nio de grau de implante F-136<\/li>\n<li>Calibre: 25G<\/li>\n<li>Di\u00e2metros: 1,5mm - 2mm - 2,5mm - 3mm<\/li>\n<li>Gema: Zirc\u00f3nia c\u00fabica<\/li>\n<\/ul>","protected":false},"featured_media":15648,"comment_status":"closed","ping_status":"closed","template":"","meta":{"_acf_changed":false},"product_brand":[],"product_cat":[340,343],"product_tag":[218,295,296,187,188,189,205,206,212,190,183,213,184,297,294,207],"class_list":{"0":"post-15643","1":"product","2":"type-product","3":"status-publish","4":"has-post-thumbnail","6":"product_cat-titanium-jewelry","7":"product_cat-tops-titanium-jewelry","8":"product_tag-ball","9":"product_tag-bola","10":"product_tag-bolita","11":"product_tag-conch","12":"product_tag-ear","13":"product_tag-helix","14":"product_tag-lobe","15":"product_tag-lobulo","16":"product_tag-medusa","17":"product_tag-oreja","18":"product_tag-perforacion","19":"product_tag-philtrum","20":"product_tag-piercing","21":"product_tag-repuesto","22":"product_tag-spare","23":"product_tag-tragus","25":"first","26":"instock","27":"taxable","28":"shipping-taxable","29":"purchasable","30":"product-type-variable"},"acf":[],"gallery_images":[27767,27768],"_links":{"self":[{"href":"https:\/\/tremunpiercing.com\/pt\/wp-json\/wp\/v2\/product\/15643","targetHints":{"allow":["GET"]}}],"collection":[{"href":"https:\/\/tremunpiercing.com\/pt\/wp-json\/wp\/v2\/product"}],"about":[{"href":"https:\/\/tremunpiercing.com\/pt\/wp-json\/wp\/v2\/types\/product"}],"replies":[{"embeddable":true,"href":"https:\/\/tremunpiercing.com\/pt\/wp-json\/wp\/v2\/comments?post=15643"}],"version-history":[{"count":1,"href":"https:\/\/tremunpiercing.com\/pt\/wp-json\/wp\/v2\/product\/15643\/revisions"}],"predecessor-version":[{"id":27773,"href":"https:\/\/tremunpiercing.com\/pt\/wp-json\/wp\/v2\/product\/15643\/revisions\/27773"}],"wp:featuredmedia":[{"embeddable":true,"href":"https:\/\/tremunpiercing.com\/pt\/wp-json\/wp\/v2\/media\/15648"}],"wp:attachment":[{"href":"https:\/\/tremunpiercing.com\/pt\/wp-json\/wp\/v2\/media?parent=15643"}],"wp:term":[{"taxonomy":"product_brand","embeddable":true,"href":"https:\/\/tremunpiercing.com\/pt\/wp-json\/wp\/v2\/product_brand?post=15643"},{"taxonomy":"product_cat","embeddable":true,"href":"https:\/\/tremunpiercing.com\/pt\/wp-json\/wp\/v2\/product_cat?post=15643"},{"taxonomy":"product_tag","embeddable":true,"href":"https:\/\/tremunpiercing.com\/pt\/wp-json\/wp\/v2\/product_tag?post=15643"}],"curies":[{"name":"wp","href":"https:\/\/api.w.org\/{rel}","templated":true}]}}