{"id":15649,"date":"2025-04-14T18:06:58","date_gmt":"2025-04-14T17:06:58","guid":{"rendered":"https:\/\/tremunpiercing.com\/?post_type=product&#038;p=15649"},"modified":"2026-04-19T16:14:27","modified_gmt":"2026-04-19T15:14:27","slug":"lilbit-push-pin-black","status":"publish","type":"product","link":"https:\/\/tremunpiercing.com\/pt\/product\/lilbit-push-pin-black\/","title":{"rendered":"Pino de press\u00e3o Lilbit Preto"},"content":{"rendered":"<p>O Lilbit Black Push Pin \u00e9 um acess\u00f3rio elegante e cl\u00e1ssico, concebido especificamente para est\u00fadios profissionais de piercing e retalhistas de piercing. A pe\u00e7a do push pin \u00e9 feita de tit\u00e2nio F-136 de grau de implante, o que garante que \u00e9 seguro, dur\u00e1vel e absolutamente hipoalerg\u00e9nico para piercers instintivos! A pe\u00e7a apresenta uma gema de zirc\u00f3nia c\u00fabica preta que complementa os clientes que pretendem um visual moderno e arrojado. Concebida para ser utilizada com pino de press\u00e3o <a href=\"https:\/\/tremunpiercing.com\/product-category\/titanium-jewelry\/labret-titanium-jeawelry\/\">labirintos<\/a> apenas, est\u00e1 dispon\u00edvel em v\u00e1rios di\u00e2metros iniciais diferentes (1,5 mm-3 mm) para as suas necessidades de piercing. Compre j\u00f3ias para piercing online com confian\u00e7a; como um fabricante conhecido e conceituado, podemos levar o seu est\u00fadio do casual ao profissional!<\/p>","protected":false},"excerpt":{"rendered":"<ul>\n<li>Acess\u00f3rio de pino de press\u00e3o<\/li>\n<li>Compat\u00edvel apenas com os labrets de pino de press\u00e3o<\/li>\n<li>Material: Tit\u00e2nio de grau de implante F-136<\/li>\n<li>Calibre: 25G<\/li>\n<li>Di\u00e2metros: 1,5mm - 2mm - 2,5mm - 3mm<\/li>\n<li>Gema: Zirc\u00f3nia c\u00fabica<\/li>\n<\/ul>","protected":false},"featured_media":15654,"comment_status":"closed","ping_status":"closed","template":"","meta":{"_acf_changed":false},"product_brand":[],"product_cat":[340,343],"product_tag":[218,295,296,187,188,189,205,206,212,190,183,213,184,297,294,207],"class_list":{"0":"post-15649","1":"product","2":"type-product","3":"status-publish","4":"has-post-thumbnail","6":"product_cat-titanium-jewelry","7":"product_cat-tops-titanium-jewelry","8":"product_tag-ball","9":"product_tag-bola","10":"product_tag-bolita","11":"product_tag-conch","12":"product_tag-ear","13":"product_tag-helix","14":"product_tag-lobe","15":"product_tag-lobulo","16":"product_tag-medusa","17":"product_tag-oreja","18":"product_tag-perforacion","19":"product_tag-philtrum","20":"product_tag-piercing","21":"product_tag-repuesto","22":"product_tag-spare","23":"product_tag-tragus","25":"first","26":"instock","27":"taxable","28":"shipping-taxable","29":"purchasable","30":"product-type-variable"},"acf":[],"gallery_images":[27770,27769],"_links":{"self":[{"href":"https:\/\/tremunpiercing.com\/pt\/wp-json\/wp\/v2\/product\/15649","targetHints":{"allow":["GET"]}}],"collection":[{"href":"https:\/\/tremunpiercing.com\/pt\/wp-json\/wp\/v2\/product"}],"about":[{"href":"https:\/\/tremunpiercing.com\/pt\/wp-json\/wp\/v2\/types\/product"}],"replies":[{"embeddable":true,"href":"https:\/\/tremunpiercing.com\/pt\/wp-json\/wp\/v2\/comments?post=15649"}],"version-history":[{"count":1,"href":"https:\/\/tremunpiercing.com\/pt\/wp-json\/wp\/v2\/product\/15649\/revisions"}],"predecessor-version":[{"id":27774,"href":"https:\/\/tremunpiercing.com\/pt\/wp-json\/wp\/v2\/product\/15649\/revisions\/27774"}],"wp:featuredmedia":[{"embeddable":true,"href":"https:\/\/tremunpiercing.com\/pt\/wp-json\/wp\/v2\/media\/15654"}],"wp:attachment":[{"href":"https:\/\/tremunpiercing.com\/pt\/wp-json\/wp\/v2\/media?parent=15649"}],"wp:term":[{"taxonomy":"product_brand","embeddable":true,"href":"https:\/\/tremunpiercing.com\/pt\/wp-json\/wp\/v2\/product_brand?post=15649"},{"taxonomy":"product_cat","embeddable":true,"href":"https:\/\/tremunpiercing.com\/pt\/wp-json\/wp\/v2\/product_cat?post=15649"},{"taxonomy":"product_tag","embeddable":true,"href":"https:\/\/tremunpiercing.com\/pt\/wp-json\/wp\/v2\/product_tag?post=15649"}],"curies":[{"name":"wp","href":"https:\/\/api.w.org\/{rel}","templated":true}]}}