{"id":15667,"date":"2025-04-14T18:17:57","date_gmt":"2025-04-14T17:17:57","guid":{"rendered":"https:\/\/tremunpiercing.com\/?post_type=product&#038;p=15667"},"modified":"2026-04-13T09:11:58","modified_gmt":"2026-04-13T08:11:58","slug":"lilbit-push-pin-emerald","status":"publish","type":"product","link":"https:\/\/tremunpiercing.com\/pt\/product\/lilbit-push-pin-emerald\/","title":{"rendered":"Pino de press\u00e3o Lilbit Esmeralda"},"content":{"rendered":"<h2>Pino de tit\u00e2nio verde-esmeralda com gema CZ<\/h2>\n<p>O Lilbit Push Pin Emerald traz o luxo de um acabamento de pedra preciosa para as j\u00f3ias de piercing sem fio da mais alta qualidade. Fabricado em tit\u00e2nio de grau de implante F-136, tem a garantia de ser hipoalerg\u00e9nico, seguro e dur\u00e1vel, tornando-o fi\u00e1vel para piercers e profissionais de piercing. Concebida e fabricada especificamente para os labrets de pino de press\u00e3o 25G estudados, os tamanhos dispon\u00edveis s\u00e3o 1,5 mm, 2 mm, 2,5 mm e 3 mm, tornando-a incrivelmente flex\u00edvel para v\u00e1rios tipos de piercings.<\/p>\n<p>A zirc\u00f3nia c\u00fabica verde-esmeralda confere-lhe um aspeto de luxo marcante para os clientes que desejam furar j\u00f3ias corporais com pedras preciosas de alta qualidade. Certifique-se de que a sua loja tem este espantoso alfinete de press\u00e3o, uma vez que o alfinete de press\u00e3o esmeralda satisfaz todas as necessidades de seguran\u00e7a profissional, proporcionando aos seus clientes uma est\u00e9tica deslumbrante.<\/p>","protected":false},"excerpt":{"rendered":"<ul>\n<li>Acess\u00f3rio de pino de press\u00e3o<\/li>\n<li>Compat\u00edvel apenas com os labrets de pino de press\u00e3o<\/li>\n<li>Material: Tit\u00e2nio de grau de implante F-136<\/li>\n<li>Calibre: 25G<\/li>\n<li>Di\u00e2metros: 1,5mm - 2mm - 2,5mm - 3mm<\/li>\n<li>Gema: Zirc\u00f3nia c\u00fabica<\/li>\n<\/ul>","protected":false},"featured_media":15672,"comment_status":"closed","ping_status":"closed","template":"","meta":{"_acf_changed":false},"product_brand":[],"product_cat":[340,343],"product_tag":[218,295,296,187,188,189,205,206,212,190,183,213,184,297,294,207],"class_list":{"0":"post-15667","1":"product","2":"type-product","3":"status-publish","4":"has-post-thumbnail","6":"product_cat-titanium-jewelry","7":"product_cat-tops-titanium-jewelry","8":"product_tag-ball","9":"product_tag-bola","10":"product_tag-bolita","11":"product_tag-conch","12":"product_tag-ear","13":"product_tag-helix","14":"product_tag-lobe","15":"product_tag-lobulo","16":"product_tag-medusa","17":"product_tag-oreja","18":"product_tag-perforacion","19":"product_tag-philtrum","20":"product_tag-piercing","21":"product_tag-repuesto","22":"product_tag-spare","23":"product_tag-tragus","25":"first","26":"instock","27":"taxable","28":"shipping-taxable","29":"purchasable","30":"product-type-variable"},"acf":[],"gallery_images":[27761,27760],"_links":{"self":[{"href":"https:\/\/tremunpiercing.com\/pt\/wp-json\/wp\/v2\/product\/15667","targetHints":{"allow":["GET"]}}],"collection":[{"href":"https:\/\/tremunpiercing.com\/pt\/wp-json\/wp\/v2\/product"}],"about":[{"href":"https:\/\/tremunpiercing.com\/pt\/wp-json\/wp\/v2\/types\/product"}],"replies":[{"embeddable":true,"href":"https:\/\/tremunpiercing.com\/pt\/wp-json\/wp\/v2\/comments?post=15667"}],"version-history":[{"count":1,"href":"https:\/\/tremunpiercing.com\/pt\/wp-json\/wp\/v2\/product\/15667\/revisions"}],"predecessor-version":[{"id":27765,"href":"https:\/\/tremunpiercing.com\/pt\/wp-json\/wp\/v2\/product\/15667\/revisions\/27765"}],"wp:featuredmedia":[{"embeddable":true,"href":"https:\/\/tremunpiercing.com\/pt\/wp-json\/wp\/v2\/media\/15672"}],"wp:attachment":[{"href":"https:\/\/tremunpiercing.com\/pt\/wp-json\/wp\/v2\/media?parent=15667"}],"wp:term":[{"taxonomy":"product_brand","embeddable":true,"href":"https:\/\/tremunpiercing.com\/pt\/wp-json\/wp\/v2\/product_brand?post=15667"},{"taxonomy":"product_cat","embeddable":true,"href":"https:\/\/tremunpiercing.com\/pt\/wp-json\/wp\/v2\/product_cat?post=15667"},{"taxonomy":"product_tag","embeddable":true,"href":"https:\/\/tremunpiercing.com\/pt\/wp-json\/wp\/v2\/product_tag?post=15667"}],"curies":[{"name":"wp","href":"https:\/\/api.w.org\/{rel}","templated":true}]}}