{"id":15785,"date":"2025-04-15T18:07:44","date_gmt":"2025-04-15T17:07:44","guid":{"rendered":"https:\/\/tremunpiercing.com\/?post_type=product&#038;p=15785"},"modified":"2026-04-17T17:06:28","modified_gmt":"2026-04-17T16:06:28","slug":"dermal-top-sw-crystal-amethyst","status":"publish","type":"product","link":"https:\/\/tremunpiercing.com\/pt\/product\/dermal-top-sw-crystal-amethyst\/","title":{"rendered":"Dermal Top - SW Cristal Ametista"},"content":{"rendered":"<p>O Dermal Top - SW Crystal Amethyst \u00e9 um excelente produto para body piercers que procuram j\u00f3ias corporais seguras e de alta qualidade. Fabricado em tit\u00e2nio de grau de implante F-136, \u00e9 hipoalerg\u00e9nico, dur\u00e1vel e adequado para utiliza\u00e7\u00e3o por profissionais de piercing corporal. \u00c9 roscado internamente, o que significa que pode ser aplicado suavemente em piercings corporais e fixado corretamente. Isto torna-o ideal para piercings d\u00e9rmicos colocados sob a superf\u00edcie da pele numa s\u00e9rie de \u00e1reas diferentes do corpo, e o tamanho torna-o flex\u00edvel para est\u00fadios e clientes. O cristal Amethyst SW acrescenta um acabamento p\u00farpura profundo, semelhante ao real, com uma cor vibrante que deixar\u00e1 os seus clientes satisfeitos.<\/p>","protected":false},"excerpt":{"rendered":"<ul>\n<li>Rosca interna<\/li>\n<li>Material: Tit\u00e2nio de grau de implante F-136<\/li>\n<li>Di\u00e2metro: 2,5mm - 3mm - 4mm - 5mm<\/li>\n<li>Calibre: 16G - 14G<\/li>\n<\/ul>","protected":false},"featured_media":15798,"comment_status":"closed","ping_status":"closed","template":"","meta":{"_acf_changed":false},"product_brand":[],"product_cat":[442,340,343],"product_tag":[187,215,216,188,189,210,211,212,190,183,213,184,207],"class_list":{"0":"post-15785","1":"product","2":"type-product","3":"status-publish","4":"has-post-thumbnail","6":"product_cat-sw","7":"product_cat-titanium-jewelry","8":"product_cat-tops-titanium-jewelry","9":"product_tag-conch","10":"product_tag-dermal-top","11":"product_tag-disc","12":"product_tag-ear","13":"product_tag-helix","14":"product_tag-labret","15":"product_tag-lip","16":"product_tag-medusa","17":"product_tag-oreja","18":"product_tag-perforacion","19":"product_tag-philtrum","20":"product_tag-piercing","21":"product_tag-tragus","23":"first","24":"instock","25":"taxable","26":"shipping-taxable","27":"purchasable","28":"product-type-variable"},"acf":[],"gallery_images":[27719,27718],"_links":{"self":[{"href":"https:\/\/tremunpiercing.com\/pt\/wp-json\/wp\/v2\/product\/15785","targetHints":{"allow":["GET"]}}],"collection":[{"href":"https:\/\/tremunpiercing.com\/pt\/wp-json\/wp\/v2\/product"}],"about":[{"href":"https:\/\/tremunpiercing.com\/pt\/wp-json\/wp\/v2\/types\/product"}],"replies":[{"embeddable":true,"href":"https:\/\/tremunpiercing.com\/pt\/wp-json\/wp\/v2\/comments?post=15785"}],"version-history":[{"count":1,"href":"https:\/\/tremunpiercing.com\/pt\/wp-json\/wp\/v2\/product\/15785\/revisions"}],"predecessor-version":[{"id":27720,"href":"https:\/\/tremunpiercing.com\/pt\/wp-json\/wp\/v2\/product\/15785\/revisions\/27720"}],"wp:featuredmedia":[{"embeddable":true,"href":"https:\/\/tremunpiercing.com\/pt\/wp-json\/wp\/v2\/media\/15798"}],"wp:attachment":[{"href":"https:\/\/tremunpiercing.com\/pt\/wp-json\/wp\/v2\/media?parent=15785"}],"wp:term":[{"taxonomy":"product_brand","embeddable":true,"href":"https:\/\/tremunpiercing.com\/pt\/wp-json\/wp\/v2\/product_brand?post=15785"},{"taxonomy":"product_cat","embeddable":true,"href":"https:\/\/tremunpiercing.com\/pt\/wp-json\/wp\/v2\/product_cat?post=15785"},{"taxonomy":"product_tag","embeddable":true,"href":"https:\/\/tremunpiercing.com\/pt\/wp-json\/wp\/v2\/product_tag?post=15785"}],"curies":[{"name":"wp","href":"https:\/\/api.w.org\/{rel}","templated":true}]}}